{"id":154,"date":"2016-03-17T09:13:44","date_gmt":"2016-03-17T09:13:44","guid":{"rendered":"http:\/\/ormco.es\/ormco\/mision\/"},"modified":"2024-10-30T16:17:32","modified_gmt":"2024-10-30T16:17:32","slug":"mission","status":"publish","type":"page","link":"https:\/\/ormcoeurope.com\/fr\/ormco\/mission\/","title":{"rendered":"Mission"},"content":{"rendered":"<div class=\"wpb-content-wrapper\"><p>[vc_section full_width=&#8221;stretch_row_content&#8221; el_class=&#8221;no-margin&#8221;][vc_row full_width=&#8221;stretch_row_content_no_spaces&#8221;][vc_column]<div class=\"banner banner--overlay  layout--content-right\" id=\"\" style=\"background-color: #0e1e4c\"><div class=\"banner-media visible-xs visible-sm\"><img loading=\"lazy\" decoding=\"async\" width=\"1024\" height=\"683\" src=\"https:\/\/ormcoeurope.com\/fr\/wp-content\/uploads\/sites\/36\/2024\/01\/About-Ormco-1024x683.jpg\" class=\"attachment-large size-large\" alt=\"\" srcset=\"https:\/\/ormcoeurope.com\/fr\/wp-content\/uploads\/sites\/36\/2024\/01\/About-Ormco-1024x683.jpg 1024w, https:\/\/ormcoeurope.com\/fr\/wp-content\/uploads\/sites\/36\/2024\/01\/About-Ormco-300x200.jpg 300w, https:\/\/ormcoeurope.com\/fr\/wp-content\/uploads\/sites\/36\/2024\/01\/About-Ormco-768x512.jpg 768w, https:\/\/ormcoeurope.com\/fr\/wp-content\/uploads\/sites\/36\/2024\/01\/About-Ormco-1536x1024.jpg 1536w, https:\/\/ormcoeurope.com\/fr\/wp-content\/uploads\/sites\/36\/2024\/01\/About-Ormco-2048x1366.jpg 2048w, https:\/\/ormcoeurope.com\/fr\/wp-content\/uploads\/sites\/36\/2024\/01\/About-Ormco-660x440.jpg 660w, https:\/\/ormcoeurope.com\/fr\/wp-content\/uploads\/sites\/36\/2024\/01\/About-Ormco-100x67.jpg 100w\" sizes=\"auto, (max-width: 1024px) 100vw, 1024px\" \/><\/div><div class=\"banner-media visible-md visible-lg\"><img loading=\"lazy\" decoding=\"async\" width=\"2500\" height=\"1667\" src=\"https:\/\/ormcoeurope.com\/fr\/wp-content\/uploads\/sites\/36\/2024\/01\/About-Ormco.jpg\" class=\"attachment-full size-full\" alt=\"\" srcset=\"https:\/\/ormcoeurope.com\/fr\/wp-content\/uploads\/sites\/36\/2024\/01\/About-Ormco.jpg 2500w, https:\/\/ormcoeurope.com\/fr\/wp-content\/uploads\/sites\/36\/2024\/01\/About-Ormco-300x200.jpg 300w, https:\/\/ormcoeurope.com\/fr\/wp-content\/uploads\/sites\/36\/2024\/01\/About-Ormco-1024x683.jpg 1024w, https:\/\/ormcoeurope.com\/fr\/wp-content\/uploads\/sites\/36\/2024\/01\/About-Ormco-768x512.jpg 768w, https:\/\/ormcoeurope.com\/fr\/wp-content\/uploads\/sites\/36\/2024\/01\/About-Ormco-1536x1024.jpg 1536w, https:\/\/ormcoeurope.com\/fr\/wp-content\/uploads\/sites\/36\/2024\/01\/About-Ormco-2048x1366.jpg 2048w, https:\/\/ormcoeurope.com\/fr\/wp-content\/uploads\/sites\/36\/2024\/01\/About-Ormco-660x440.jpg 660w, https:\/\/ormcoeurope.com\/fr\/wp-content\/uploads\/sites\/36\/2024\/01\/About-Ormco-100x67.jpg 100w\" sizes=\"auto, (max-width: 2500px) 100vw, 2500px\" \/><\/div><div class=\"container\" ><div class=\"banner-content content-wrap\" ><div class=\"content content--white\" ><h2><strong><a href=\"https:\/\/ormcoeurope.com\/fr\/wp-content\/uploads\/sites\/36\/2024\/01\/Ormco-logo_White_RGB.svg\"><img loading=\"lazy\" decoding=\"async\" class=\"alignnone wp-image-5697\" src=\"https:\/\/ormcoeurope.com\/fr\/wp-content\/uploads\/sites\/36\/2024\/01\/Ormco-logo_White_RGB.svg\" alt=\"\" width=\"168\" height=\"66\" \/><\/a><br \/>\n<\/strong><\/h2>\n<p><span class=\"ormco-underline\">\u00a0\u00a0<\/span><\/p>\n<h3>Avec plus de 60 ans d&#8217;exp\u00e9rience en orthodontie, de l&#8217;innovation des produits \u00e0 la formation, nous vous aidons \u00e0 cr\u00e9er de beaux sourires.<\/h3>\n<\/div><div class=\"mt-30\"><div class=\"vc_btn3-container vc_btn3-inline\"><a href=\"https:\/\/ormcoeurope.com\/fr\/produits\/\" class=\"vc_general vc_btn3 vc_btn3-size-md vc_btn3-style-btn vc_btn3-color-primary \" target=\"\">D\u00e9couvrez nos produits<\/a><\/div><\/div><\/div><\/div><\/div>[\/vc_column][\/vc_row][\/vc_section][vc_section][vc_row equal_height=&#8221;yes&#8221; content_placement=&#8221;middle&#8221;][vc_column width=&#8221;1\/2&#8243;][vc_column_text]<\/p>\n<h2 style=\"text-align: right;\"><span class=\"text-secondary\" style=\"color: #0e1e4c;\">Plus de 60 ans<br \/>\nde sourires<\/span><\/h2>\n<p style=\"text-align: right;\"><span class=\"ormco-underline text-secondary\">\u00a0\u00a0<\/span><\/p>\n<p style=\"text-align: right;\"><span class=\"text-secondary\">Depuis plus de 60 ans, nous nous effor\u00e7ons de vous aider \u00e0 offrir la meilleure exp\u00e9rience possible \u00e0 vos clients, en collaborant avec vous pour mieux comprendre vos besoins et vos d\u00e9fis.<\/span><\/p>\n<p style=\"text-align: right;\"><span class=\"text-secondary\">En mettant l&#8217;accent sur l&#8217;innovation inspir\u00e9e par vous et en adoptant un \u00e9tat d&#8217;esprit d&#8217;apprentissage permanent, nous veillons \u00e0 ce que vous ayez toujours acc\u00e8s \u00e0 la technologie la plus r\u00e9cente, pour d\u00e9velopper vos pratiques gr\u00e2ce \u00e0 des patients satisfaits. Gr\u00e2ce \u00e0 un investissement continu dans la recherche et le d\u00e9veloppement, nos solutions permettent aux cabinets d&#8217;am\u00e9liorer le sourire de leurs patients.<\/span><\/p>\n<p>[\/vc_column_text][vc_empty_space][\/vc_column][vc_column width=&#8221;1\/2&#8243;][vc_single_image image=&#8221;5717&#8243; img_size=&#8221;full&#8221;][vc_empty_space][\/vc_column][\/vc_row][\/vc_section][vc_section][vc_row][vc_column width=&#8221;1\/2&#8243;][vc_single_image image=&#8221;5716&#8243; img_size=&#8221;full&#8221;][vc_empty_space][\/vc_column][vc_column width=&#8221;1\/2&#8243;][vc_column_text]<\/p>\n<h2><span class=\"text-secondary\" style=\"color: #0e1e4c;\">Orthodontie : rien de plus, rien de moins<\/span><\/h2>\n<p><span class=\"ormco-underline text-secondary\">\u00a0\u00a0<\/span><\/p>\n<p><span class=\"text-secondary\">Ormco est le leader mondial de l&#8217;orthodontie. Nous proposons une gamme compl\u00e8te de produits orthodontiques, rien de plus, rien de moins. Cela vous donne la libert\u00e9 clinique de d\u00e9velopper vos pratiques de la mani\u00e8re qui vous convient le mieux, en collaboration avec Ormco. En tant que membre du groupe Envista, Ormco offre une gamme compl\u00e8te de solutions orthodontiques pour r\u00e9pondre aux besoins de chaque patient.<\/span><\/p>\n<p><span class=\"text-secondary\">Choisissez Ormco &#8211;<strong> un seul partenaire pour tous vos besoins.<\/strong><\/span>[\/vc_column_text][vc_empty_space height=&#8221;20px&#8221;][vc_btn title=&#8221;D\u00e9couvrez nos produits&#8221; style=&#8221;btn&#8221; color=&#8221;primary&#8221; link=&#8221;url:https%3A%2F%2Formcoeurope.com%2Ffr%2Fproduits%2F|title:Produits&#8221;][vc_empty_space][\/vc_column][\/vc_row][\/vc_section][vc_section][vc_row equal_height=&#8221;yes&#8221; content_placement=&#8221;middle&#8221;][vc_column width=&#8221;1\/2&#8243;][vc_column_text]<\/p>\n<h2><span class=\"text-secondary\">Nous vous formons et vous donnons les moyens d&#8217;agir<\/span><\/h2>\n<p><span class=\"ormco-underline text-secondary\">\u00a0\u00a0<\/span><\/p>\n<p><span class=\"text-secondary\">Avec des consommateurs de plus en plus avertis, qui prennent leurs d\u00e9cisions en ligne, nous comprenons le r\u00f4le vital que vous jouez en guidant les patients \u00e0 faire le meilleur choix pour leur traitement dans un environnement de plus en plus complexe.<\/span><\/p>\n<p><strong><span class=\"text-secondary\">Ormco vous forme et vous pr\u00e9pare \u00e0 l&#8217;avenir de votre pratique.<\/span><\/strong>[\/vc_column_text][vc_empty_space height=&#8221;20px&#8221;][vc_btn title=&#8221;D\u00e9couvrez nos formations&#8221; style=&#8221;btn&#8221; color=&#8221;primary&#8221; link=&#8221;url:https%3A%2F%2Formcoeurope.com%2Ffr%2Feducation%2F|title:Education&#8221;][vc_empty_space][\/vc_column][vc_column width=&#8221;1\/2&#8243;][vc_single_image image=&#8221;5714&#8243; img_size=&#8221;large&#8221;][vc_empty_space][\/vc_column][\/vc_row][\/vc_section][vc_section full_width=&#8221;stretch_row&#8221; css=&#8221;.vc_custom_1704972754794{background-color: #0e1e4c !important;}&#8221;][vc_row el_class=&#8221;layout&#8211;content-right&#8221;][vc_column][vc_column_text el_class=&#8221;wpb_text_column&#8211;white&#8221;]<\/p>\n<h2>Recevez newsletter mensuelle d&#8217;Ormco par email<\/h2>\n<p>Chaque mois, nous envoyons une newsletter pour vous informer des derniers d\u00e9veloppements de produits, des \u00e9tudes de cas et des cours et \u00e9v\u00e9nements \u00e0 venir ![\/vc_column_text][vc_empty_space height=&#8221;20px&#8221;]<div class=\"vc_btn3-container vc_btn3-inline\">\n                                            <button type=\"button\" class=\"vc_general vc_btn3 vc_btn3-size-md vc_btn3-style-btn vc_btn3-color-primary\"\n                                                    data-toggle=\"modal\" data-target=\"#modal-sabonner-668\">S&#039;abonner<\/button><\/div><div class=\"modal fade\" id=\"modal-sabonner-668\" tabindex=\"-1\"\n                                 aria-labelledby=\"sabonner-668\" aria-hidden=\"true\">\n                                <div class=\"modal-dialog modal-dialog-centered\">\n                                    <div class=\"modal-content content content--default\">\n                                        <div class=\"modal-header\">\n                                             <button type=\"button\" class=\"close\" data-dismiss=\"modal\" aria-label=\"Close\">\n                                                 <svg class=\"svg-icon\" style=\"fill: #666666; overflow: hidden;\" viewBox=\"0 0 1024 1024\"\n                                                      version=\"1.1\" xmlns=\"http:\/\/www.w3.org\/2000\/svg\">\n                                                      <path d=\"M4.43392 97.36192l90.5088-90.5088 923.18976 923.18976-90.5088 90.5088-923.18976-923.18976ZM930.04288 4.43392l90.5088 90.5088-923.18976 923.18976-90.5088-90.5088 923.18976-923.18976Z\"\/>\n                                                 <\/svg>\n                                             <\/button><h2>Recevez newsletter mensuelle d&#8217;Ormco par email<\/h2>\n<\/div><div class=\"modal-body\"><script charset=\"utf-8\" type=\"text\/javascript\" src=\"\/\/js.hsforms.net\/forms\/v2.js\"><\/script>\n                                <script>\n                                    hbspt.forms.create({\n                                       portalId: \"\",\n                                       formId: \"32ba47d0-bfb9-4f05-b82d-5059a2d20f90\",\n                                    });\n                                <\/script><\/div><\/div><\/div><\/div>[\/vc_column][\/vc_row][\/vc_section][vc_section][vc_row][vc_column][vc_column_text]<\/p>\n<h2><span style=\"color: #0e1e4c;\">\u00c0 quoi ressemble l&#8217;avenir ?<\/span><\/h2>\n<p><span class=\"ormco-underline\">\u00a0\u00a0<\/span>[\/vc_column_text][vc_empty_space height=&#8221;40px&#8221;][\/vc_column][\/vc_row][vc_row][vc_column width=&#8221;1\/2&#8243;][vc_column_text]<span class=\"text-secondary\">Cette question nous passionne toujours, car l&#8217;avenir n&#8217;est pas un fait acquis. Il y a toujours un sentiment de possibilit\u00e9.<\/span><\/p>\n<p><span class=\"text-secondary\">Lorsque l&#8217;avenir est votre moteur, vous cherchez toujours \u00e0 redresser un tort, \u00e0 aller de l&#8217;avant, \u00e0 prendre les devants. Il s&#8217;agit d&#8217;une am\u00e9lioration continue.<\/span><\/p>\n<p><span class=\"text-secondary\">L&#8217;orthodontie nous fascine. Notre avenir consiste \u00e0 aider les orthodontistes comme vous, \u00e0 donner du pouvoir \u00e0 leurs patients. Nous \u00e9largissons les possibilit\u00e9s de la pratique orthodontique avec de nouvelles solutions qui peuvent changer la vie d&#8217;un patient.<\/span><\/p>\n<p><span class=\"text-secondary\">Nos clients appr\u00e9cient la qualit\u00e9 d&#8217;Ormco et notre capacit\u00e9 \u00e0 int\u00e9grer leurs retours sur les produits afin de les rendre meilleurs. Nous vous aidons \u00e0 comprendre tous vos patients afin de leur proposer des solutions adapt\u00e9es \u00e0 leurs besoins.<\/span>[\/vc_column_text][\/vc_column][vc_column width=&#8221;1\/2&#8243;][vc_column_text]<span class=\"text-secondary\">Le parcours d&#8217;Ormco a \u00e9volu\u00e9 pour devenir l&#8217;un des acteurs les plus importants de l&#8217;industrie, englobant une large gamme de produits innovants pour vos pratiques. Nous sommes fiers des 60 ann\u00e9es que nous avons pass\u00e9es en tant que partenaire cl\u00e9 de la communaut\u00e9 orthodontique \u00e0 travers tous les points de contact. De l&#8217;ing\u00e9nierie \u00e0 la formation, en passant par la conception et la fabrication, nos solutions innovantes ont am\u00e9lior\u00e9 la pratique de nos clients et la vie de leurs patients.<\/span><\/p>\n<p><span class=\"text-secondary\">Nous savons qu&#8217;un sourire peut faire la diff\u00e9rence et nous nous engageons \u00e0 d\u00e9finir l&#8217;avenir de l&#8217;orthodontie pour vous aider \u00e0 mettre en \u0153uvre le bon traitement dans les meilleurs d\u00e9lais et avec les meilleurs r\u00e9sultats.<\/span><\/p>\n<p><span class=\"text-secondary\">Nous nous sommes donn\u00e9s pour mission de rester \u00e0 la pointe du progr\u00e8s. Non seulement pour que vous puissiez offrir des sourires aujourd&#8217;hui, mais aussi pour que vous puissiez acc\u00e9der aux innovations qui vous aideront \u00e0 offrir les sourires de demain.<\/span><\/p>\n<p><span class=\"text-secondary\">Nous vous formerons, nous vous soutiendrons et nous vous aiderons \u00e0 changer des vies.<\/span><\/p>\n<p><span class=\"text-secondary\"><strong>Ormco &#8211; Ensemble pour l&#8217;avenir de l&#8217;orthodontie.<\/strong><\/span>[\/vc_column_text][\/vc_column][\/vc_row][vc_row][vc_column][vc_empty_space height=&#8221;60px&#8221;][\/vc_column][\/vc_row][\/vc_section]<\/p>\n<\/div>","protected":false},"excerpt":{"rendered":"<p>[vc_section full_width=&#8221;stretch_row_content&#8221; el_class=&#8221;no-margin&#8221;][vc_row full_width=&#8221;stretch_row_content_no_spaces&#8221;][vc_column][\/vc_column][\/vc_row][\/vc_section][vc_section][vc_row equal_height=&#8221;yes&#8221; content_placement=&#8221;middle&#8221;][vc_column width=&#8221;1\/2&#8243;][vc_column_text] Plus de 60 ans de sourires \u00a0\u00a0 Depuis plus de 60 ans, nous nous effor\u00e7ons de vous aider \u00e0 offrir la meilleure exp\u00e9rience possible \u00e0 vos clients, en collaborant avec vous pour mieux comprendre vos besoins et vos d\u00e9fis. En mettant l&#8217;accent sur l&#8217;innovation inspir\u00e9e par vous et [&hellip;]<\/p>\n","protected":false},"author":2,"featured_media":0,"parent":153,"menu_order":4,"comment_status":"closed","ping_status":"closed","template":"template-contenido.php","meta":{"_acf_changed":false,"inline_featured_image":false,"footnotes":""},"class_list":["post-154","page","type-page","status-publish","hentry"],"acf":[],"_links":{"self":[{"href":"https:\/\/ormcoeurope.com\/fr\/wp-json\/wp\/v2\/pages\/154","targetHints":{"allow":["GET"]}}],"collection":[{"href":"https:\/\/ormcoeurope.com\/fr\/wp-json\/wp\/v2\/pages"}],"about":[{"href":"https:\/\/ormcoeurope.com\/fr\/wp-json\/wp\/v2\/types\/page"}],"author":[{"embeddable":true,"href":"https:\/\/ormcoeurope.com\/fr\/wp-json\/wp\/v2\/users\/2"}],"replies":[{"embeddable":true,"href":"https:\/\/ormcoeurope.com\/fr\/wp-json\/wp\/v2\/comments?post=154"}],"version-history":[{"count":12,"href":"https:\/\/ormcoeurope.com\/fr\/wp-json\/wp\/v2\/pages\/154\/revisions"}],"predecessor-version":[{"id":5940,"href":"https:\/\/ormcoeurope.com\/fr\/wp-json\/wp\/v2\/pages\/154\/revisions\/5940"}],"up":[{"embeddable":true,"href":"https:\/\/ormcoeurope.com\/fr\/wp-json\/wp\/v2\/pages\/153"}],"wp:attachment":[{"href":"https:\/\/ormcoeurope.com\/fr\/wp-json\/wp\/v2\/media?parent=154"}],"curies":[{"name":"wp","href":"https:\/\/api.w.org\/{rel}","templated":true}]}}