{"id":7409,"date":"2024-09-17T13:00:34","date_gmt":"2024-09-17T13:00:34","guid":{"rendered":"https:\/\/ormcoeurope.com\/fr\/?page_id=7409"},"modified":"2025-05-12T11:34:39","modified_gmt":"2025-05-12T11:34:39","slug":"symetri-2","status":"publish","type":"page","link":"https:\/\/ormcoeurope.com\/fr\/symetri\/","title":{"rendered":"Symetri"},"content":{"rendered":"<div class=\"wpb-content-wrapper\"><p>[vc_row full_width=&#8221;stretch_row_content_no_spaces&#8221;][vc_column]<div class=\"banner   layout--content-left\" id=\"\" style=\"background-color: #9dd6e6\"><div class=\"banner-media visible-xs visible-sm\"><img loading=\"lazy\" decoding=\"async\" width=\"1024\" height=\"595\" src=\"https:\/\/ormcoeurope.com\/fr\/wp-content\/uploads\/sites\/36\/2024\/09\/03.-Symetri-Hero-Banner-responsive-1024x595.png\" class=\"attachment-large size-large\" alt=\"\" srcset=\"https:\/\/ormcoeurope.com\/fr\/wp-content\/uploads\/sites\/36\/2024\/09\/03.-Symetri-Hero-Banner-responsive-1024x595.png 1024w, https:\/\/ormcoeurope.com\/fr\/wp-content\/uploads\/sites\/36\/2024\/09\/03.-Symetri-Hero-Banner-responsive-300x174.png 300w, https:\/\/ormcoeurope.com\/fr\/wp-content\/uploads\/sites\/36\/2024\/09\/03.-Symetri-Hero-Banner-responsive-768x447.png 768w, https:\/\/ormcoeurope.com\/fr\/wp-content\/uploads\/sites\/36\/2024\/09\/03.-Symetri-Hero-Banner-responsive-1536x893.png 1536w, https:\/\/ormcoeurope.com\/fr\/wp-content\/uploads\/sites\/36\/2024\/09\/03.-Symetri-Hero-Banner-responsive-100x58.png 100w, https:\/\/ormcoeurope.com\/fr\/wp-content\/uploads\/sites\/36\/2024\/09\/03.-Symetri-Hero-Banner-responsive.png 1682w\" sizes=\"auto, (max-width: 1024px) 100vw, 1024px\" \/><\/div><div class=\"banner-media visible-md visible-lg\"><img loading=\"lazy\" decoding=\"async\" width=\"2048\" height=\"782\" src=\"https:\/\/ormcoeurope.com\/fr\/wp-content\/uploads\/sites\/36\/2024\/09\/02.-Symetri-banner-1.0.png\" class=\"attachment-full size-full\" alt=\"\" srcset=\"https:\/\/ormcoeurope.com\/fr\/wp-content\/uploads\/sites\/36\/2024\/09\/02.-Symetri-banner-1.0.png 2048w, https:\/\/ormcoeurope.com\/fr\/wp-content\/uploads\/sites\/36\/2024\/09\/02.-Symetri-banner-1.0-300x115.png 300w, https:\/\/ormcoeurope.com\/fr\/wp-content\/uploads\/sites\/36\/2024\/09\/02.-Symetri-banner-1.0-1024x391.png 1024w, https:\/\/ormcoeurope.com\/fr\/wp-content\/uploads\/sites\/36\/2024\/09\/02.-Symetri-banner-1.0-768x293.png 768w, https:\/\/ormcoeurope.com\/fr\/wp-content\/uploads\/sites\/36\/2024\/09\/02.-Symetri-banner-1.0-1536x587.png 1536w, https:\/\/ormcoeurope.com\/fr\/wp-content\/uploads\/sites\/36\/2024\/09\/02.-Symetri-banner-1.0-100x38.png 100w\" sizes=\"auto, (max-width: 2048px) 100vw, 2048px\" \/><\/div><div class=\"container\" ><div class=\"banner-content content-wrap\" ><div class=\"content content--white\" ><h2><img loading=\"lazy\" decoding=\"async\" class=\"alignnone wp-image-7410 \" src=\"https:\/\/ormcoeurope.com\/fr\/wp-content\/uploads\/sites\/36\/2024\/09\/Symetri-Logo-white-blue-300x137.png\" alt=\"\" width=\"247\" height=\"113\" srcset=\"https:\/\/ormcoeurope.com\/fr\/wp-content\/uploads\/sites\/36\/2024\/09\/Symetri-Logo-white-blue-300x137.png 300w, https:\/\/ormcoeurope.com\/fr\/wp-content\/uploads\/sites\/36\/2024\/09\/Symetri-Logo-white-blue-1024x468.png 1024w, https:\/\/ormcoeurope.com\/fr\/wp-content\/uploads\/sites\/36\/2024\/09\/Symetri-Logo-white-blue-768x351.png 768w, https:\/\/ormcoeurope.com\/fr\/wp-content\/uploads\/sites\/36\/2024\/09\/Symetri-Logo-white-blue-1536x702.png 1536w, https:\/\/ormcoeurope.com\/fr\/wp-content\/uploads\/sites\/36\/2024\/09\/Symetri-Logo-white-blue-100x46.png 100w, https:\/\/ormcoeurope.com\/fr\/wp-content\/uploads\/sites\/36\/2024\/09\/Symetri-Logo-white-blue.png 1900w\" sizes=\"auto, (max-width: 247px) 100vw, 247px\" \/><\/h2>\n<p><span class=\"ormco-underline\">\u00a0\u00a0<\/span><\/p>\n<h1><span class=\"text-secondary\">Bracket transparent avec une r\u00e9sistance am\u00e9lior\u00e9e et une esth\u00e9tique de pointe<\/span><\/h1>\n<\/div><div class=\"mt-30\"><div class=\"vc_btn3-container vc_btn3-inline\"><button type=\"button\" class=\"vc_general vc_btn3 vc_btn3-size-md vc_btn3-style-btn vc_btn3-color-primary \" data-toggle=\"modal\" data-target=\"#modal-demandez-une-demonstration-484\">Demandez une d\u00e9monstration !<\/button><\/div><div class=\"modal fade\" id=\"modal-demandez-une-demonstration-484\" tabindex=\"-1\"\n                                 aria-labelledby=\"demandez-une-demonstration-484\" aria-hidden=\"true\">\n                                <div class=\"modal-dialog modal-dialog-centered\">\n                                    <div class=\"modal-content content content--default\">\n                                        <div class=\"modal-header\">\n                                             <button type=\"button\" class=\"close\" data-dismiss=\"modal\" aria-label=\"Close\">\n                                                 <svg class=\"svg-icon\" style=\"fill: #666666; overflow: hidden;\" viewBox=\"0 0 1024 1024\"\n                                                      version=\"1.1\" xmlns=\"http:\/\/www.w3.org\/2000\/svg\">\n                                                      <path d=\"M4.43392 97.36192l90.5088-90.5088 923.18976 923.18976-90.5088 90.5088-923.18976-923.18976ZM930.04288 4.43392l90.5088 90.5088-923.18976 923.18976-90.5088-90.5088 923.18976-923.18976Z\"\/>\n                                                 <\/svg>\n                                             <\/button><\/div><div class=\"modal-body\"><script charset=\"utf-8\" type=\"text\/javascript\" src=\"\/\/js.hsforms.net\/forms\/v2.js\"><\/script>\n                                                <script>\n                                                    hbspt.forms.create({\n                                                       portalId: \"\",\n                                                       formId: \"1c964b1c-a15b-4550-b462-9212674469e8\",\n                                                    });\n                                                <\/script><\/div><\/div><\/div><\/div><\/div><\/div><\/div><\/div>[\/vc_column][\/vc_row][vc_section full_width=&#8221;stretch_row&#8221; css=&#8221;.vc_custom_1715001316230{background-color: #ffffffff !important;}&#8221; el_class=&#8221;no-margin&#8221;][vc_row full_width=&#8221;stretch_row&#8221; equal_height=&#8221;yes&#8221; css=&#8221;.vc_custom_1715001520736{padding-bottom: 40px !important;}&#8221;][vc_column][vc_column_text css=&#8221;&#8221;]<\/p>\n<h3><span class=\"text-secondary\">Bracket esth\u00e9tique de pointe<\/span><\/h3>\n<h3><span class=\"ormco-underline\">\u00a0\u00a0<\/span><\/h3>\n<p><span class=\"text-secondary\">Symetri Clear est un bracket esth\u00e9tique con\u00e7u pour une r\u00e9sistance am\u00e9lior\u00e9e, un confort optimal pour le patient et une d\u00e9pose et un repositionnement faciles et s\u00fbrs en une seule pi\u00e8ce.<span class=\"text-secondary\" style=\"color: #0d1d4c;\"><sup>1<\/sup><\/span><\/span>[\/vc_column_text][\/vc_column][\/vc_row][vc_row][vc_column][vc_single_image image=&#8221;7451&#8243; img_size=&#8221;full&#8221; alignment=&#8221;center&#8221; css=&#8221;&#8221;][\/vc_column][\/vc_row][\/vc_section][vc_section full_width=&#8221;stretch_row&#8221; el_class=&#8221;no-margin&#8221; css=&#8221;.vc_custom_1713886866403{background-color: #bbe4ef !important;}&#8221;][vc_row full_width=&#8221;stretch_row&#8221;][vc_column width=&#8221;1\/2&#8243;][vc_single_image image=&#8221;7447&#8243; img_size=&#8221;large&#8221; css=&#8221;&#8221;][\/vc_column][vc_column width=&#8221;1\/2&#8243;][vc_column_text css=&#8221;&#8221;]<\/p>\n<h3><span class=\"text-secondary\">D\u00e9pose et repositionnement faciles<\/span><\/h3>\n<p><span class=\"ormco-underline text-secondary\">\u00a0\u00a0<\/span><\/p>\n<p><span class=\"text-secondary\" style=\"color: #0d1d4c;\">La conception de la base et la pince brevet\u00e9es de Symetri Clear permettent de d\u00e9poser le bracket de mani\u00e8re s\u00fbre, ais\u00e9e et non destructive. Le bracket se d\u00e9tache de la dent en une seule pi\u00e8ce en appliquant une force minimale et peut \u00eatre repositionn\u00e9 et repos\u00e9 sur le m\u00eame patient.<sup>1<\/sup><\/span>[\/vc_column_text][vc_column_text css=&#8221;&#8221;]<\/p>\n<ul>\n<li><\/li>\n<li><span class=\"text-secondary\">La surface de la base est con\u00e7ue de telle sorte que le bracket se d\u00e9colle de l\u2019\u00e9mail en appliquant une force minimale et en un tour de main sans le fracturer.<sup>2<\/sup><\/span><\/li>\n<li><span class=\"text-secondary\">Technologie de coussinet grav\u00e9 au laser brevet\u00e9e con\u00e7ue pour am\u00e9liorer la fiabilit\u00e9 de la surface de collage. <\/span><\/li>\n<li><span class=\"text-secondary\">Le coussinet anatomique et la base profil\u00e9e sont adapt\u00e9s au profil de chaque dent. <\/span><\/li>\n<li><span class=\"text-secondary\">Le bracket peut \u00eatre repositionn\u00e9 sans casse.<sup>3<\/sup><\/span><\/li>\n<\/ul>\n<p>[\/vc_column_text][\/vc_column][\/vc_row][\/vc_section][vc_section full_width=&#8221;stretch_row&#8221; el_class=&#8221;no-margin&#8221; css=&#8221;.vc_custom_1713886634541{background-color: #efefe9 !important;}&#8221;][vc_row full_width=&#8221;stretch_row&#8221;][vc_column width=&#8221;1\/2&#8243;][vc_column_text css=&#8221;&#8221;]<\/p>\n<h3><span class=\"text-secondary\">Con\u00e7u pour les patients et les praticiens<\/span><\/h3>\n<p><span class=\"ormco-underline text-secondary\">\u00a0\u00a0<\/span><\/p>\n<p><span class=\"text-secondary\" style=\"color: #0d1d4c;\">Symetri Clear est un bracket esth\u00e9tique con\u00e7u pour le confort du patient avec des caract\u00e9ristiques qui r\u00e9pondent aux exigences cliniques. Ses surfaces lisses et son profil bas limitent les interf\u00e9rences occlusales, ce qui permet de coller les arcades sup\u00e9rieure et inf\u00e9rieure.<sup>4<\/sup><\/span>[\/vc_column_text][vc_column_text css=&#8221;&#8221;]<\/p>\n<ul>\n<li><span class=\"text-secondary\">Gorge \u00e0 chanfrein pour faciliter l\u2019insertion de l\u2019arc. <\/span><\/li>\n<li><span class=\"text-secondary\">Les bords arrondis de la gorge r\u00e9duisent l\u2019encochage et facilitent le glissement. <\/span><\/li>\n<li><span class=\"text-secondary\">Les contours arrondis et la forme des ailettes d\u2019ancrage offrent des surfaces plus lisses pour am\u00e9liorer le confort du patient.<\/span><\/li>\n<li><span class=\"text-secondary\">Le profil bas du bracket r\u00e9duit le risque de contact avec l\u2019\u00e9mail en face. <\/span><\/li>\n<li><span class=\"text-secondary\">Profil bas pour une meilleure esth\u00e9tique et pour limiter l\u2019interf\u00e9rence occlusale.<\/span><\/li>\n<\/ul>\n<p>[\/vc_column_text][\/vc_column][vc_column width=&#8221;1\/2&#8243;][vc_single_image image=&#8221;7448&#8243; img_size=&#8221;large&#8221; css=&#8221;&#8221;][\/vc_column][\/vc_row][\/vc_section][vc_section full_width=&#8221;stretch_row&#8221; css=&#8221;.vc_custom_1715004528146{border-bottom-width: 50px !important;padding-bottom: 50px !important;}&#8221;][vc_row full_width=&#8221;stretch_row&#8221;][vc_column width=&#8221;1\/3&#8243;][vc_column_text css=&#8221;&#8221;]<\/p>\n<h3><span class=\"text-secondary\" style=\"color: #000000;\">Dimensions internes et externes remarquablement optimis\u00e9es<\/span><\/h3>\n<p><span class=\"ormco-underline text-secondary\">\u00a0\u00a0<\/span><\/p>\n<p><span class=\"text-secondary\" style=\"color: #0d1d4c;\">Les appareils dentaires Symetri Clear d\u2019Ormco sont disponibles dans des dimensions internes et externes standard et \u00e0 \u00e9paisseur r\u00e9duite pour les lat\u00e9rales maxillaires. La dimension interne et externe \u00e0 \u00e9paisseur r\u00e9duite est une caract\u00e9ristique unique con\u00e7ue par Ormco pour aligner les bords incisifs des incisives centrales, incisives lat\u00e9rales et canines, ce qui permet de ne pas avoir \u00e0 trop courber l\u2019arc et d\u2019am\u00e9liorer la finition.<sup>4<\/sup><\/span>[\/vc_column_text][\/vc_column][vc_column width=&#8221;1\/3&#8243;][vc_single_image image=&#8221;7449&#8243; img_size=&#8221;large&#8221; alignment=&#8221;right&#8221; css=&#8221;&#8221;][\/vc_column][vc_column width=&#8221;1\/3&#8243;][vc_single_image image=&#8221;7450&#8243; img_size=&#8221;400 x 400&#8243; style=&#8221;vc_box_circle_2&#8243; css=&#8221;&#8221;][\/vc_column][\/vc_row][\/vc_section][vc_section full_width=&#8221;stretch_row&#8221; el_class=&#8221;no-margin&#8221; css=&#8221;.vc_custom_1715004601372{background-color: #0e1e4c !important;}&#8221;][vc_row css=&#8221;.vc_custom_1715004621313{padding-top: 0px !important;}&#8221;][vc_column][vc_empty_space height=&#8221;30px&#8221;][vc_column_text css=&#8221;.vc_custom_1725892287654{margin-top: 0px !important;border-top-width: 0px !important;padding-top: 0px !important;}&#8221; el_class=&#8221;wpb_text_column&#8211;white&#8221;]<\/p>\n<h3 style=\"text-align: center;\">Demandez d\u00e8s aujourd\u2019hui une d\u00e9monstration de Symetri Clear !<\/h3>\n<p>[\/vc_column_text][vc_empty_space height=&#8221;30px&#8221;][\/vc_column][\/vc_row][vc_row el_class=&#8221;layout&#8211;content-center&#8221;][vc_column]<div class=\"vc_btn3-container vc_btn3-inline\">\n                                            <button type=\"button\" class=\"vc_general vc_btn3 vc_btn3-size-md vc_btn3-style-btn vc_btn3-color-primary\"\n                                                    data-toggle=\"modal\" data-target=\"#modal-demandez-une-demonstration-541\">Demandez une d\u00e9monstration !<\/button><\/div><div class=\"modal fade\" id=\"modal-demandez-une-demonstration-541\" tabindex=\"-1\"\n                                 aria-labelledby=\"demandez-une-demonstration-541\" aria-hidden=\"true\">\n                                <div class=\"modal-dialog modal-dialog-centered\">\n                                    <div class=\"modal-content content content--default\">\n                                        <div class=\"modal-header\">\n                                             <button type=\"button\" class=\"close\" data-dismiss=\"modal\" aria-label=\"Close\">\n                                                 <svg class=\"svg-icon\" style=\"fill: #666666; overflow: hidden;\" viewBox=\"0 0 1024 1024\"\n                                                      version=\"1.1\" xmlns=\"http:\/\/www.w3.org\/2000\/svg\">\n                                                      <path d=\"M4.43392 97.36192l90.5088-90.5088 923.18976 923.18976-90.5088 90.5088-923.18976-923.18976ZM930.04288 4.43392l90.5088 90.5088-923.18976 923.18976-90.5088-90.5088 923.18976-923.18976Z\"\/>\n                                                 <\/svg>\n                                             <\/button><h3>Demandez d\u00e8s aujourd\u2019hui une d\u00e9monstration de Symetri Clear !<\/h3>\n<\/div><div class=\"modal-body\"><script charset=\"utf-8\" type=\"text\/javascript\" src=\"\/\/js.hsforms.net\/forms\/v2.js\"><\/script>\n                                <script>\n                                    hbspt.forms.create({\n                                       portalId: \"\",\n                                       formId: \"1c964b1c-a15b-4550-b462-9212674469e8\",\n                                    });\n                                <\/script><\/div><\/div><\/div><\/div>[\/vc_column][\/vc_row][\/vc_section][vc_section el_class=&#8221;layout&#8211;content-left&#8221;][vc_row][vc_column][vc_column_text css=&#8221;&#8221;]<\/p>\n<p style=\"text-align: left;\"><span class=\"text-small\"><sup>1<\/sup>Donn\u00e9es internes.<\/span><\/p>\n<p style=\"text-align: left;\"><span class=\"text-small\"><sup>2<\/sup> En utilisant l\u2019instrument de d\u00e9pose Symetri\u00a0Clear conform\u00e9ment au mode d\u2019emploi\u00a0070-0455. Repositionnez et reposez une fois avec le primer Ortho Solo\u2122 et l\u2019adh\u00e9sif Blugloo\u2122 conform\u00e9ment au mode d\u2019emploi\u00a0070-2244 R\u00e9v.\u00a0F pour repositionner sur la m\u00eame dent. Repositionnement actuellement disponible sur le march\u00e9 am\u00e9ricain.<\/span><\/p>\n<p style=\"text-align: left;\"><span class=\"text-small\"><sup>3<\/sup>Donn\u00e9es internes.<\/span><\/p>\n<p style=\"text-align: left;\"><span class=\"text-small\"><sup>4<\/sup>\u00a0Donn\u00e9es internes simul\u00e9es par ordinateur. <\/span><\/p>\n<p>[\/vc_column_text][vc_empty_space height=&#8221;60px&#8221;][\/vc_column][\/vc_row][\/vc_section]<\/p>\n<\/div>","protected":false},"excerpt":{"rendered":"<p>[vc_row full_width=&#8221;stretch_row_content_no_spaces&#8221;][vc_column][\/vc_column][\/vc_row][vc_section full_width=&#8221;stretch_row&#8221; css=&#8221;.vc_custom_1715001316230{background-color: #ffffffff !important;}&#8221; el_class=&#8221;no-margin&#8221;][vc_row full_width=&#8221;stretch_row&#8221; equal_height=&#8221;yes&#8221; css=&#8221;.vc_custom_1715001520736{padding-bottom: 40px !important;}&#8221;][vc_column][vc_column_text css=&#8221;&#8221;] Bracket esth\u00e9tique de pointe \u00a0\u00a0 Symetri Clear est un bracket esth\u00e9tique con\u00e7u pour une r\u00e9sistance am\u00e9lior\u00e9e, un confort optimal pour le patient et une d\u00e9pose et un repositionnement faciles et s\u00fbrs en une seule pi\u00e8ce.1[\/vc_column_text][\/vc_column][\/vc_row][vc_row][vc_column][vc_single_image image=&#8221;7451&#8243; img_size=&#8221;full&#8221; alignment=&#8221;center&#8221; css=&#8221;&#8221;][\/vc_column][\/vc_row][\/vc_section][vc_section full_width=&#8221;stretch_row&#8221; el_class=&#8221;no-margin&#8221; css=&#8221;.vc_custom_1713886866403{background-color: [&hellip;]<\/p>\n","protected":false},"author":21,"featured_media":7414,"parent":487,"menu_order":0,"comment_status":"closed","ping_status":"closed","template":"","meta":{"_acf_changed":false,"inline_featured_image":false,"footnotes":""},"class_list":["post-7409","page","type-page","status-publish","has-post-thumbnail","hentry"],"acf":[],"_links":{"self":[{"href":"https:\/\/ormcoeurope.com\/fr\/wp-json\/wp\/v2\/pages\/7409","targetHints":{"allow":["GET"]}}],"collection":[{"href":"https:\/\/ormcoeurope.com\/fr\/wp-json\/wp\/v2\/pages"}],"about":[{"href":"https:\/\/ormcoeurope.com\/fr\/wp-json\/wp\/v2\/types\/page"}],"author":[{"embeddable":true,"href":"https:\/\/ormcoeurope.com\/fr\/wp-json\/wp\/v2\/users\/21"}],"replies":[{"embeddable":true,"href":"https:\/\/ormcoeurope.com\/fr\/wp-json\/wp\/v2\/comments?post=7409"}],"version-history":[{"count":3,"href":"https:\/\/ormcoeurope.com\/fr\/wp-json\/wp\/v2\/pages\/7409\/revisions"}],"predecessor-version":[{"id":8712,"href":"https:\/\/ormcoeurope.com\/fr\/wp-json\/wp\/v2\/pages\/7409\/revisions\/8712"}],"up":[{"embeddable":true,"href":"https:\/\/ormcoeurope.com\/fr\/wp-json\/wp\/v2\/pages\/487"}],"wp:featuredmedia":[{"embeddable":true,"href":"https:\/\/ormcoeurope.com\/fr\/wp-json\/wp\/v2\/media\/7414"}],"wp:attachment":[{"href":"https:\/\/ormcoeurope.com\/fr\/wp-json\/wp\/v2\/media?parent=7409"}],"curies":[{"name":"wp","href":"https:\/\/api.w.org\/{rel}","templated":true}]}}