{"id":8143,"date":"2024-12-13T08:11:36","date_gmt":"2024-12-13T08:11:36","guid":{"rendered":"https:\/\/ormcoeurope.com\/fr\/?page_id=8143"},"modified":"2025-09-30T11:57:27","modified_gmt":"2025-09-30T11:57:27","slug":"contention","status":"publish","type":"page","link":"https:\/\/ormcoeurope.com\/fr\/produits\/spark\/contention\/","title":{"rendered":"Spark Contention"},"content":{"rendered":"<div class=\"wpb-content-wrapper\"><p>[vc_row full_width=&#8221;stretch_row_content_no_spaces&#8221;][vc_column]<div class=\"banner   layout--content-left\" id=\"\" style=\"background-color: #4ec3e0\"><div class=\"banner-media visible-xs visible-sm\"><img loading=\"lazy\" decoding=\"async\" width=\"1024\" height=\"311\" src=\"https:\/\/ormcoeurope.com\/fr\/wp-content\/uploads\/sites\/36\/2024\/12\/header-retainer-2-1024x311.jpg\" class=\"attachment-large size-large\" alt=\"\" srcset=\"https:\/\/ormcoeurope.com\/fr\/wp-content\/uploads\/sites\/36\/2024\/12\/header-retainer-2-1024x311.jpg 1024w, https:\/\/ormcoeurope.com\/fr\/wp-content\/uploads\/sites\/36\/2024\/12\/header-retainer-2-300x91.jpg 300w, https:\/\/ormcoeurope.com\/fr\/wp-content\/uploads\/sites\/36\/2024\/12\/header-retainer-2-768x233.jpg 768w, https:\/\/ormcoeurope.com\/fr\/wp-content\/uploads\/sites\/36\/2024\/12\/header-retainer-2-1536x466.jpg 1536w, https:\/\/ormcoeurope.com\/fr\/wp-content\/uploads\/sites\/36\/2024\/12\/header-retainer-2-2048x622.jpg 2048w, https:\/\/ormcoeurope.com\/fr\/wp-content\/uploads\/sites\/36\/2024\/12\/header-retainer-2-100x30.jpg 100w\" sizes=\"auto, (max-width: 1024px) 100vw, 1024px\" \/><\/div><div class=\"banner-media visible-md visible-lg\"><img loading=\"lazy\" decoding=\"async\" width=\"2560\" height=\"777\" src=\"https:\/\/ormcoeurope.com\/fr\/wp-content\/uploads\/sites\/36\/2024\/12\/header-retainer-2.jpg\" class=\"attachment-full size-full\" alt=\"\" srcset=\"https:\/\/ormcoeurope.com\/fr\/wp-content\/uploads\/sites\/36\/2024\/12\/header-retainer-2.jpg 2560w, https:\/\/ormcoeurope.com\/fr\/wp-content\/uploads\/sites\/36\/2024\/12\/header-retainer-2-300x91.jpg 300w, https:\/\/ormcoeurope.com\/fr\/wp-content\/uploads\/sites\/36\/2024\/12\/header-retainer-2-1024x311.jpg 1024w, https:\/\/ormcoeurope.com\/fr\/wp-content\/uploads\/sites\/36\/2024\/12\/header-retainer-2-768x233.jpg 768w, https:\/\/ormcoeurope.com\/fr\/wp-content\/uploads\/sites\/36\/2024\/12\/header-retainer-2-1536x466.jpg 1536w, https:\/\/ormcoeurope.com\/fr\/wp-content\/uploads\/sites\/36\/2024\/12\/header-retainer-2-2048x622.jpg 2048w, https:\/\/ormcoeurope.com\/fr\/wp-content\/uploads\/sites\/36\/2024\/12\/header-retainer-2-100x30.jpg 100w\" sizes=\"auto, (max-width: 2560px) 100vw, 2560px\" \/><\/div><div class=\"container\" ><div class=\"banner-content content-wrap\" ><div class=\"content content--default\" ><h1><span class=\"text-white\">Contention Spark\u2122<\/span><\/h1>\n<h2><span class=\"text-white\">Con\u00e7us pour garderde <\/span><\/h2>\n<h2><span class=\"text-white\">beaux sourires<\/span><\/h2>\n<\/div><div class=\"mt-30\"><div class=\"vc_btn3-container vc_btn3-inline\"><button type=\"button\" class=\"vc_general vc_btn3 vc_btn3-size-md vc_btn3-style-btn vc_btn3-color-spark-orange \" data-toggle=\"modal\" data-target=\"#modal-devenir-fournisseur-spark-724\">Devenir fournisseur Spark<\/button><\/div><div class=\"modal fade\" id=\"modal-devenir-fournisseur-spark-724\" tabindex=\"-1\"\n                                 aria-labelledby=\"devenir-fournisseur-spark-724\" aria-hidden=\"true\">\n                                <div class=\"modal-dialog modal-dialog-centered\">\n                                    <div class=\"modal-content content content--default\">\n                                        <div class=\"modal-header\">\n                                             <button type=\"button\" class=\"close\" data-dismiss=\"modal\" aria-label=\"Close\">\n                                                 <svg class=\"svg-icon\" style=\"fill: #666666; overflow: hidden;\" viewBox=\"0 0 1024 1024\"\n                                                      version=\"1.1\" xmlns=\"http:\/\/www.w3.org\/2000\/svg\">\n                                                      <path d=\"M4.43392 97.36192l90.5088-90.5088 923.18976 923.18976-90.5088 90.5088-923.18976-923.18976ZM930.04288 4.43392l90.5088 90.5088-923.18976 923.18976-90.5088-90.5088 923.18976-923.18976Z\"\/>\n                                                 <\/svg>\n                                             <\/button><h3>Devenir fournisseur Spark<\/h3><\/div><div class=\"modal-body\"><script charset=\"utf-8\" type=\"text\/javascript\" src=\"\/\/js.hsforms.net\/forms\/v2.js\"><\/script>\n                                                <script>\n                                                    hbspt.forms.create({\n                                                       portalId: \"\",\n                                                       formId: \"2cc0df71-93e1-448c-9cd8-ce5d0f344ea5\",\n                                                    });\n                                                <\/script><\/div><\/div><\/div><\/div><\/div><\/div><\/div><\/div>[\/vc_column][\/vc_row][vc_section full_width=&#8221;stretch_row&#8221; css=&#8221;.vc_custom_1730905445534{margin-top: 0px !important;background-color: #ffffff !important;}&#8221; el_class=&#8221;no-margin&#8221;][vc_row][vc_column][vc_empty_space][vc_column_text css=&#8221;&#8221;]<\/p>\n<h4 style=\"text-align: center;\"><span class=\"text-dark-grey\">La contention Spark, dot\u00e9e de la technologie TruGEN\u2122, permet aux m\u00e9decins d\u2019externaliser en toute simplicit\u00e9 leurs flux de travail de dispositifs de contention et de patients. Leur contention<br \/>\nde haute qualit\u00e9 pr\u00e9serve le plus beau sourire des patients<\/span><\/h4>\n<p>[\/vc_column_text][vc_empty_space][\/vc_column][\/vc_row][\/vc_section][vc_section full_width=&#8221;stretch_row&#8221; css=&#8221;.vc_custom_1731920369809{margin-top: 0px !important;background: #f2f1ec url(https:\/\/ormco.eu\/wp-content\/uploads\/sites\/19\/2024\/11\/Retainer-background-new.jpg?id=20437) !important;}&#8221; el_class=&#8221;no-margin&#8221;][vc_row full_width=&#8221;stretch_row&#8221; content_placement=&#8221;top&#8221; bg_type=&#8221;bg_color&#8221; css=&#8221;.vc_custom_1730912851832{margin-top: 0px !important;margin-bottom: 0px !important;border-top-width: 0px !important;border-bottom-width: 0px !important;padding-top: 0px !important;padding-bottom: 0px !important;}&#8221;][vc_column width=&#8221;2\/3&#8243;][vc_row_inner][vc_column_inner][vc_column_text css=&#8221;&#8221;]<\/p>\n<h2 style=\"text-align: left;\"><span class=\"text-spark-orange\">Flexibles. Puissants. Abordables.<\/span><\/h2>\n<p>[\/vc_column_text][vc_empty_space][\/vc_column_inner][\/vc_row_inner][vc_row_inner equal_height=&#8221;yes&#8221; gap=&#8221;20&#8243; css=&#8221;.vc_custom_1731062941402{margin-top: 10px !important;margin-bottom: 10px !important;}&#8221;][vc_column_inner width=&#8221;1\/3&#8243;][vc_single_image image=&#8221;8464&#8243; img_size=&#8221;125&#215;125&#8243; alignment=&#8221;center&#8221; css=&#8221;.vc_custom_1734076705390{margin-top: 20px !important;margin-bottom: 20px !important;}&#8221;][vc_empty_space][vc_column_text css=&#8221;.vc_custom_1734076754297{margin-left: 0px !important;}&#8221;]<\/p>\n<h4><span class=\"text-spark-orange\"><strong>Flexibilit\u00e9 clinique<br \/>\n<\/strong><\/span><\/h4>\n<p><span class=\"text-dark-grey\">Les contentions Spark offrent des solutions sur mesure permettant de r\u00e9pondre aux besoins vari\u00e9s des patients : ajoutez des rampes d\u2019occlusion ou des pontiques, r\u00e9glez la ligne de d\u00e9coupe ou profitez des options de retrait num\u00e9rique des brackets.<\/span>[\/vc_column_text][\/vc_column_inner][vc_column_inner width=&#8221;1\/3&#8243;][vc_single_image image=&#8221;8466&#8243; img_size=&#8221;125&#215;125&#8243; alignment=&#8221;center&#8221; css=&#8221;.vc_custom_1734076712398{margin-top: 20px !important;margin-bottom: 20px !important;padding-left: 0px !important;}&#8221;][vc_empty_space][vc_column_text css=&#8221;&#8221;]<\/p>\n<h4><span class=\"text-spark-orange\"><strong>Technologie TruGEN\u2122<\/strong><\/span><\/h4>\n<p><span class=\"text-dark-grey\">Les dispositifs sont fabriqu\u00e9s \u00e0 partir du mat\u00e9riau durable TruGEN XR\u2122 qui leur permet de durer dans le temps tout en garantissant un traitement efficace.<\/span>[\/vc_column_text][\/vc_column_inner][vc_column_inner width=&#8221;1\/3&#8243;][vc_single_image image=&#8221;8465&#8243; img_size=&#8221;125&#215;125&#8243; alignment=&#8221;center&#8221; css=&#8221;.vc_custom_1734076725526{margin-top: 20px !important;margin-bottom: 20px !important;}&#8221;][vc_empty_space][vc_column_text css=&#8221;&#8221;]<\/p>\n<h4><span class=\"text-spark-orange\"><strong>Prix attractif<br \/>\n<\/strong><\/span><\/h4>\n<p><span class=\"text-dark-grey\">Une solution abordable et de haute qualit\u00e9, sans frais cach\u00e9s et sans compromettre la qualit\u00e9<\/span>[\/vc_column_text][\/vc_column_inner][\/vc_row_inner][\/vc_column][vc_column width=&#8221;1\/3&#8243; css=&#8221;.vc_custom_1730912574051{margin-top: 0px !important;margin-right: 0px !important;margin-bottom: 0px !important;border-top-width: 0px !important;border-right-width: 0px !important;border-bottom-width: 0px !important;padding-top: 0px !important;padding-right: 0px !important;padding-bottom: 0px !important;}&#8221;][\/vc_column][\/vc_row][\/vc_section][vc_section][vc_row full_width=&#8221;stretch_row&#8221; equal_height=&#8221;yes&#8221; css=&#8221;.vc_custom_1731065496569{margin-top: 50px !important;}&#8221;][vc_column width=&#8221;1\/2&#8243;][vc_empty_space][vc_column_text css=&#8221;.vc_custom_1734076841009{margin-bottom: 35px !important;}&#8221;]<\/p>\n<h4><span class=\"text-spark-orange\">Simplifiez le flux de travail des contentions<\/span><\/h4>\n<p>[\/vc_column_text][vc_column_text css=&#8221;&#8221;]<\/p>\n<ul class=\"style--spark-orange\">\n<li><span class=\"text-dark-grey\"><strong>Une seule plate-forme num\u00e9rique pour tous les cas<\/strong><br \/>\nG\u00e9rez vos patients Spark, Ormco\u2122\u00a0Digital\u00a0Bonding et vos contentions Spark au m\u00eame endroit. <\/span><\/li>\n<li><span class=\"text-dark-grey\"><strong>Options de commande flexibles<\/strong><br \/>\nCommandez ce dont vos patients ont besoin, lorsqu\u2019ils en ont besoin. Vous pouvez commander autant de goutti\u00e8res de contention que vous le souhaitez, au-dessus du minimum par commande, et fabriquer une contention \u00e0 partir d\u2019un nouveau scan ou d\u2019une position T22 d\u2019un patient Spark.<\/span><\/li>\n<\/ul>\n<p>[\/vc_column_text][vc_empty_space][\/vc_column][vc_column width=&#8221;1\/2&#8243;][vc_empty_space][vc_column_text css=&#8221;.vc_custom_1734076912806{margin-bottom: 35px !important;}&#8221;]<\/p>\n<h4><span class=\"text-spark-orange\">Con\u00e7us pour vos patients<\/span><\/h4>\n<p>[\/vc_column_text][vc_column_text css=&#8221;&#8221;]<\/p>\n<ul class=\"style--spark-orange\">\n<li><span class=\"text-dark-grey\"><strong>Les contentions<\/strong><br \/>\nSpark durables permettent de pr\u00e9server efficacement les sourires gr\u00e2ce au mat\u00e9riau TruGEN\u2122.<\/span><\/li>\n<li><span class=\"text-dark-grey\"><strong>Con\u00e7ue pour le confort du patient,<\/strong><br \/>\nla contention Spark peut \u00eatre festonn\u00e9e ou d\u00e9coup\u00e9e avec une ligne de d\u00e9coupe \u00e9tendue afin d\u2019assurer un ajustement confortable.<\/span><\/li>\n<\/ul>\n<p>[\/vc_column_text][vc_empty_space][\/vc_column][\/vc_row][vc_row][vc_column][vc_empty_space height=&#8221;60px&#8221;][\/vc_column][\/vc_row][vc_row][vc_column][vc_empty_space height=&#8221;60px&#8221;][\/vc_column][\/vc_row][\/vc_section][vc_section full_width=&#8221;stretch_row&#8221; css=&#8221;.vc_custom_1731065436281{background-color: #f2f1ec !important;}&#8221; el_class=&#8221;no-margin&#8221;][vc_row][vc_column width=&#8221;1\/2&#8243;][vc_empty_space height=&#8221;40px&#8221;][vc_column_text css=&#8221;&#8221;]<\/p>\n<h2 style=\"text-align: left;\"><span class=\"text-spark-orange\">Contention Spark :<br \/>\nPar o\u00f9 commencer ?<\/span><\/h2>\n<p>[\/vc_column_text][vc_empty_space height=&#8221;40px&#8221;][vc_column_text css=&#8221;&#8221;]Que vous soyez d\u00e9j\u00e0 praticien ou que vous souhaitiez le devenir, les contentions Spark conviennent \u00e0 tous vos patients, quels que soient leurs traitements pr\u00e9c\u00e9dents.<\/p>\n<ol>\n<li><span class=\"text-dark-grey\"><strong>Commandez une contention\u00b2 pour les nouveaux patients<br \/>\n<\/strong>Connectez-vous simplement \u00e0 votre portail Web DTX, ajoutez un<br \/>\nnouveau patient et suivez le flux de travail de la contention Spark.<\/span><\/li>\n<li class=\"c-aligners__description\" style=\"text-align: left;\"><span class=\"text-dark-grey\"><span class=\"text-dark-grey\"><strong>Commandez une contention\u00b2 pour les patients Spark actuels<br \/>\n<\/strong>Toutes les informations seront pr\u00e9remplies et vous pourrez soit<br \/>\nt\u00e9l\u00e9charger un nouveau scan soit utiliser T2.\u00b3.<\/span><\/span><\/li>\n<li class=\"c-aligners__description\" style=\"text-align: left;\"><span class=\"text-dark-grey\"><strong>Commandez une contention\u00b2 pour les patients portant des brackets<br \/>\n<\/strong><\/span><span class=\"text-dark-grey\">T\u00e9l\u00e9chargez ou s\u00e9lectionnez un scan pour une contention Spark. Le<br \/>\nretrait num\u00e9rique des brackets est \u00e9galement disponible pour vous\u00a0!<\/span><\/li>\n<\/ol>\n<p>[\/vc_column_text][vc_empty_space height=&#8221;40px&#8221;][vc_btn title=&#8221;Login Portail Web Spark DTX&#8221; style=&#8221;btn&#8221; color=&#8221;spark-orange&#8221; css=&#8221;&#8221; link=&#8221;url:https%3A%2F%2Faligners.ormcodigital.com%2Fsso%2Flogin|target:_blank&#8221;][\/vc_column][vc_column width=&#8221;1\/2&#8243;][vc_empty_space height=&#8221;40px&#8221;][vc_single_image image=&#8221;8462&#8243; img_size=&#8221;large&#8221; css=&#8221;&#8221;][\/vc_column][\/vc_row][vc_row full_width=&#8221;stretch_row&#8221; content_placement=&#8221;top&#8221;][vc_column][vc_empty_space height=&#8221;50px&#8221;][\/vc_column][\/vc_row][\/vc_section][vc_section full_width=&#8221;stretch_row&#8221; css=&#8221;.vc_custom_1730969600678{background-color: #62c5e4 !important;}&#8221; el_class=&#8221;no-margin&#8221;][vc_row el_class=&#8221;layout&#8211;content-left&#8221;][vc_column][vc_column_text css=&#8221;&#8221; el_class=&#8221;wpb_text_column&#8211;white&#8221;]<\/p>\n<h2>Vous n&#8217;\u00eates pas d\u00e9j\u00e0 un practicien Spark ?<\/h2>\n<h3>D\u00e9couvrez l&#8217;approche orthodontique discr\u00e8te pour vos patients gr\u00e2ce aux aligneurs transparents Spark<\/h3>\n<p>[\/vc_column_text][vc_empty_space height=&#8221;20px&#8221;][\/vc_column][\/vc_row][vc_row content_placement=&#8221;middle&#8221; el_class=&#8221;layout&#8211;content-left&#8221;][vc_column][vc_btn title=&#8221;Explorer Spark Clear Aligners&#8221; style=&#8221;btn&#8221; color=&#8221;spark-orange&#8221; align=&#8221;left&#8221; css=&#8221;&#8221; link=&#8221;url:https%3A%2F%2Formcoeurope.com%2Ffr%2Fproduits%2Fspark%2F|title:Spark%20Clear%20Aligners&#8221;][\/vc_column][\/vc_row][\/vc_section][vc_section][vc_row][vc_column][vc_column_text css=&#8221;&#8221;]<\/p>\n<div class=\"row-fluid-wrapper row-depth-1 row-number-56 dnd-section main_body-row-16-padding\">\n<div class=\"row-fluid \">\n<div class=\"span12 widget-span widget-type-cell dnd-column\" data-widget-type=\"cell\" data-x=\"0\" data-w=\"12\">\n<div class=\"row-fluid-wrapper row-depth-1 row-number-57 dnd-row\">\n<div class=\"row-fluid \">\n<div class=\"span12 widget-span widget-type-custom_widget dnd-module\" data-widget-type=\"custom_widget\" data-x=\"0\" data-w=\"12\">\n<div id=\"hs_cos_wrapper_widget_1666085989885\" class=\"hs_cos_wrapper hs_cos_wrapper_widget hs_cos_wrapper_type_module widget-type-rich_text\" data-hs-cos-general-type=\"widget\" data-hs-cos-type=\"module\">\n<p><span class=\"text-small\">1. Donn\u00e9es internes.<br \/>\n<\/span><span class=\"text-small\">2. Quantit\u00e9 minimale de commande requise. Veuillez contacter votre repr\u00e9sentant commercial pour conna\u00eetre les conditions g\u00e9n\u00e9rales<br \/>\n3. Pour un ajustement optimal, l\u2019envoi d\u2019un nouveau scan est recommand\u00e9.<br \/>\n<\/span><\/p>\n<p><span class=\"text-small\">MKT 24-1728<\/span><\/p>\n<\/div>\n<\/div>\n<\/div>\n<\/div>\n<\/div>\n<\/div>\n<\/div>\n<div class=\"row-fluid-wrapper row-depth-1 row-number-58 main_body-row-17-padding dnd-section\">\n<div class=\"row-fluid \">\n<div class=\"span12 widget-span widget-type-cell dnd-column\" data-widget-type=\"cell\" data-x=\"0\" data-w=\"12\">\n<div class=\"row-fluid-wrapper row-depth-1 row-number-59 dnd-row\">\n<div class=\"row-fluid \">\n<div class=\"span12 widget-span widget-type-custom_widget dnd-module\" data-widget-type=\"custom_widget\" data-x=\"0\" data-w=\"12\"><\/div>\n<\/div>\n<\/div>\n<\/div>\n<\/div>\n<\/div>\n<p>[\/vc_column_text][vc_empty_space][\/vc_column][\/vc_row][\/vc_section]<\/p>\n<\/div>","protected":false},"excerpt":{"rendered":"<p>[vc_row full_width=&#8221;stretch_row_content_no_spaces&#8221;][vc_column][\/vc_column][\/vc_row][vc_section full_width=&#8221;stretch_row&#8221; css=&#8221;.vc_custom_1730905445534{margin-top: 0px !important;background-color: #ffffff !important;}&#8221; el_class=&#8221;no-margin&#8221;][vc_row][vc_column][vc_empty_space][vc_column_text css=&#8221;&#8221;] La contention Spark, dot\u00e9e de la technologie TruGEN\u2122, permet aux m\u00e9decins d\u2019externaliser en toute simplicit\u00e9 leurs flux de travail de dispositifs de contention et de patients. Leur contention de haute qualit\u00e9 pr\u00e9serve le plus beau sourire des patients [\/vc_column_text][vc_empty_space][\/vc_column][\/vc_row][\/vc_section][vc_section full_width=&#8221;stretch_row&#8221; css=&#8221;.vc_custom_1731920369809{margin-top: 0px !important;background: #f2f1ec url(https:\/\/ormco.eu\/wp-content\/uploads\/sites\/19\/2024\/11\/Retainer-background-new.jpg?id=20437) [&hellip;]<\/p>\n","protected":false},"author":21,"featured_media":0,"parent":4855,"menu_order":0,"comment_status":"closed","ping_status":"closed","template":"","meta":{"_acf_changed":false,"inline_featured_image":false,"footnotes":""},"class_list":["post-8143","page","type-page","status-publish","hentry"],"acf":[],"_links":{"self":[{"href":"https:\/\/ormcoeurope.com\/fr\/wp-json\/wp\/v2\/pages\/8143","targetHints":{"allow":["GET"]}}],"collection":[{"href":"https:\/\/ormcoeurope.com\/fr\/wp-json\/wp\/v2\/pages"}],"about":[{"href":"https:\/\/ormcoeurope.com\/fr\/wp-json\/wp\/v2\/types\/page"}],"author":[{"embeddable":true,"href":"https:\/\/ormcoeurope.com\/fr\/wp-json\/wp\/v2\/users\/21"}],"replies":[{"embeddable":true,"href":"https:\/\/ormcoeurope.com\/fr\/wp-json\/wp\/v2\/comments?post=8143"}],"version-history":[{"count":6,"href":"https:\/\/ormcoeurope.com\/fr\/wp-json\/wp\/v2\/pages\/8143\/revisions"}],"predecessor-version":[{"id":8473,"href":"https:\/\/ormcoeurope.com\/fr\/wp-json\/wp\/v2\/pages\/8143\/revisions\/8473"}],"up":[{"embeddable":true,"href":"https:\/\/ormcoeurope.com\/fr\/wp-json\/wp\/v2\/pages\/4855"}],"wp:attachment":[{"href":"https:\/\/ormcoeurope.com\/fr\/wp-json\/wp\/v2\/media?parent=8143"}],"curies":[{"name":"wp","href":"https:\/\/api.w.org\/{rel}","templated":true}]}}