{"id":154,"date":"2016-03-17T09:13:44","date_gmt":"2016-03-17T09:13:44","guid":{"rendered":"http:\/\/ormco.es\/ormco\/mision\/"},"modified":"2024-01-29T14:21:41","modified_gmt":"2024-01-29T14:21:41","slug":"mission","status":"publish","type":"page","link":"https:\/\/ormcoeurope.com\/no\/ormco\/formal\/","title":{"rendered":"Form\u00e5l"},"content":{"rendered":"<div class=\"wpb-content-wrapper\"><p>[vc_section full_width=&#8221;stretch_row_content&#8221; el_class=&#8221;no-margin&#8221;][vc_row full_width=&#8221;stretch_row_content_no_spaces&#8221;][vc_column]<div class=\"banner banner--overlay  layout--content-right\" id=\"\" style=\"background-color: #0e1e4c\"><div class=\"banner-media visible-xs visible-sm\"><img loading=\"lazy\" decoding=\"async\" width=\"1024\" height=\"683\" src=\"https:\/\/ormcoeurope.com\/no\/wp-content\/uploads\/sites\/34\/2024\/01\/About-Ormco-1024x683.jpg\" class=\"attachment-large size-large\" alt=\"\" srcset=\"https:\/\/ormcoeurope.com\/no\/wp-content\/uploads\/sites\/34\/2024\/01\/About-Ormco-1024x683.jpg 1024w, https:\/\/ormcoeurope.com\/no\/wp-content\/uploads\/sites\/34\/2024\/01\/About-Ormco-300x200.jpg 300w, https:\/\/ormcoeurope.com\/no\/wp-content\/uploads\/sites\/34\/2024\/01\/About-Ormco-768x512.jpg 768w, https:\/\/ormcoeurope.com\/no\/wp-content\/uploads\/sites\/34\/2024\/01\/About-Ormco-1536x1024.jpg 1536w, https:\/\/ormcoeurope.com\/no\/wp-content\/uploads\/sites\/34\/2024\/01\/About-Ormco-2048x1366.jpg 2048w, https:\/\/ormcoeurope.com\/no\/wp-content\/uploads\/sites\/34\/2024\/01\/About-Ormco-660x440.jpg 660w, https:\/\/ormcoeurope.com\/no\/wp-content\/uploads\/sites\/34\/2024\/01\/About-Ormco-100x67.jpg 100w\" sizes=\"auto, (max-width: 1024px) 100vw, 1024px\" \/><\/div><div class=\"banner-media visible-md visible-lg\"><img loading=\"lazy\" decoding=\"async\" width=\"2500\" height=\"1667\" src=\"https:\/\/ormcoeurope.com\/no\/wp-content\/uploads\/sites\/34\/2024\/01\/About-Ormco.jpg\" class=\"attachment-full size-full\" alt=\"\" srcset=\"https:\/\/ormcoeurope.com\/no\/wp-content\/uploads\/sites\/34\/2024\/01\/About-Ormco.jpg 2500w, https:\/\/ormcoeurope.com\/no\/wp-content\/uploads\/sites\/34\/2024\/01\/About-Ormco-300x200.jpg 300w, https:\/\/ormcoeurope.com\/no\/wp-content\/uploads\/sites\/34\/2024\/01\/About-Ormco-1024x683.jpg 1024w, https:\/\/ormcoeurope.com\/no\/wp-content\/uploads\/sites\/34\/2024\/01\/About-Ormco-768x512.jpg 768w, https:\/\/ormcoeurope.com\/no\/wp-content\/uploads\/sites\/34\/2024\/01\/About-Ormco-1536x1024.jpg 1536w, https:\/\/ormcoeurope.com\/no\/wp-content\/uploads\/sites\/34\/2024\/01\/About-Ormco-2048x1366.jpg 2048w, https:\/\/ormcoeurope.com\/no\/wp-content\/uploads\/sites\/34\/2024\/01\/About-Ormco-660x440.jpg 660w, https:\/\/ormcoeurope.com\/no\/wp-content\/uploads\/sites\/34\/2024\/01\/About-Ormco-100x67.jpg 100w\" sizes=\"auto, (max-width: 2500px) 100vw, 2500px\" \/><\/div><div class=\"container\" ><div class=\"banner-content content-wrap\" ><div class=\"content content--white\" ><h2><strong><a href=\"https:\/\/ormcoeurope.com\/no\/wp-content\/uploads\/sites\/34\/2024\/01\/Ormco-logo_White_RGB.svg\"><img loading=\"lazy\" decoding=\"async\" class=\"alignnone wp-image-3295\" src=\"https:\/\/ormcoeurope.com\/no\/wp-content\/uploads\/sites\/34\/2024\/01\/Ormco-logo_White_RGB.svg\" alt=\"\" width=\"168\" height=\"66\" \/><\/a><br \/>\n<\/strong><\/h2>\n<p><span class=\"ormco-underline\">\u00a0\u00a0<\/span><\/p>\n<h3>Med over 60 \u00e5rs erfaring innen kjeveortopedi, fra produktinnovasjon til utdanning, hjelper vi deg med \u00e5 skape vakre smil.<\/h3>\n<\/div><div class=\"mt-30\"><div class=\"vc_btn3-container vc_btn3-inline\"><a href=\"https:\/\/ormcoeurope.com\/no\/produkter\/\" class=\"vc_general vc_btn3 vc_btn3-size-md vc_btn3-style-btn vc_btn3-color-primary \" target=\"\">Oppdag produktene v\u00e5re<\/a><\/div><\/div><\/div><\/div><\/div>[\/vc_column][\/vc_row][\/vc_section][vc_section][vc_row equal_height=&#8221;yes&#8221; content_placement=&#8221;middle&#8221;][vc_column width=&#8221;1\/2&#8243;][vc_column_text]<\/p>\n<h2 style=\"text-align: right;\"><span style=\"color: #0e1e4c;\">Over 60 \u00e5r<br \/>\n<\/span><span style=\"color: #0e1e4c;\">med smil<\/span><\/h2>\n<p style=\"text-align: right;\"><span class=\"ormco-underline\">\u00a0\u00a0<\/span><\/p>\n<p style=\"text-align: right;\"><span class=\"text-secondary\">I over 60 \u00e5r har vi fokusert utelukkende p\u00e5 \u00e5 hjelpe deg med \u00e5 levere den best mulige opplevelsen til pasientene dine, og vi samarbeider med deg for \u00e5 forst\u00e5 dine behov og utfordringer bedre.<\/span><\/p>\n<p style=\"text-align: right;\"><span class=\"text-secondary\">Med fokus p\u00e5 innovasjon inspirert av deg og et tankesett om konstant l\u00e6ring, s\u00f8rger vi for at du alltid f\u00e5r tilgang til den nyeste teknologien slik at du kan utvide praksisen din gjennom forn\u00f8yde pasienter. Vi investerer kontinuerlig i forskning og utvikling, og l\u00f8sningene v\u00e5re gj\u00f8r det mulig for ledende klinikker \u00e5 forbedre pasientenes smil.<\/span><\/p>\n<p>[\/vc_column_text][vc_empty_space][\/vc_column][vc_column width=&#8221;1\/2&#8243;][vc_single_image image=&#8221;3302&#8243; img_size=&#8221;full&#8221;][vc_empty_space][\/vc_column][\/vc_row][\/vc_section][vc_section][vc_row][vc_column width=&#8221;1\/2&#8243;][vc_single_image image=&#8221;3301&#8243; img_size=&#8221;full&#8221;][vc_empty_space][\/vc_column][vc_column width=&#8221;1\/2&#8243;][vc_column_text]<\/p>\n<h2><span class=\"text-secondary\" style=\"color: #0e1e4c;\">Kjeveortopedi: verken mer eller mindre<\/span><\/h2>\n<p><span class=\"ormco-underline text-secondary\">\u00a0\u00a0<\/span><\/p>\n<p><span class=\"text-secondary\">Ormco er verdensledende innen kjeveortopedi. Vi tilbyr et komplett utvalg av kjeveortopediske produkter, verken mer eller mindre. Dette gir deg den kliniske friheten til \u00e5 utvide praksisen din p\u00e5 en m\u00e5te som er riktig for deg, sammen med Ormco. Som en del av Envista-gruppen tilbyr Ormco et komplett spekter av kjeveortopediske l\u00f8sninger som dekker behovene til alle pasienter.<\/span><\/p>\n<p><span class=\"text-secondary\">Bruk mindre tid p\u00e5 \u00e5 shoppe rundt blant ulike leverand\u00f8rer, og velg Ormco &#8211; <strong>\u00e9n partner for alle dine behov.<\/strong><\/span>[\/vc_column_text][vc_empty_space height=&#8221;20px&#8221;][vc_btn title=&#8221;Oppdag produktene v\u00e5re&#8221; style=&#8221;btn&#8221; color=&#8221;primary&#8221; link=&#8221;url:https%3A%2F%2Formcoeurope.com%2Fno%2Fprodukter%2F|title:Produkter&#8221;][vc_empty_space][\/vc_column][\/vc_row][\/vc_section][vc_section][vc_row equal_height=&#8221;yes&#8221; content_placement=&#8221;middle&#8221;][vc_column width=&#8221;1\/2&#8243;][vc_column_text]<\/p>\n<h2><span class=\"text-secondary\" style=\"color: #0e1e4c;\">Vi utdanner og <\/span>styrker deg<\/h2>\n<p><span class=\"ormco-underline text-secondary\">\u00a0\u00a0<\/span><\/p>\n<p><span class=\"text-secondary\">Med dagens informerte forbrukere som tar beslutninger p\u00e5 nettet, forst\u00e5r vi din viktige rolle i \u00e5 veilede pasientene til \u00e5 ta det beste valget for behandlingen i et stadig mer komplekst milj\u00f8.<\/span><\/p>\n<p><span class=\"text-secondary\"><strong>Ormco utdanner og forbereder deg p\u00e5 fremtiden for din praksis.<\/strong><\/span>[\/vc_column_text][vc_empty_space height=&#8221;20px&#8221;][vc_btn title=&#8221;Utforsk v\u00e5r oppl\u00e6ring&#8221; style=&#8221;btn&#8221; color=&#8221;primary&#8221; link=&#8221;url:https%3A%2F%2Formcoeurope.com%2Fno%2Futdanning%2F|title:Utforsk%20v%C3%A5r%20oppl%C3%A6ring&#8221;][vc_empty_space][\/vc_column][vc_column width=&#8221;1\/2&#8243;][vc_single_image image=&#8221;3299&#8243; img_size=&#8221;large&#8221;][vc_empty_space][\/vc_column][\/vc_row][\/vc_section][vc_section full_width=&#8221;stretch_row&#8221; css=&#8221;.vc_custom_1704972754794{background-color: #0e1e4c !important;}&#8221;][vc_row el_class=&#8221;layout&#8211;content-right&#8221;][vc_column][vc_column_text el_class=&#8221;wpb_text_column&#8211;white&#8221;]<\/p>\n<h2>F\u00e5 det m\u00e5nedlige Ormco-nyhetsbrevet i innboksen din<\/h2>\n<p>Hver m\u00e5ned sender vi ut et nyhetsbrev med den nyeste produktutviklingen, casestudier og kommende utdanningsarrangementer![\/vc_column_text][vc_empty_space height=&#8221;20px&#8221;]<div class=\"vc_btn3-container vc_btn3-inline\">\n                                            <button type=\"button\" class=\"vc_general vc_btn3 vc_btn3-size-md vc_btn3-style-btn vc_btn3-color-primary\"\n                                                    data-toggle=\"modal\" data-target=\"#modal-abonner-na-742\">Abonner n\u00e5<\/button><\/div><div class=\"modal fade\" id=\"modal-abonner-na-742\" tabindex=\"-1\"\n                                 aria-labelledby=\"abonner-na-742\" aria-hidden=\"true\">\n                                <div class=\"modal-dialog modal-dialog-centered\">\n                                    <div class=\"modal-content content content--default\">\n                                        <div class=\"modal-header\">\n                                             <button type=\"button\" class=\"close\" data-dismiss=\"modal\" aria-label=\"Close\">\n                                                 <svg class=\"svg-icon\" style=\"fill: #666666; overflow: hidden;\" viewBox=\"0 0 1024 1024\"\n                                                      version=\"1.1\" xmlns=\"http:\/\/www.w3.org\/2000\/svg\">\n                                                      <path d=\"M4.43392 97.36192l90.5088-90.5088 923.18976 923.18976-90.5088 90.5088-923.18976-923.18976ZM930.04288 4.43392l90.5088 90.5088-923.18976 923.18976-90.5088-90.5088 923.18976-923.18976Z\"\/>\n                                                 <\/svg>\n                                             <\/button><h2>F\u00e5 det m\u00e5nedlige Ormco-nyhetsbrevet i innboksen din<\/h2>\n<\/div><div class=\"modal-body\"><script charset=\"utf-8\" type=\"text\/javascript\" src=\"\/\/js.hsforms.net\/forms\/v2.js\"><\/script>\n                                <script>\n                                    hbspt.forms.create({\n                                       portalId: \"\",\n                                       formId: \"1a19e379-20ca-40d6-bdd8-05fcf3265938\",\n                                    });\n                                <\/script><\/div><\/div><\/div><\/div>[\/vc_column][\/vc_row][\/vc_section][vc_section][vc_row][vc_column][vc_column_text]<\/p>\n<h2><span style=\"color: #0e1e4c;\">Hvordan ser fremtiden ut?<\/span><\/h2>\n<p><span class=\"ormco-underline\">\u00a0\u00a0<\/span>[\/vc_column_text][vc_empty_space height=&#8221;40px&#8221;][\/vc_column][\/vc_row][vc_row][vc_column width=&#8221;1\/2&#8243;][vc_column_text]<span class=\"text-secondary\">Vi er fortsatt opptatt av dette sp\u00f8rsm\u00e5let fordi fremtiden ikke er gitt. Det er alltid en f\u00f8lelse av mulighet.<\/span><\/p>\n<p><span class=\"text-secondary\">N\u00e5r fremtiden er din drivkraft, strekker du deg alltid etter \u00e5 rette opp feil, g\u00e5 videre og ta ledelsen. Det handler om kontinuerlig forbedring.<\/span><\/p>\n<p><span class=\"text-secondary\">Kjeveortopedi fasinerer oss. V\u00e5r fremtid handler om \u00e5 hjelpe kjeveortopeder som deg med \u00e5 styrke pasientene. Vi utvider mulighetene innen kjeveortopedi med nye l\u00f8sninger som kan forandre pasientenes liv.<\/span><\/p>\n<p><span class=\"text-secondary\">Kundene v\u00e5re setter pris p\u00e5 den feilfrie kvaliteten Ormco leverer og v\u00e5r evne til \u00e5 innarbeide deres tilbakemeldinger i bedre og mer optimale produkter. Vi hjelper deg med \u00e5 forst\u00e5 alle pasientene dine, slik at du kan tilby l\u00f8sninger som er tilpasset deres behov.<\/span>[\/vc_column_text][\/vc_column][vc_column width=&#8221;1\/2&#8243;][vc_column_text]<span class=\"text-secondary\">Ormco har utviklet seg til \u00e5 bli en av bransjens mest betydningsfulle akt\u00f8rer, med et bredt spekter av innovative produkter som dekker et bredt spekter av din praksis. Vi er stolte av de 60 \u00e5rene vi har tilbrakt som en viktig partner for kjeveortopedien i alle kontaktpunkter. V\u00e5re innovative l\u00f8sninger, som spenner fra utvikling til utdanning, design og produksjon, har forbedret praksisen til v\u00e5re kunder og deres pasienter.<\/span><\/p>\n<p><span class=\"text-secondary\">Vi vet hvor stor forskjell et smil kan utgj\u00f8re, og vi er opptatt av \u00e5 definere fremtiden for kjeveortopedi for \u00e5 hjelpe deg med \u00e5 levere den riktige behandlingen p\u00e5 kortest mulig tid og med de beste resultatene.<\/span><\/p>\n<p><span class=\"text-secondary\">Vi har gjort det til v\u00e5r oppgave \u00e5 ligge i forkant. Ikke bare slik at du kan levere smil i dag, men ogs\u00e5 slik at du f\u00e5r tilgang til innovasjonene som vil hjelpe deg med \u00e5 levere morgendagens smil.<\/span><\/p>\n<p><span class=\"text-secondary\">Vi tilbyr deg oppl\u00e6ring, vi st\u00f8tter deg &#8211; vi hjelper deg med \u00e5 forandre liv.<\/span><\/p>\n<p><span class=\"text-secondary\"><strong>Ormco &#8211; sammen skaper vi fremtiden for kjeveortopedi.<\/strong><\/span>[\/vc_column_text][\/vc_column][\/vc_row][vc_row][vc_column][vc_empty_space height=&#8221;60px&#8221;][\/vc_column][\/vc_row][\/vc_section]<\/p>\n<\/div>","protected":false},"excerpt":{"rendered":"<p>[vc_section full_width=&#8221;stretch_row_content&#8221; el_class=&#8221;no-margin&#8221;][vc_row full_width=&#8221;stretch_row_content_no_spaces&#8221;][vc_column][\/vc_column][\/vc_row][\/vc_section][vc_section][vc_row equal_height=&#8221;yes&#8221; content_placement=&#8221;middle&#8221;][vc_column width=&#8221;1\/2&#8243;][vc_column_text] Over 60 \u00e5r med smil \u00a0\u00a0 I over 60 \u00e5r har vi fokusert utelukkende p\u00e5 \u00e5 hjelpe deg med \u00e5 levere den best mulige opplevelsen til pasientene dine, og vi samarbeider med deg for \u00e5 forst\u00e5 dine behov og utfordringer bedre. Med fokus p\u00e5 innovasjon inspirert av deg [&hellip;]<\/p>\n","protected":false},"author":2,"featured_media":0,"parent":153,"menu_order":3,"comment_status":"closed","ping_status":"closed","template":"template-contenido.php","meta":{"_acf_changed":false,"inline_featured_image":false,"footnotes":""},"class_list":["post-154","page","type-page","status-publish","hentry"],"acf":[],"_links":{"self":[{"href":"https:\/\/ormcoeurope.com\/no\/wp-json\/wp\/v2\/pages\/154","targetHints":{"allow":["GET"]}}],"collection":[{"href":"https:\/\/ormcoeurope.com\/no\/wp-json\/wp\/v2\/pages"}],"about":[{"href":"https:\/\/ormcoeurope.com\/no\/wp-json\/wp\/v2\/types\/page"}],"author":[{"embeddable":true,"href":"https:\/\/ormcoeurope.com\/no\/wp-json\/wp\/v2\/users\/2"}],"replies":[{"embeddable":true,"href":"https:\/\/ormcoeurope.com\/no\/wp-json\/wp\/v2\/comments?post=154"}],"version-history":[{"count":10,"href":"https:\/\/ormcoeurope.com\/no\/wp-json\/wp\/v2\/pages\/154\/revisions"}],"predecessor-version":[{"id":3402,"href":"https:\/\/ormcoeurope.com\/no\/wp-json\/wp\/v2\/pages\/154\/revisions\/3402"}],"up":[{"embeddable":true,"href":"https:\/\/ormcoeurope.com\/no\/wp-json\/wp\/v2\/pages\/153"}],"wp:attachment":[{"href":"https:\/\/ormcoeurope.com\/no\/wp-json\/wp\/v2\/media?parent=154"}],"curies":[{"name":"wp","href":"https:\/\/api.w.org\/{rel}","templated":true}]}}