{"id":5,"date":"2016-03-02T15:56:34","date_gmt":"2016-03-02T15:56:34","guid":{"rendered":"https:\/\/ormcoeurope.com\/?page_id=5"},"modified":"2025-05-08T17:36:56","modified_gmt":"2025-05-08T17:36:56","slug":"inicio","status":"publish","type":"page","link":"https:\/\/ormcoeurope.com\/no\/","title":{"rendered":"Home"},"content":{"rendered":"<div class=\"wpb-content-wrapper\"><p>[vc_section full_width=&#8221;stretch_row_content&#8221; el_class=&#8221;no-margin&#8221;][vc_row full_width=&#8221;stretch_row_content_no_spaces&#8221;][vc_column]<div class=\"banner   layout--content-right\" id=\"\" style=\"background-color: #0e1e4c\"><div class=\"banner-media visible-xs visible-sm\"><img loading=\"lazy\" decoding=\"async\" width=\"1024\" height=\"683\" src=\"https:\/\/ormcoeurope.com\/no\/wp-content\/uploads\/sites\/34\/2024\/01\/Homepage-header-1024x683.jpeg\" class=\"attachment-large size-large\" alt=\"\" srcset=\"https:\/\/ormcoeurope.com\/no\/wp-content\/uploads\/sites\/34\/2024\/01\/Homepage-header-1024x683.jpeg 1024w, https:\/\/ormcoeurope.com\/no\/wp-content\/uploads\/sites\/34\/2024\/01\/Homepage-header-300x200.jpeg 300w, https:\/\/ormcoeurope.com\/no\/wp-content\/uploads\/sites\/34\/2024\/01\/Homepage-header-768x512.jpeg 768w, https:\/\/ormcoeurope.com\/no\/wp-content\/uploads\/sites\/34\/2024\/01\/Homepage-header-1536x1025.jpeg 1536w, https:\/\/ormcoeurope.com\/no\/wp-content\/uploads\/sites\/34\/2024\/01\/Homepage-header-2048x1366.jpeg 2048w, https:\/\/ormcoeurope.com\/no\/wp-content\/uploads\/sites\/34\/2024\/01\/Homepage-header-660x440.jpeg 660w, https:\/\/ormcoeurope.com\/no\/wp-content\/uploads\/sites\/34\/2024\/01\/Homepage-header-100x67.jpeg 100w\" sizes=\"auto, (max-width: 1024px) 100vw, 1024px\" \/><\/div><div class=\"banner-media visible-md visible-lg\"><img loading=\"lazy\" decoding=\"async\" width=\"2560\" height=\"1708\" src=\"https:\/\/ormcoeurope.com\/no\/wp-content\/uploads\/sites\/34\/2024\/01\/Homepage-header-scaled.jpeg\" class=\"attachment-full size-full\" alt=\"\" srcset=\"https:\/\/ormcoeurope.com\/no\/wp-content\/uploads\/sites\/34\/2024\/01\/Homepage-header-scaled.jpeg 2560w, https:\/\/ormcoeurope.com\/no\/wp-content\/uploads\/sites\/34\/2024\/01\/Homepage-header-300x200.jpeg 300w, https:\/\/ormcoeurope.com\/no\/wp-content\/uploads\/sites\/34\/2024\/01\/Homepage-header-1024x683.jpeg 1024w, https:\/\/ormcoeurope.com\/no\/wp-content\/uploads\/sites\/34\/2024\/01\/Homepage-header-768x512.jpeg 768w, https:\/\/ormcoeurope.com\/no\/wp-content\/uploads\/sites\/34\/2024\/01\/Homepage-header-1536x1025.jpeg 1536w, https:\/\/ormcoeurope.com\/no\/wp-content\/uploads\/sites\/34\/2024\/01\/Homepage-header-2048x1366.jpeg 2048w, https:\/\/ormcoeurope.com\/no\/wp-content\/uploads\/sites\/34\/2024\/01\/Homepage-header-660x440.jpeg 660w, https:\/\/ormcoeurope.com\/no\/wp-content\/uploads\/sites\/34\/2024\/01\/Homepage-header-100x67.jpeg 100w\" sizes=\"auto, (max-width: 2560px) 100vw, 2560px\" \/><\/div><div class=\"container\" ><div class=\"banner-content content-wrap\" ><div class=\"content content--white\" ><h1>Kraften i<br \/>\nflotte smil<\/h1>\n<p><span class=\"ormco-underline\">\u00a0\u00a0<\/span><\/p>\n<p>Hos Ormco har vi gjort det till v\u00e5rt oppdrag \u00e5 forst\u00e5 smilet. Vi er fokuserte p\u00e5 de innovasjoner som er fremtiden for din praksis &#8211; vi hjelper deg \u00e5 forandre livet til dine pasienter.<\/p>\n<\/div><div class=\"mt-30\"><div class=\"vc_btn3-container vc_btn3-inline\"><a href=\"https:\/\/ormcoeurope.com\/no\/produkter\/\" class=\"vc_general vc_btn3 vc_btn3-size-md vc_btn3-style-btn vc_btn3-color-primary \" target=\"\">Utforsk produkter<\/a><\/div><\/div><\/div><\/div><\/div>[\/vc_column][\/vc_row][\/vc_section][vc_section full_width=&#8221;stretch_row&#8221; css=&#8221;.vc_custom_1702894740302{margin-top: 0px !important;background-color: #f2f1ec !important;}&#8221;][vc_row content_placement=&#8221;middle&#8221;][vc_column width=&#8221;1\/2&#8243;][vc_single_image image=&#8221;3276&#8243; img_size=&#8221;480X480&#8243; alignment=&#8221;center&#8221;][\/vc_column][vc_column width=&#8221;1\/2&#8243;][vc_column_text]<\/p>\n<h2><span style=\"color: #0e1e4c;\">60 \u00e5r. Bare kjeveortopedi.<\/span><\/h2>\n<p><span class=\"ormco-underline\">\u00a0\u00a0<\/span><\/p>\n<p>Ormco st\u00e5r bak over 60 \u00e5r med kjeveortopedisk innovasjon. Men kanskje viktigst av alt, vi st\u00e5r bak deg &#8211; og hjelper deg med \u00e5 gi best mulig pasientresultater bak hvert eneste unike smil.[\/vc_column_text][vc_empty_space height=&#8221;20&#8243;][vc_btn title=&#8221;Oppdag Ormco&#8221; style=&#8221;link&#8221; color=&#8221;secondary&#8221; i_align=&#8221;right&#8221; i_icon_fontawesome=&#8221;fas fa-angle-right&#8221; add_icon=&#8221;true&#8221; link=&#8221;url:https%3A%2F%2Formcoeurope.com%2Fno%2Formco%2Fformal%2F|title:Mission&#8221;][\/vc_column][\/vc_row][\/vc_section][vc_section][vc_row][vc_column]<div class=\"section-header\">\n                                <div class=\"content content--default\">\n                                    <h2 style=\"text-align: center;\"><span style=\"color: #0e1e4c;\">Et produkt for hver enkelt pasient<\/span><\/h2>\n<p style=\"text-align: center;\"><span class=\"ormco-underline\">\u00a0\u00a0<\/span><\/p>\n<p style=\"text-align: center;\"><span style=\"color: #0e1e4c;\">Med produkter, teknikker og prosesser som dekker hele bredden av praksisen din, hjelper vi deg med verkt\u00f8yene for kjeveortopedien, slik at du kan hjelpe pasientene dine med sine nye vakre smil.<\/span><\/p>\n\n                                <\/div>\n                            <\/div>[\/vc_column][\/vc_row][vc_row full_width=&#8221;stretch_row&#8221;][vc_column width=&#8221;1\/4&#8243;][vc_single_image image=&#8221;3284&#8243; img_size=&#8221;200&#215;200&#8243; alignment=&#8221;center&#8221;][vc_column_text css=&#8221;&#8221;]<\/p>\n<h3 style=\"text-align: center;\"><span style=\"color: #0e1e4c;\">Spark\u2122<\/span><\/h3>\n<p>&nbsp;<\/p>\n<p>[\/vc_column_text][vc_empty_space height=&#8221;20&#8243;][vc_btn title=&#8221;F\u00e5 mer informasjon&#8221; style=&#8221;btn&#8221; color=&#8221;primary&#8221; align=&#8221;center&#8221; link=&#8221;url:https%3A%2F%2Formcoeurope.com%2Fno%2Fproducts%2Fspark%2F|title:Spark&#8221;][vc_empty_space height=&#8221;20&#8243;][\/vc_column][vc_column width=&#8221;1\/4&#8243;][vc_single_image image=&#8221;3287&#8243; img_size=&#8221;200&#215;200&#8243; alignment=&#8221;center&#8221;][vc_column_text css=&#8221;&#8221;]<\/p>\n<h3 style=\"text-align: center;\"><span style=\"color: #0e1e4c;\">Damon Ultima\u2122<\/span><\/h3>\n<p>&nbsp;<\/p>\n<p>[\/vc_column_text][vc_empty_space height=&#8221;20&#8243;][vc_btn title=&#8221;F\u00e5 mer informasjon&#8221; style=&#8221;btn&#8221; color=&#8221;primary&#8221; align=&#8221;center&#8221; link=&#8221;url:https%3A%2F%2Formcoeurope.com%2Fno%2Fproducts%2Fbrackets%2Fself-ligating%2Fdamon-ultima%2F|title:Damon%20Ultima&#8221;][vc_empty_space height=&#8221;20&#8243;][\/vc_column][vc_column width=&#8221;1\/4&#8243;][vc_single_image image=&#8221;3286&#8243; img_size=&#8221;200&#215;200&#8243; alignment=&#8221;center&#8221;][vc_column_text css=&#8221;&#8221;]<\/p>\n<h3 style=\"text-align: center;\"><span style=\"color: #0e1e4c;\">Symetri\u2122<\/span><\/h3>\n<p>&nbsp;<\/p>\n<p>[\/vc_column_text][vc_empty_space height=&#8221;20&#8243;][vc_btn title=&#8221;F\u00e5 mer informasjon&#8221; style=&#8221;btn&#8221; color=&#8221;primary&#8221; align=&#8221;center&#8221; link=&#8221;url:https%3A%2F%2Formcoeurope.com%2Fno%2Fproducts%2Fbrackets%2Faestetik%2Fsymetri%2F|title:Symetri&#8221;][vc_empty_space height=&#8221;20&#8243;][\/vc_column][vc_column width=&#8221;1\/4&#8243;][vc_single_image image=&#8221;4400&#8243; img_size=&#8221;200&#215;200&#8243; alignment=&#8221;center&#8221; css=&#8221;&#8221;][vc_column_text css=&#8221;&#8221;]<\/p>\n<h3 style=\"text-align: center;\"><span style=\"color: #0e1e4c;\">Ormco\u2122 Digital Bonding<\/span><\/h3>\n<p>[\/vc_column_text][vc_empty_space height=&#8221;20&#8243;][vc_btn title=&#8221;F\u00e5 mer informasjon&#8221; style=&#8221;btn&#8221; color=&#8221;primary&#8221; align=&#8221;center&#8221; css=&#8221;&#8221; link=&#8221;url:https%3A%2F%2Formcoeurope.com%2Fno%2Formco-digital-bonding%2F|title:Ormco%20Digital%20Bonding&#8221;][vc_empty_space height=&#8221;20&#8243;][\/vc_column][\/vc_row][\/vc_section][vc_section css=&#8221;.vc_custom_1702373069520{margin-bottom: 70px !important;}&#8221;][vc_row][vc_column][vc_btn title=&#8221;Se alle v\u00e5re produkter&#8221; style=&#8221;link&#8221; color=&#8221;secondary&#8221; align=&#8221;center&#8221; i_align=&#8221;right&#8221; i_icon_fontawesome=&#8221;fas fa-angle-right&#8221; add_icon=&#8221;true&#8221; link=&#8221;url:https%3A%2F%2Formcoeurope.com%2Fno%2Fprodukter%2F|title:Products&#8221;][\/vc_column][\/vc_row][\/vc_section][vc_section full_width=&#8221;stretch_row&#8221; css=&#8221;.vc_custom_1725868500751{background-image: url(https:\/\/ormcoeurope.com\/no\/wp-content\/uploads\/sites\/34\/2024\/09\/ODB-blue-background-gradient-01-scaled.jpg?id=4399) !important;}&#8221;][vc_row][vc_column][vc_single_image image=&#8221;4398&#8243; img_size=&#8221;medium&#8221; alignment=&#8221;center&#8221; css=&#8221;&#8221;][\/vc_column][\/vc_row][vc_row][vc_column][vc_column_text css=&#8221;&#8221; el_class=&#8221;wpb_text_column&#8211;white&#8221;]<\/p>\n<h2 style=\"text-align: center;\"><span class=\"ormco-underline\">\u00a0\u00a0<\/span><\/h2>\n<h2 style=\"text-align: center;\">Digitally powered clinical excellence<\/h2>\n<p style=\"text-align: center;\">Powered by Spark\u2122 Technology, Ormco\u2122 Digital Bonding combines our best-in-class solutions to achieve bracket position. It leverages Ormco brackets and wires, the Spark Software Platform, and Ormco Jigs Technology to streamline practice workflow.<\/p>\n<p>[\/vc_column_text][vc_single_image image=&#8221;4401&#8243; img_size=&#8221;full&#8221; alignment=&#8221;center&#8221; css_animation=&#8221;appear&#8221; css=&#8221;&#8221;][vc_empty_space height=&#8221;20px&#8221;][vc_btn title=&#8221;F\u00e5 mer informasjon&#8221; style=&#8221;btn&#8221; color=&#8221;primary&#8221; align=&#8221;center&#8221; css=&#8221;&#8221; link=&#8221;url:https%3A%2F%2Formcoeurope.com%2Fno%2Formco-digital-bonding%2F|title:Ormco%20Digital%20Bonding&#8221;][\/vc_column][\/vc_row][\/vc_section][vc_section full_width=&#8221;stretch_row&#8221; css=&#8221;.vc_custom_1703167117629{background-color: #4ec3e0 !important;}&#8221; el_class=&#8221;no-margin&#8221;][vc_row][vc_column][vc_single_image image=&#8221;3285&#8243; img_size=&#8221;full&#8221; alignment=&#8221;center&#8221; css=&#8221;.vc_custom_1705528542602{margin-bottom: 25px !important;}&#8221;][\/vc_column][\/vc_row][vc_row full_width=&#8221;stretch_row&#8221;][vc_column][vc_column_text el_class=&#8221;wpb_text_column&#8211;white&#8221;]<\/p>\n<p style=\"text-align: center;\"><span class=\"ormco-underline\">\u00a0\u00a0<\/span><\/p>\n<h2 style=\"text-align: center;\">Utviklet for kjeveortopeders behov<\/h2>\n<p style=\"text-align: center;\">Spark er et avansert clear aligner-system som er utviklet for mer forutsigbar og effektiv behandlingsplanlegging fra start til slutt.<\/p>\n<p>[\/vc_column_text][vc_single_image image=&#8221;3283&#8243; img_size=&#8221;large&#8221; alignment=&#8221;center&#8221;][vc_empty_space height=&#8221;20&#8243;][vc_btn title=&#8221;Mer informasjon&#8221; style=&#8221;btn&#8221; color=&#8221;primary&#8221; align=&#8221;center&#8221; link=&#8221;url:https%3A%2F%2Formcoeurope.com%2Fno%2Fproducts%2Fspark%2F|title:Spark&#8221;][\/vc_column][\/vc_row][\/vc_section][vc_section full_width=&#8221;stretch_row&#8221; css=&#8221;.vc_custom_1702308552432{background-color: #0e1e4c !important;}&#8221; el_class=&#8221;no-margin&#8221;][vc_row el_class=&#8221;layout&#8211;content-left&#8221;][vc_column][vc_column_text el_class=&#8221;wpb_text_column&#8211;white&#8221;]<\/p>\n<h2 style=\"text-align: left;\">Elevate your practice &amp; become a provider today.<\/h2>\n<p style=\"text-align: left;\">The time is now!<\/p>\n<p>[\/vc_column_text][vc_empty_space height=&#8221;20&#8243;]<div class=\"vc_btn3-container vc_btn3-inline\">\n                                            <button type=\"button\" class=\"vc_general vc_btn3 vc_btn3-size-md vc_btn3-style-btn vc_btn3-color-primary\"\n                                                    data-toggle=\"modal\" data-target=\"#modal-start-today-858\">Start today<\/button><\/div><div class=\"modal fade\" id=\"modal-start-today-858\" tabindex=\"-1\"\n                                 aria-labelledby=\"start-today-858\" aria-hidden=\"true\">\n                                <div class=\"modal-dialog modal-dialog-centered\">\n                                    <div class=\"modal-content content content--default\">\n                                        <div class=\"modal-header\">\n                                             <button type=\"button\" class=\"close\" data-dismiss=\"modal\" aria-label=\"Close\">\n                                                 <svg class=\"svg-icon\" style=\"fill: #666666; overflow: hidden;\" viewBox=\"0 0 1024 1024\"\n                                                      version=\"1.1\" xmlns=\"http:\/\/www.w3.org\/2000\/svg\">\n                                                      <path d=\"M4.43392 97.36192l90.5088-90.5088 923.18976 923.18976-90.5088 90.5088-923.18976-923.18976ZM930.04288 4.43392l90.5088 90.5088-923.18976 923.18976-90.5088-90.5088 923.18976-923.18976Z\"\/>\n                                                 <\/svg>\n                                             <\/button><h2>Start today<\/h2>\n<\/div><div class=\"modal-body\"><script charset=\"utf-8\" type=\"text\/javascript\" src=\"\/\/js.hsforms.net\/forms\/v2.js\"><\/script>\n                                <script>\n                                    hbspt.forms.create({\n                                       portalId: \"\",\n                                       formId: \"c7fbac51-e133-4999-a3bb-6e3321e85923\",\n                                    });\n                                <\/script><\/div><\/div><\/div><\/div>[\/vc_column][\/vc_row][\/vc_section][vc_section full_width=&#8221;stretch_row&#8221; css=&#8221;.vc_custom_1702373029038{background-color: #f2f1ec !important;}&#8221; el_class=&#8221;no-margin&#8221;][vc_row][vc_column width=&#8221;1\/2&#8243;][vc_empty_space height=&#8221;70&#8243;][vc_column_text]<\/p>\n<h2><span style=\"color: #0e1e4c;\">Utdanne og l\u00f8fte<\/span><\/h2>\n<p><span class=\"ormco-underline\">\u00a0\u00a0<\/span><\/p>\n<p>En stor del av det vi gj\u00f8r hos Ormco, er \u00e5 utdanne kjeveortopeder om hva som er neste steg for deres praksis. Bli med oss p\u00e5 en av v\u00e5re l\u00e6ringsarenaer, der vi introduserer deg for fremtidens praksis.[\/vc_column_text][vc_empty_space height=&#8221;20&#8243;][vc_btn title=&#8221;Utforsk v\u00e5r oppl\u00e6ring&#8221; style=&#8221;btn&#8221; color=&#8221;secondary&#8221; link=&#8221;url:https%3A%2F%2Formcoeurope.com%2Fno%2Futdanning%2F|title:Education&#8221;][\/vc_column][vc_column width=&#8221;1\/2&#8243;][vc_single_image image=&#8221;3279&#8243; img_size=&#8221;full&#8221;][\/vc_column][\/vc_row][\/vc_section][vc_section full_width=&#8221;stretch_row&#8221; css=&#8221;.vc_custom_1702308552432{background-color: #0e1e4c !important;}&#8221; el_class=&#8221;no-margin&#8221;][vc_row el_class=&#8221;layout&#8211;content-right&#8221;][vc_column][vc_column_text el_class=&#8221;wpb_text_column&#8211;white&#8221;]<\/p>\n<h2 style=\"text-align: left;\">F\u00e5 det m\u00e5nedlige Ormco-nyhetsbrevet i innboksen din<\/h2>\n<p style=\"text-align: left;\">Hver m\u00e5ned sender vi ut et nyhetsbrev med den nyesteproduktutviklingen,<br \/>\ncasestudier ogkommende utdanningsarrangementer!<\/p>\n<p>[\/vc_column_text][vc_empty_space height=&#8221;20&#8243;]<div class=\"vc_btn3-container vc_btn3-inline\">\n                                            <button type=\"button\" class=\"vc_general vc_btn3 vc_btn3-size-md vc_btn3-style-btn vc_btn3-color-primary\"\n                                                    data-toggle=\"modal\" data-target=\"#modal-abonner-na-939\">Abonner n\u00e5<\/button><\/div><div class=\"modal fade\" id=\"modal-abonner-na-939\" tabindex=\"-1\"\n                                 aria-labelledby=\"abonner-na-939\" aria-hidden=\"true\">\n                                <div class=\"modal-dialog modal-dialog-centered\">\n                                    <div class=\"modal-content content content--default\">\n                                        <div class=\"modal-header\">\n                                             <button type=\"button\" class=\"close\" data-dismiss=\"modal\" aria-label=\"Close\">\n                                                 <svg class=\"svg-icon\" style=\"fill: #666666; overflow: hidden;\" viewBox=\"0 0 1024 1024\"\n                                                      version=\"1.1\" xmlns=\"http:\/\/www.w3.org\/2000\/svg\">\n                                                      <path d=\"M4.43392 97.36192l90.5088-90.5088 923.18976 923.18976-90.5088 90.5088-923.18976-923.18976ZM930.04288 4.43392l90.5088 90.5088-923.18976 923.18976-90.5088-90.5088 923.18976-923.18976Z\"\/>\n                                                 <\/svg>\n                                             <\/button><h2 style=\"text-align: left;\">F\u00e5 det m\u00e5nedlige Ormco-nyhetsbrevet i innboksen din<\/h2>\n<\/div><div class=\"modal-body\"><script charset=\"utf-8\" type=\"text\/javascript\" src=\"\/\/js.hsforms.net\/forms\/v2.js\"><\/script>\n                                <script>\n                                    hbspt.forms.create({\n                                       portalId: \"\",\n                                       formId: \"1a19e379-20ca-40d6-bdd8-05fcf3265938\",\n                                    });\n                                <\/script><\/div><\/div><\/div><\/div>[\/vc_column][\/vc_row][\/vc_section][vc_row][vc_column][vc_empty_space height=&#8221;40px&#8221;][vc_column_text]<\/p>\n<h2 class=\"cvGsUA direction-ltr align-center para-style-body\"><span class=\"OYPEnA text-decoration-none text-strikethrough-none\" style=\"color: #0e1e4c;\">Our results<\/span><\/h2>\n<p>[\/vc_column_text][vc_empty_space height=&#8221;40px&#8221;][\/vc_column][\/vc_row][vc_row][vc_column width=&#8221;1\/3&#8243; offset=&#8221;vc_hidden-sm vc_hidden-xs&#8221;][vc_single_image image=&#8221;3277&#8243; alignment=&#8221;center&#8221; style=&#8221;vc_box_circle_2&#8243;][vc_empty_space][vc_column_text]<\/p>\n<h4><span class=\"text-spark\" style=\"color: #0e1e4c;\">61 weeks of treatment<\/span><\/h4>\n<p>Type of malocclusion:<br \/>\nopen bite case<\/p>\n<p>Treated by: Dr Diego Peydro[\/vc_column_text][vc_empty_space][vc_btn title=&#8221;Go to the case gallery&#8221; style=&#8221;btn&#8221; color=&#8221;primary&#8221; css=&#8221;&#8221; link=&#8221;url:https%3A%2F%2Formcoeurope.com%2Fno%2Fcase-reports%2F|title:Case%20reports&#8221;][\/vc_column][vc_column width=&#8221;2\/3&#8243;]<div class=\"before-after\"><div class=\"ba-slider\" data-component=\"ba-slider\">\n                                <div class=\"slider\">\n                                    <label for=\"slider-range\" class=\"slider-label\">Move image comparison slider<\/label>\n                                    <input type=\"range\" min=\"0\" max=\"100\" value=\"50\" class=\"slider-range\" id=\"slider-range\" data-ba-range=\"\">\n                                    <div class=\"slide slide--overlay\" data-ba-overlay=\"\">\n                                         <figure class=\"slide-figure slide-figure--overlay\">\n                                            <img loading=\"lazy\" decoding=\"async\" width=\"1460\" height=\"730\" src=\"https:\/\/ormcoeurope.com\/no\/wp-content\/uploads\/sites\/34\/2024\/01\/Our-results-Before-openbite-teeth-1.jpg\" class=\"attachment-before-after size-before-after\" alt=\"\" srcset=\"https:\/\/ormcoeurope.com\/no\/wp-content\/uploads\/sites\/34\/2024\/01\/Our-results-Before-openbite-teeth-1.jpg 1460w, https:\/\/ormcoeurope.com\/no\/wp-content\/uploads\/sites\/34\/2024\/01\/Our-results-Before-openbite-teeth-1-300x150.jpg 300w, https:\/\/ormcoeurope.com\/no\/wp-content\/uploads\/sites\/34\/2024\/01\/Our-results-Before-openbite-teeth-1-1024x512.jpg 1024w, https:\/\/ormcoeurope.com\/no\/wp-content\/uploads\/sites\/34\/2024\/01\/Our-results-Before-openbite-teeth-1-768x384.jpg 768w, https:\/\/ormcoeurope.com\/no\/wp-content\/uploads\/sites\/34\/2024\/01\/Our-results-Before-openbite-teeth-1-100x50.jpg 100w\" sizes=\"auto, (max-width: 1460px) 100vw, 1460px\" \/>\n                                            <figcaption class=\"slide-caption slide-caption--before\">\n                                                  <span>Before<\/span>\n                                             <\/figcaption>\n                                         <\/figure>\n                                    <\/div>\n                                    <div class=\"slide-toggle\" data-ba-toggle=\"\">\n                                        <span class=\"slide-thumb\">\n                                           <svg xmlns=\"http:\/\/www.w3.org\/2000\/svg\" width=\"18\" height=\"10\"\n                                                viewBox=\"0 0 18 10\" fill=\"#fff\">\n                                              <path d=\"M12.121 4.703V.488c0-.302.384-.454.609-.24l4.42 4.214a.33.33 0 0 1 0 .481l-4.42 4.214c-.225.215-.609.063-.609-.24V4.703z\"><\/path>\n                                              <path d=\"M5.879 4.703V.488c0-.302-.384-.454-.609-.24L.85 4.462a.33.33 0 0 0 0 .481l4.42 4.214c.225.215.609.063.609-.24V4.703z\"><\/path>\n                                           <\/svg>\n                                        <\/span>\n                                    <\/div>\n                                    <div class=\"slide\">\n                                       <figure class=\"slide-figure\">\n                                            <img loading=\"lazy\" decoding=\"async\" width=\"1460\" height=\"730\" src=\"https:\/\/ormcoeurope.com\/no\/wp-content\/uploads\/sites\/34\/2024\/01\/Our-results-After-openbite-teeth-1.jpg\" class=\"attachment-before-after size-before-after\" alt=\"\" srcset=\"https:\/\/ormcoeurope.com\/no\/wp-content\/uploads\/sites\/34\/2024\/01\/Our-results-After-openbite-teeth-1.jpg 1460w, https:\/\/ormcoeurope.com\/no\/wp-content\/uploads\/sites\/34\/2024\/01\/Our-results-After-openbite-teeth-1-300x150.jpg 300w, https:\/\/ormcoeurope.com\/no\/wp-content\/uploads\/sites\/34\/2024\/01\/Our-results-After-openbite-teeth-1-1024x512.jpg 1024w, https:\/\/ormcoeurope.com\/no\/wp-content\/uploads\/sites\/34\/2024\/01\/Our-results-After-openbite-teeth-1-768x384.jpg 768w, https:\/\/ormcoeurope.com\/no\/wp-content\/uploads\/sites\/34\/2024\/01\/Our-results-After-openbite-teeth-1-100x50.jpg 100w\" sizes=\"auto, (max-width: 1460px) 100vw, 1460px\" \/>\n                                            <figcaption class=\"slide-caption slide-caption--after\">\n                                                <span>After<\/span>\n                                            <\/figcaption>\n                                        <\/figure>\n                                    <\/div>\n                                <\/div>\n                           <\/div><\/div>[\/vc_column][\/vc_row][vc_row][vc_column][vc_empty_space height=&#8221;40px&#8221;][\/vc_column][\/vc_row]<\/p>\n<\/div>","protected":false},"excerpt":{"rendered":"<p>[vc_section full_width=&#8221;stretch_row_content&#8221; el_class=&#8221;no-margin&#8221;][vc_row full_width=&#8221;stretch_row_content_no_spaces&#8221;][vc_column][\/vc_column][\/vc_row][\/vc_section][vc_section full_width=&#8221;stretch_row&#8221; css=&#8221;.vc_custom_1702894740302{margin-top: 0px !important;background-color: #f2f1ec !important;}&#8221;][vc_row content_placement=&#8221;middle&#8221;][vc_column width=&#8221;1\/2&#8243;][vc_single_image image=&#8221;3276&#8243; img_size=&#8221;480X480&#8243; alignment=&#8221;center&#8221;][\/vc_column][vc_column width=&#8221;1\/2&#8243;][vc_column_text] 60 \u00e5r. Bare kjeveortopedi. \u00a0\u00a0 Ormco st\u00e5r bak over 60 \u00e5r med kjeveortopedisk innovasjon. Men kanskje viktigst av alt, vi st\u00e5r bak deg &#8211; og hjelper deg med \u00e5 gi best mulig pasientresultater bak hvert eneste unike smil.[\/vc_column_text][vc_empty_space height=&#8221;20&#8243;][vc_btn [&hellip;]<\/p>\n","protected":false},"author":2,"featured_media":0,"parent":0,"menu_order":1,"comment_status":"closed","ping_status":"closed","template":"template-inicio.php","meta":{"_acf_changed":false,"inline_featured_image":false,"footnotes":""},"class_list":["post-5","page","type-page","status-publish","hentry"],"acf":[],"_links":{"self":[{"href":"https:\/\/ormcoeurope.com\/no\/wp-json\/wp\/v2\/pages\/5","targetHints":{"allow":["GET"]}}],"collection":[{"href":"https:\/\/ormcoeurope.com\/no\/wp-json\/wp\/v2\/pages"}],"about":[{"href":"https:\/\/ormcoeurope.com\/no\/wp-json\/wp\/v2\/types\/page"}],"author":[{"embeddable":true,"href":"https:\/\/ormcoeurope.com\/no\/wp-json\/wp\/v2\/users\/2"}],"replies":[{"embeddable":true,"href":"https:\/\/ormcoeurope.com\/no\/wp-json\/wp\/v2\/comments?post=5"}],"version-history":[{"count":50,"href":"https:\/\/ormcoeurope.com\/no\/wp-json\/wp\/v2\/pages\/5\/revisions"}],"predecessor-version":[{"id":4898,"href":"https:\/\/ormcoeurope.com\/no\/wp-json\/wp\/v2\/pages\/5\/revisions\/4898"}],"wp:attachment":[{"href":"https:\/\/ormcoeurope.com\/no\/wp-json\/wp\/v2\/media?parent=5"}],"curies":[{"name":"wp","href":"https:\/\/api.w.org\/{rel}","templated":true}]}}