{"id":2615,"date":"2016-03-02T15:56:34","date_gmt":"2016-03-02T15:56:34","guid":{"rendered":"https:\/\/ormcoeurope.com\/ro\/inicio\/"},"modified":"2025-05-09T13:56:26","modified_gmt":"2025-05-09T13:56:26","slug":"inicio","status":"publish","type":"page","link":"https:\/\/ormcoeurope.com\/ro\/","title":{"rendered":"Home"},"content":{"rendered":"<div class=\"wpb-content-wrapper\"><p>[vc_section full_width=&#8221;stretch_row_content&#8221; el_class=&#8221;no-margin&#8221;][vc_row full_width=&#8221;stretch_row_content_no_spaces&#8221;][vc_column]<div class=\"banner   layout--content-right\" id=\"\" style=\"background-color: #0e1e4c\"><div class=\"banner-media visible-xs visible-sm\"><img loading=\"lazy\" decoding=\"async\" width=\"1024\" height=\"683\" src=\"https:\/\/ormcoeurope.com\/ro\/wp-content\/uploads\/sites\/31\/2024\/01\/Homepage-header-1024x683.jpeg\" class=\"attachment-large size-large\" alt=\"\" srcset=\"https:\/\/ormcoeurope.com\/ro\/wp-content\/uploads\/sites\/31\/2024\/01\/Homepage-header-1024x683.jpeg 1024w, https:\/\/ormcoeurope.com\/ro\/wp-content\/uploads\/sites\/31\/2024\/01\/Homepage-header-300x200.jpeg 300w, https:\/\/ormcoeurope.com\/ro\/wp-content\/uploads\/sites\/31\/2024\/01\/Homepage-header-768x512.jpeg 768w, https:\/\/ormcoeurope.com\/ro\/wp-content\/uploads\/sites\/31\/2024\/01\/Homepage-header-1536x1025.jpeg 1536w, https:\/\/ormcoeurope.com\/ro\/wp-content\/uploads\/sites\/31\/2024\/01\/Homepage-header-2048x1366.jpeg 2048w, https:\/\/ormcoeurope.com\/ro\/wp-content\/uploads\/sites\/31\/2024\/01\/Homepage-header-660x440.jpeg 660w, https:\/\/ormcoeurope.com\/ro\/wp-content\/uploads\/sites\/31\/2024\/01\/Homepage-header-100x67.jpeg 100w\" sizes=\"auto, (max-width: 1024px) 100vw, 1024px\" \/><\/div><div class=\"banner-media visible-md visible-lg\"><img loading=\"lazy\" decoding=\"async\" width=\"2560\" height=\"1708\" src=\"https:\/\/ormcoeurope.com\/ro\/wp-content\/uploads\/sites\/31\/2024\/01\/Homepage-header-scaled.jpeg\" class=\"attachment-full size-full\" alt=\"\" srcset=\"https:\/\/ormcoeurope.com\/ro\/wp-content\/uploads\/sites\/31\/2024\/01\/Homepage-header-scaled.jpeg 2560w, https:\/\/ormcoeurope.com\/ro\/wp-content\/uploads\/sites\/31\/2024\/01\/Homepage-header-300x200.jpeg 300w, https:\/\/ormcoeurope.com\/ro\/wp-content\/uploads\/sites\/31\/2024\/01\/Homepage-header-1024x683.jpeg 1024w, https:\/\/ormcoeurope.com\/ro\/wp-content\/uploads\/sites\/31\/2024\/01\/Homepage-header-768x512.jpeg 768w, https:\/\/ormcoeurope.com\/ro\/wp-content\/uploads\/sites\/31\/2024\/01\/Homepage-header-1536x1025.jpeg 1536w, https:\/\/ormcoeurope.com\/ro\/wp-content\/uploads\/sites\/31\/2024\/01\/Homepage-header-2048x1366.jpeg 2048w, https:\/\/ormcoeurope.com\/ro\/wp-content\/uploads\/sites\/31\/2024\/01\/Homepage-header-660x440.jpeg 660w, https:\/\/ormcoeurope.com\/ro\/wp-content\/uploads\/sites\/31\/2024\/01\/Homepage-header-100x67.jpeg 100w\" sizes=\"auto, (max-width: 2560px) 100vw, 2560px\" \/><\/div><div class=\"container\" ><div class=\"banner-content content-wrap\" ><div class=\"content content--white\" ><h1>Puterea<br \/>\nz\u00e2mbetelor minunate<\/h1>\n<p><span class=\"ormco-underline\">\u00a0\u00a0<\/span><\/p>\n<p>La Ormco, misiunea noastr\u0103 este s\u0103 \u00een\u021belegem z\u00e2mbetele. Ne concentr\u0103m exclusiv pe inova\u021biile care reprezint\u0103 viitorul cabinetului dumneavoastr\u0103. Astfel, v\u0103 vom ajuta s\u0103 schimba\u021bi vie\u021bile pacien\u021bilor<\/p>\n<\/div><div class=\"mt-30\"><div class=\"vc_btn3-container vc_btn3-inline\"><a href=\"https:\/\/ormcoeurope.com\/ro\/produse\/\" class=\"vc_general vc_btn3 vc_btn3-size-md vc_btn3-style-btn vc_btn3-color-primary \" target=\"\">Descoperi\u021bi produsele noastre<\/a><\/div><\/div><\/div><\/div><\/div>[\/vc_column][\/vc_row][\/vc_section][vc_section full_width=&#8221;stretch_row&#8221; css=&#8221;.vc_custom_1702894740302{margin-top: 0px !important;background-color: #f2f1ec !important;}&#8221;][vc_row content_placement=&#8221;middle&#8221;][vc_column width=&#8221;1\/2&#8243;][vc_single_image image=&#8221;3125&#8243; img_size=&#8221;480X480&#8243; alignment=&#8221;center&#8221;][\/vc_column][vc_column width=&#8221;1\/2&#8243;][vc_column_text]<\/p>\n<h2><span style=\"color: #0e1e4c;\">60 de ani dedica\u021bi doar ortodon\u021biei<\/span><\/h2>\n<p><span class=\"ormco-underline\">\u00a0\u00a0<\/span><\/p>\n<p><span style=\"color: #0e1e4c;\">Performan\u021ba Ormco este sus\u021binut\u0103 de peste 60 de ani de inova\u021bie \u00een ortodon\u021bie. Dar, poate cel mai important, v\u0103 sus\u021binem pentru a oferi cele mai bune rezultate posibile pacien\u021bilor, pentru a le crea z\u00e2mbete unice.<\/span>[\/vc_column_text][vc_empty_space height=&#8221;20&#8243;][vc_btn title=&#8221;Despre Ormco&#8221; style=&#8221;link&#8221; color=&#8221;secondary&#8221; i_align=&#8221;right&#8221; i_icon_fontawesome=&#8221;fas fa-angle-right&#8221; add_icon=&#8221;true&#8221; link=&#8221;url:https%3A%2F%2Formcoeurope.com%2Fro%2Formco%2Fmission%2F|title:Mission&#8221;][\/vc_column][\/vc_row][\/vc_section][vc_section][vc_row][vc_column]<div class=\"section-header\">\n                                <div class=\"content content--default\">\n                                    <h2 style=\"text-align: center;\"><span style=\"color: #0e1e4c;\">Un produs pentru fiecare pacient<\/span><\/h2>\n<p style=\"text-align: center;\"><span class=\"ormco-underline\">\u00a0\u00a0<\/span><\/p>\n<p style=\"text-align: center;\">Cu produse, tehnici \u0219i procese care acoper\u0103 \u00eentreaga sfer\u0103 a cabinetului dumneavoastr\u0103, v\u0103 vom ajuta s\u0103 aborda\u021bi provoc\u0103rile \u00een materie de ortodon\u021bie, astfel \u00eenc\u00e2t s\u0103 v\u0103 pute\u021bi ajuta pacien\u021bii s\u0103 abordeze viitorul cu un z\u00e2mbet frumos.<\/p>\n\n                                <\/div>\n                            <\/div>[\/vc_column][\/vc_row][vc_row full_width=&#8221;stretch_row&#8221;][vc_column width=&#8221;1\/4&#8243;][vc_single_image image=&#8221;3133&#8243; img_size=&#8221;200&#215;200&#8243; alignment=&#8221;center&#8221;][vc_column_text css=&#8221;&#8221;]<\/p>\n<h3 style=\"text-align: center;\"><span style=\"color: #0e1e4c;\">Spark\u2122<\/span><\/h3>\n<p>&nbsp;<\/p>\n<p>[\/vc_column_text][vc_empty_space height=&#8221;20&#8243;][vc_btn title=&#8221;Mai multe informa\u021bii&#8221; style=&#8221;btn&#8221; color=&#8221;primary&#8221; align=&#8221;center&#8221; link=&#8221;url:https%3A%2F%2Formcoeurope.com%2Fro%2Fproducts%2Fspark%2F|title:Spark&#8221;][vc_empty_space height=&#8221;20&#8243;][\/vc_column][vc_column width=&#8221;1\/4&#8243;][vc_single_image image=&#8221;3136&#8243; img_size=&#8221;200&#215;200&#8243; alignment=&#8221;center&#8221;][vc_column_text css=&#8221;&#8221;]<\/p>\n<h3 style=\"text-align: center;\"><span style=\"color: #0e1e4c;\">Damon Ultima\u2122<\/span><\/h3>\n<p>&nbsp;<\/p>\n<p>[\/vc_column_text][vc_empty_space height=&#8221;20&#8243;][vc_btn title=&#8221;Mai multe informa\u021bii&#8221; style=&#8221;btn&#8221; color=&#8221;primary&#8221; align=&#8221;center&#8221; link=&#8221;url:https%3A%2F%2Formcoeurope.com%2Fro%2Fproducts%2Fbrackets%2Fself-ligating%2Fdamon-ultima%2F|title:Damon%20Ultima&#8221;][vc_empty_space height=&#8221;20&#8243;][\/vc_column][vc_column width=&#8221;1\/4&#8243;][vc_single_image image=&#8221;3135&#8243; img_size=&#8221;200&#215;200&#8243; alignment=&#8221;center&#8221;][vc_column_text css=&#8221;&#8221;]<\/p>\n<h3 style=\"text-align: center;\"><span style=\"color: #0e1e4c;\">Symetri\u2122<\/span><\/h3>\n<p>&nbsp;<\/p>\n<p>[\/vc_column_text][vc_empty_space height=&#8221;20&#8243;][vc_btn title=&#8221;Mai multe informa\u021bii&#8221; style=&#8221;btn&#8221; color=&#8221;primary&#8221; align=&#8221;center&#8221; link=&#8221;url:https%3A%2F%2Formcoeurope.com%2Fro%2Fproducts%2Fbrackets%2Faestheic%2Fsymetri%2F|title:Symetri&#8221;][vc_empty_space height=&#8221;20&#8243;][\/vc_column][vc_column width=&#8221;1\/4&#8243;][vc_single_image image=&#8221;4347&#8243; img_size=&#8221;200&#215;200&#8243; alignment=&#8221;center&#8221; css=&#8221;&#8221;][vc_column_text css=&#8221;&#8221;]<\/p>\n<h3 style=\"text-align: center;\"><span style=\"color: #0e1e4c;\">Ormco\u2122 Digital Bonding<\/span><\/h3>\n<p>[\/vc_column_text][vc_empty_space height=&#8221;20&#8243;][vc_btn title=&#8221;Mai multe informa\u021bii&#8221; style=&#8221;btn&#8221; color=&#8221;primary&#8221; align=&#8221;center&#8221; css=&#8221;&#8221; link=&#8221;url:https%3A%2F%2Formcoeurope.com%2Fro%2Formco-digital-bonding%2F|title:Ormco%20Digital%20Bonding&#8221;][vc_empty_space height=&#8221;20&#8243;][\/vc_column][\/vc_row][\/vc_section][vc_section css=&#8221;.vc_custom_1702373069520{margin-bottom: 70px !important;}&#8221;][vc_row][vc_column][vc_btn title=&#8221;Vezi toate produsele noastre&#8221; style=&#8221;link&#8221; color=&#8221;secondary&#8221; align=&#8221;center&#8221; i_align=&#8221;right&#8221; i_icon_fontawesome=&#8221;fas fa-angle-right&#8221; add_icon=&#8221;true&#8221; link=&#8221;url:https%3A%2F%2Formcoeurope.com%2Fro%2Fproduse%2F|title:Products&#8221;][\/vc_column][\/vc_row][\/vc_section][vc_section full_width=&#8221;stretch_row&#8221; css=&#8221;.vc_custom_1725634208021{background-image: url(https:\/\/ormcoeurope.com\/ro\/wp-content\/uploads\/sites\/31\/2024\/09\/ODB-blue-background-gradient-01-scaled.jpg?id=4346) !important;}&#8221;][vc_row][vc_column][vc_single_image image=&#8221;4345&#8243; img_size=&#8221;medium&#8221; alignment=&#8221;center&#8221; css=&#8221;&#8221;][\/vc_column][\/vc_row][vc_row][vc_column][vc_column_text css=&#8221;&#8221; el_class=&#8221;wpb_text_column&#8211;white&#8221;]<\/p>\n<h2 style=\"text-align: center;\"><span class=\"ormco-underline\">\u00a0\u00a0<\/span><\/h2>\n<h2 style=\"text-align: center;\">Excelen\u021b\u0103 clinic\u0103 digital\u0103<\/h2>\n<p style=\"text-align: center;\">Pe baza tehnologiei Spark\u2122, Ormco\u2122 Digital Bonding combin\u0103 cele mai bune solu\u021bii de care dispunem pentru pozi\u021bionarea optim\u0103 a bracke\u021bilor. Acest sistem valorific\u0103 bracke\u021bii \u0219i arcurile Ormco, platforma software Spark \u0219i tehnologia \u0219abloanelor de colaj indirect Ormco pentru a eficientiza fluxul de lucru din cabinet.<\/p>\n<p>[\/vc_column_text][vc_single_image image=&#8221;4348&#8243; img_size=&#8221;full&#8221; alignment=&#8221;center&#8221; css_animation=&#8221;appear&#8221; css=&#8221;&#8221;][vc_empty_space height=&#8221;20px&#8221;][vc_btn title=&#8221;Mai multe informa\u021bii&#8221; style=&#8221;btn&#8221; color=&#8221;primary&#8221; align=&#8221;center&#8221; css=&#8221;&#8221; link=&#8221;url:https%3A%2F%2Formcoeurope.com%2Fro%2Formco-digital-bonding%2F|title:Ormco%20Digital%20Bonding&#8221;][\/vc_column][\/vc_row][\/vc_section][vc_section full_width=&#8221;stretch_row&#8221; css=&#8221;.vc_custom_1703167117629{background-color: #4ec3e0 !important;}&#8221; el_class=&#8221;no-margin&#8221;][vc_row][vc_column][vc_single_image image=&#8221;3134&#8243; img_size=&#8221;full&#8221; alignment=&#8221;center&#8221; css=&#8221;.vc_custom_1705525731812{margin-bottom: 25px !important;}&#8221;][\/vc_column][\/vc_row][vc_row full_width=&#8221;stretch_row&#8221;][vc_column][vc_column_text el_class=&#8221;wpb_text_column&#8211;white&#8221;]<\/p>\n<p style=\"text-align: center;\"><span class=\"ormco-underline\">\u00a0\u00a0<\/span><\/p>\n<h2 style=\"text-align: center;\">Conceput pentru nevoile ortodon\u021bilor<\/h2>\n<p style=\"text-align: center;\">Spark este un sistem avansat de aliniatoari transparen\u021bi conceput pentru o planificare mai previzibil\u0103 \u0219i mai eficient\u0103 a tratamentului, \u00een toate fazele acestuia.<\/p>\n<p>[\/vc_column_text][vc_single_image image=&#8221;3132&#8243; img_size=&#8221;large&#8221; alignment=&#8221;center&#8221;][vc_empty_space height=&#8221;20&#8243;][vc_btn title=&#8221;Mai multe informa\u021bii&#8221; style=&#8221;btn&#8221; color=&#8221;primary&#8221; align=&#8221;center&#8221; link=&#8221;url:%23|target:_blank&#8221;][\/vc_column][\/vc_row][\/vc_section][vc_section full_width=&#8221;stretch_row&#8221; css=&#8221;.vc_custom_1702308552432{background-color: #0e1e4c !important;}&#8221; el_class=&#8221;no-margin&#8221;][vc_row el_class=&#8221;layout&#8211;content-left&#8221;][vc_column][vc_column_text el_class=&#8221;wpb_text_column&#8211;white&#8221;]<\/p>\n<h2 style=\"text-align: left;\">Elevate your practice &amp; become a provider today.<\/h2>\n<p style=\"text-align: left;\">The time is now!<\/p>\n<p>[\/vc_column_text][vc_empty_space height=&#8221;20&#8243;]<div class=\"vc_btn3-container vc_btn3-inline\">\n                                            <button type=\"button\" class=\"vc_general vc_btn3 vc_btn3-size-md vc_btn3-style-btn vc_btn3-color-primary\"\n                                                    data-toggle=\"modal\" data-target=\"#modal-start-today-523\">Start today<\/button><\/div><div class=\"modal fade\" id=\"modal-start-today-523\" tabindex=\"-1\"\n                                 aria-labelledby=\"start-today-523\" aria-hidden=\"true\">\n                                <div class=\"modal-dialog modal-dialog-centered\">\n                                    <div class=\"modal-content content content--default\">\n                                        <div class=\"modal-header\">\n                                             <button type=\"button\" class=\"close\" data-dismiss=\"modal\" aria-label=\"Close\">\n                                                 <svg class=\"svg-icon\" style=\"fill: #666666; overflow: hidden;\" viewBox=\"0 0 1024 1024\"\n                                                      version=\"1.1\" xmlns=\"http:\/\/www.w3.org\/2000\/svg\">\n                                                      <path d=\"M4.43392 97.36192l90.5088-90.5088 923.18976 923.18976-90.5088 90.5088-923.18976-923.18976ZM930.04288 4.43392l90.5088 90.5088-923.18976 923.18976-90.5088-90.5088 923.18976-923.18976Z\"\/>\n                                                 <\/svg>\n                                             <\/button><h2>Start today<\/h2>\n<\/div><div class=\"modal-body\"><script charset=\"utf-8\" type=\"text\/javascript\" src=\"\/\/js.hsforms.net\/forms\/v2.js\"><\/script>\n                                <script>\n                                    hbspt.forms.create({\n                                       portalId: \"\",\n                                       formId: \"c7fbac51-e133-4999-a3bb-6e3321e85923\",\n                                    });\n                                <\/script><\/div><\/div><\/div><\/div>[\/vc_column][\/vc_row][\/vc_section][vc_section full_width=&#8221;stretch_row&#8221; css=&#8221;.vc_custom_1702373029038{background-color: #f2f1ec !important;}&#8221; el_class=&#8221;no-margin&#8221;][vc_row][vc_column width=&#8221;1\/2&#8243;][vc_empty_space height=&#8221;70&#8243;][vc_column_text]<\/p>\n<h2><span style=\"color: #0e1e4c;\">Educa\u021bie &amp; dezvoltare<\/span><\/h2>\n<p><span class=\"ormco-underline\">\u00a0\u00a0<\/span><\/p>\n<p>O mare parte din ceea ce facem la Ormco este oferirea de programe educa\u021bionale ortodon\u021bilor despre inova\u021biile ce pot fi aduse \u00een cabinetul lor. Vino al\u0103turi de noi \u00een sala de curs, unde \u00ee\u021bi vom prezenta viitorul cabinetului t\u0103u.[\/vc_column_text][vc_empty_space height=&#8221;20&#8243;][vc_btn title=&#8221;Descoperi\u021bi oferta educa\u021bional\u0103&#8221; style=&#8221;btn&#8221; color=&#8221;secondary&#8221; link=&#8221;url:https%3A%2F%2Formcoeurope.com%2Fro%2Feducatie%2F|title:Education&#8221;][\/vc_column][vc_column width=&#8221;1\/2&#8243;][vc_single_image image=&#8221;3128&#8243; img_size=&#8221;full&#8221;][\/vc_column][\/vc_row][\/vc_section][vc_section full_width=&#8221;stretch_row&#8221; css=&#8221;.vc_custom_1702308552432{background-color: #0e1e4c !important;}&#8221; el_class=&#8221;no-margin&#8221;][vc_row el_class=&#8221;layout&#8211;content-right&#8221;][vc_column][vc_column_text el_class=&#8221;wpb_text_column&#8211;white&#8221;]<\/p>\n<h2>Primi\u021bi newsletter-ul lunar Ormco \u00een c\u0103su\u021ba dvs. de e-mail<\/h2>\n<p>\u00cen fiecare lun\u0103, trimitem un newsletter con\u021bin\u00e2nd cele mai recente inova\u021bii legate de produse, studii de caz, precum \u0219i evenimentele educa\u021bionale la care v\u0103 invit\u0103m s\u0103 participa\u021bi.[\/vc_column_text][vc_empty_space height=&#8221;20&#8243;]<div class=\"vc_btn3-container vc_btn3-inline\">\n                                            <button type=\"button\" class=\"vc_general vc_btn3 vc_btn3-size-md vc_btn3-style-btn vc_btn3-color-primary\"\n                                                    data-toggle=\"modal\" data-target=\"#modal-abonati-va-acum-70\">Abona\u021bi-v\u0103 acum<\/button><\/div><div class=\"modal fade\" id=\"modal-abonati-va-acum-70\" tabindex=\"-1\"\n                                 aria-labelledby=\"abonati-va-acum-70\" aria-hidden=\"true\">\n                                <div class=\"modal-dialog modal-dialog-centered\">\n                                    <div class=\"modal-content content content--default\">\n                                        <div class=\"modal-header\">\n                                             <button type=\"button\" class=\"close\" data-dismiss=\"modal\" aria-label=\"Close\">\n                                                 <svg class=\"svg-icon\" style=\"fill: #666666; overflow: hidden;\" viewBox=\"0 0 1024 1024\"\n                                                      version=\"1.1\" xmlns=\"http:\/\/www.w3.org\/2000\/svg\">\n                                                      <path d=\"M4.43392 97.36192l90.5088-90.5088 923.18976 923.18976-90.5088 90.5088-923.18976-923.18976ZM930.04288 4.43392l90.5088 90.5088-923.18976 923.18976-90.5088-90.5088 923.18976-923.18976Z\"\/>\n                                                 <\/svg>\n                                             <\/button><h2>Primi\u021bi newsletter-ul lunar Ormco \u00een c\u0103su\u021ba dvs. de e-mail<\/h2>\n<\/div><div class=\"modal-body\"><script charset=\"utf-8\" type=\"text\/javascript\" src=\"\/\/js.hsforms.net\/forms\/v2.js\"><\/script>\n                                <script>\n                                    hbspt.forms.create({\n                                       portalId: \"\",\n                                       formId: \"1a19e379-20ca-40d6-bdd8-05fcf3265938\",\n                                    });\n                                <\/script><\/div><\/div><\/div><\/div>[\/vc_column][\/vc_row][\/vc_section][vc_row][vc_column][vc_empty_space height=&#8221;40px&#8221;][vc_column_text]<\/p>\n<h2 class=\"cvGsUA direction-ltr align-center para-style-body\"><span class=\"OYPEnA text-decoration-none text-strikethrough-none\" style=\"color: #0e1e4c;\">Our results<\/span><\/h2>\n<p>[\/vc_column_text][vc_empty_space height=&#8221;40px&#8221;][\/vc_column][\/vc_row][vc_row][vc_column width=&#8221;1\/3&#8243; offset=&#8221;vc_hidden-sm vc_hidden-xs&#8221;][vc_single_image image=&#8221;3126&#8243; alignment=&#8221;center&#8221; style=&#8221;vc_box_circle_2&#8243;][vc_empty_space][vc_column_text]<\/p>\n<h4><span class=\"text-spark\" style=\"color: #0e1e4c;\">61 weeks of treatment<\/span><\/h4>\n<p>Type of malocclusion:<br \/>\nopen bite case<\/p>\n<p>Treated by: Dr Diego Peydro[\/vc_column_text][vc_empty_space][vc_btn title=&#8221;Go to the case gallery&#8221; style=&#8221;btn&#8221; color=&#8221;primary&#8221; css=&#8221;&#8221; link=&#8221;url:https%3A%2F%2Formcoeurope.com%2Fro%2Fcase-reports%2F|title:Case%20reports&#8221;][\/vc_column][vc_column width=&#8221;2\/3&#8243;]<div class=\"before-after\"><div class=\"ba-slider\" data-component=\"ba-slider\">\n                                <div class=\"slider\">\n                                    <label for=\"slider-range\" class=\"slider-label\">Move image comparison slider<\/label>\n                                    <input type=\"range\" min=\"0\" max=\"100\" value=\"50\" class=\"slider-range\" id=\"slider-range\" data-ba-range=\"\">\n                                    <div class=\"slide slide--overlay\" data-ba-overlay=\"\">\n                                         <figure class=\"slide-figure slide-figure--overlay\">\n                                            <img loading=\"lazy\" decoding=\"async\" width=\"1460\" height=\"730\" src=\"https:\/\/ormcoeurope.com\/ro\/wp-content\/uploads\/sites\/31\/2024\/01\/Our-results-Before-openbite-teeth-1.jpg\" class=\"attachment-before-after size-before-after\" alt=\"\" srcset=\"https:\/\/ormcoeurope.com\/ro\/wp-content\/uploads\/sites\/31\/2024\/01\/Our-results-Before-openbite-teeth-1.jpg 1460w, https:\/\/ormcoeurope.com\/ro\/wp-content\/uploads\/sites\/31\/2024\/01\/Our-results-Before-openbite-teeth-1-300x150.jpg 300w, https:\/\/ormcoeurope.com\/ro\/wp-content\/uploads\/sites\/31\/2024\/01\/Our-results-Before-openbite-teeth-1-1024x512.jpg 1024w, https:\/\/ormcoeurope.com\/ro\/wp-content\/uploads\/sites\/31\/2024\/01\/Our-results-Before-openbite-teeth-1-768x384.jpg 768w, https:\/\/ormcoeurope.com\/ro\/wp-content\/uploads\/sites\/31\/2024\/01\/Our-results-Before-openbite-teeth-1-100x50.jpg 100w\" sizes=\"auto, (max-width: 1460px) 100vw, 1460px\" \/>\n                                            <figcaption class=\"slide-caption slide-caption--before\">\n                                                  <span>Before<\/span>\n                                             <\/figcaption>\n                                         <\/figure>\n                                    <\/div>\n                                    <div class=\"slide-toggle\" data-ba-toggle=\"\">\n                                        <span class=\"slide-thumb\">\n                                           <svg xmlns=\"http:\/\/www.w3.org\/2000\/svg\" width=\"18\" height=\"10\"\n                                                viewBox=\"0 0 18 10\" fill=\"#fff\">\n                                              <path d=\"M12.121 4.703V.488c0-.302.384-.454.609-.24l4.42 4.214a.33.33 0 0 1 0 .481l-4.42 4.214c-.225.215-.609.063-.609-.24V4.703z\"><\/path>\n                                              <path d=\"M5.879 4.703V.488c0-.302-.384-.454-.609-.24L.85 4.462a.33.33 0 0 0 0 .481l4.42 4.214c.225.215.609.063.609-.24V4.703z\"><\/path>\n                                           <\/svg>\n                                        <\/span>\n                                    <\/div>\n                                    <div class=\"slide\">\n                                       <figure class=\"slide-figure\">\n                                            <img loading=\"lazy\" decoding=\"async\" width=\"1460\" height=\"730\" src=\"https:\/\/ormcoeurope.com\/ro\/wp-content\/uploads\/sites\/31\/2024\/01\/Our-results-After-openbite-teeth-1.jpg\" class=\"attachment-before-after size-before-after\" alt=\"\" srcset=\"https:\/\/ormcoeurope.com\/ro\/wp-content\/uploads\/sites\/31\/2024\/01\/Our-results-After-openbite-teeth-1.jpg 1460w, https:\/\/ormcoeurope.com\/ro\/wp-content\/uploads\/sites\/31\/2024\/01\/Our-results-After-openbite-teeth-1-300x150.jpg 300w, https:\/\/ormcoeurope.com\/ro\/wp-content\/uploads\/sites\/31\/2024\/01\/Our-results-After-openbite-teeth-1-1024x512.jpg 1024w, https:\/\/ormcoeurope.com\/ro\/wp-content\/uploads\/sites\/31\/2024\/01\/Our-results-After-openbite-teeth-1-768x384.jpg 768w, https:\/\/ormcoeurope.com\/ro\/wp-content\/uploads\/sites\/31\/2024\/01\/Our-results-After-openbite-teeth-1-100x50.jpg 100w\" sizes=\"auto, (max-width: 1460px) 100vw, 1460px\" \/>\n                                            <figcaption class=\"slide-caption slide-caption--after\">\n                                                <span>After<\/span>\n                                            <\/figcaption>\n                                        <\/figure>\n                                    <\/div>\n                                <\/div>\n                           <\/div><\/div>[\/vc_column][\/vc_row][vc_row][vc_column][vc_empty_space height=&#8221;40px&#8221;][\/vc_column][\/vc_row]<\/p>\n<\/div>","protected":false},"excerpt":{"rendered":"<p>[vc_section full_width=&#8221;stretch_row_content&#8221; el_class=&#8221;no-margin&#8221;][vc_row full_width=&#8221;stretch_row_content_no_spaces&#8221;][vc_column][\/vc_column][\/vc_row][\/vc_section][vc_section full_width=&#8221;stretch_row&#8221; css=&#8221;.vc_custom_1702894740302{margin-top: 0px !important;background-color: #f2f1ec !important;}&#8221;][vc_row content_placement=&#8221;middle&#8221;][vc_column width=&#8221;1\/2&#8243;][vc_single_image image=&#8221;3125&#8243; img_size=&#8221;480X480&#8243; alignment=&#8221;center&#8221;][\/vc_column][vc_column width=&#8221;1\/2&#8243;][vc_column_text] 60 de ani dedica\u021bi doar ortodon\u021biei \u00a0\u00a0 Performan\u021ba Ormco este sus\u021binut\u0103 de peste 60 de ani de inova\u021bie \u00een ortodon\u021bie. Dar, poate cel mai important, v\u0103 sus\u021binem pentru a oferi cele mai bune rezultate posibile pacien\u021bilor, pentru a le [&hellip;]<\/p>\n","protected":false},"author":2,"featured_media":0,"parent":0,"menu_order":1,"comment_status":"closed","ping_status":"closed","template":"template-inicio.php","meta":{"_acf_changed":false,"inline_featured_image":false,"footnotes":""},"class_list":["post-2615","page","type-page","status-publish","hentry"],"acf":[],"_links":{"self":[{"href":"https:\/\/ormcoeurope.com\/ro\/wp-json\/wp\/v2\/pages\/2615","targetHints":{"allow":["GET"]}}],"collection":[{"href":"https:\/\/ormcoeurope.com\/ro\/wp-json\/wp\/v2\/pages"}],"about":[{"href":"https:\/\/ormcoeurope.com\/ro\/wp-json\/wp\/v2\/types\/page"}],"author":[{"embeddable":true,"href":"https:\/\/ormcoeurope.com\/ro\/wp-json\/wp\/v2\/users\/2"}],"replies":[{"embeddable":true,"href":"https:\/\/ormcoeurope.com\/ro\/wp-json\/wp\/v2\/comments?post=2615"}],"version-history":[{"count":29,"href":"https:\/\/ormcoeurope.com\/ro\/wp-json\/wp\/v2\/pages\/2615\/revisions"}],"predecessor-version":[{"id":5006,"href":"https:\/\/ormcoeurope.com\/ro\/wp-json\/wp\/v2\/pages\/2615\/revisions\/5006"}],"wp:attachment":[{"href":"https:\/\/ormcoeurope.com\/ro\/wp-json\/wp\/v2\/media?parent=2615"}],"curies":[{"name":"wp","href":"https:\/\/api.w.org\/{rel}","templated":true}]}}