{"id":2617,"date":"2016-03-17T09:13:44","date_gmt":"2016-03-17T09:13:44","guid":{"rendered":"https:\/\/ormcoeurope.com\/ro\/ormco\/mission\/"},"modified":"2024-01-29T14:08:14","modified_gmt":"2024-01-29T14:08:14","slug":"mission","status":"publish","type":"page","link":"https:\/\/ormcoeurope.com\/ro\/ormco\/mission\/","title":{"rendered":"Mission"},"content":{"rendered":"<div class=\"wpb-content-wrapper\"><p>[vc_section full_width=&#8221;stretch_row_content&#8221; el_class=&#8221;no-margin&#8221;][vc_row full_width=&#8221;stretch_row_content_no_spaces&#8221;][vc_column]<div class=\"banner banner--overlay  layout--content-right\" id=\"\" style=\"background-color: #0e1e4c\"><div class=\"banner-media visible-xs visible-sm\"><img loading=\"lazy\" decoding=\"async\" width=\"1024\" height=\"683\" src=\"https:\/\/ormcoeurope.com\/ro\/wp-content\/uploads\/sites\/31\/2024\/01\/About-Ormco-1024x683.jpg\" class=\"attachment-large size-large\" alt=\"\" srcset=\"https:\/\/ormcoeurope.com\/ro\/wp-content\/uploads\/sites\/31\/2024\/01\/About-Ormco-1024x683.jpg 1024w, https:\/\/ormcoeurope.com\/ro\/wp-content\/uploads\/sites\/31\/2024\/01\/About-Ormco-300x200.jpg 300w, https:\/\/ormcoeurope.com\/ro\/wp-content\/uploads\/sites\/31\/2024\/01\/About-Ormco-768x512.jpg 768w, https:\/\/ormcoeurope.com\/ro\/wp-content\/uploads\/sites\/31\/2024\/01\/About-Ormco-1536x1024.jpg 1536w, https:\/\/ormcoeurope.com\/ro\/wp-content\/uploads\/sites\/31\/2024\/01\/About-Ormco-2048x1366.jpg 2048w, https:\/\/ormcoeurope.com\/ro\/wp-content\/uploads\/sites\/31\/2024\/01\/About-Ormco-660x440.jpg 660w, https:\/\/ormcoeurope.com\/ro\/wp-content\/uploads\/sites\/31\/2024\/01\/About-Ormco-100x67.jpg 100w\" sizes=\"auto, (max-width: 1024px) 100vw, 1024px\" \/><\/div><div class=\"banner-media visible-md visible-lg\"><img loading=\"lazy\" decoding=\"async\" width=\"2500\" height=\"1667\" src=\"https:\/\/ormcoeurope.com\/ro\/wp-content\/uploads\/sites\/31\/2024\/01\/About-Ormco.jpg\" class=\"attachment-full size-full\" alt=\"\" srcset=\"https:\/\/ormcoeurope.com\/ro\/wp-content\/uploads\/sites\/31\/2024\/01\/About-Ormco.jpg 2500w, https:\/\/ormcoeurope.com\/ro\/wp-content\/uploads\/sites\/31\/2024\/01\/About-Ormco-300x200.jpg 300w, https:\/\/ormcoeurope.com\/ro\/wp-content\/uploads\/sites\/31\/2024\/01\/About-Ormco-1024x683.jpg 1024w, https:\/\/ormcoeurope.com\/ro\/wp-content\/uploads\/sites\/31\/2024\/01\/About-Ormco-768x512.jpg 768w, https:\/\/ormcoeurope.com\/ro\/wp-content\/uploads\/sites\/31\/2024\/01\/About-Ormco-1536x1024.jpg 1536w, https:\/\/ormcoeurope.com\/ro\/wp-content\/uploads\/sites\/31\/2024\/01\/About-Ormco-2048x1366.jpg 2048w, https:\/\/ormcoeurope.com\/ro\/wp-content\/uploads\/sites\/31\/2024\/01\/About-Ormco-660x440.jpg 660w, https:\/\/ormcoeurope.com\/ro\/wp-content\/uploads\/sites\/31\/2024\/01\/About-Ormco-100x67.jpg 100w\" sizes=\"auto, (max-width: 2500px) 100vw, 2500px\" \/><\/div><div class=\"container\" ><div class=\"banner-content content-wrap\" ><div class=\"content content--white\" ><h2><strong><a href=\"https:\/\/ormcoeurope.com\/ro\/wp-content\/uploads\/sites\/31\/2024\/01\/Ormco-logo_White_RGB.svg\"><img loading=\"lazy\" decoding=\"async\" class=\"alignnone wp-image-3168\" src=\"https:\/\/ormcoeurope.com\/ro\/wp-content\/uploads\/sites\/31\/2024\/01\/Ormco-logo_White_RGB.svg\" alt=\"\" width=\"168\" height=\"66\" \/><\/a><br \/>\n<\/strong><\/h2>\n<p><span class=\"ormco-underline\">\u00a0\u00a0<\/span><\/p>\n<h3>Cu peste 60 de ani de activitate \u00een domeniul ortodon\u021biei, de la inova\u021bia produselor la educa\u021bie, v\u0103 ajut\u0103m s\u0103 crea\u021bi z\u00e2mbete frumoase.<\/h3>\n<\/div><div class=\"mt-30\"><div class=\"vc_btn3-container vc_btn3-inline\"><a href=\"https:\/\/ormcoeurope.com\/ro\/produse\/\" class=\"vc_general vc_btn3 vc_btn3-size-md vc_btn3-style-btn vc_btn3-color-primary \" target=\"\">Descoperi\u021bi produsele noastre<\/a><\/div><\/div><\/div><\/div><\/div>[\/vc_column][\/vc_row][\/vc_section][vc_section][vc_row equal_height=&#8221;yes&#8221; content_placement=&#8221;middle&#8221;][vc_column width=&#8221;1\/2&#8243;][vc_column_text]<\/p>\n<h2 style=\"text-align: right;\"><span class=\"text-secondary\" style=\"color: #0e1e4c;\">Peste 60 de ani <\/span><\/h2>\n<h2 style=\"text-align: right;\"><span class=\"text-secondary\" style=\"color: #0e1e4c;\">de z\u00e2mbete<\/span><\/h2>\n<p style=\"text-align: right;\"><span class=\"ormco-underline text-secondary\">\u00a0\u00a0<\/span><\/p>\n<p style=\"text-align: right;\"><span class=\"text-secondary\">De peste 60 de ani ne concentr\u0103m exclusiv pe a v\u0103 ajuta s\u0103 oferi\u021bi cea mai bun\u0103 experien\u021b\u0103 posibil\u0103 clien\u021bilor dumneavoastr\u0103, colabor\u00e2nd cu dumneavoastr\u0103 pentru a v\u0103 \u00een\u021belege mai bine nevoile \u0219i provoc\u0103rile.<\/span><\/p>\n<p style=\"text-align: right;\"><span class=\"text-secondary\">Cu un accent pe inova\u021bie inspirat de dumneavoastr\u0103 \u0219i o mentalitate de \u00eenv\u0103\u021bare constant\u0103, ne asigur\u0103m c\u0103 ave\u021bi \u00eentotdeauna acces la cele mai noi tehnologii pentru a v\u0103 dezvolta practicile prin clien\u021bi mul\u021bumi\u021bi. Cu o mo\u0219tenire de investi\u021bii continue \u00een cercetare \u0219i dezvoltare, solu\u021biile noastre permit cabinetelor de top s\u0103 \u00eembun\u0103t\u0103\u021beasc\u0103 z\u00e2mbetele pacien\u021bilor.<\/span><\/p>\n<p>[\/vc_column_text][vc_empty_space][\/vc_column][vc_column width=&#8221;1\/2&#8243;][vc_single_image image=&#8221;3175&#8243; img_size=&#8221;full&#8221;][vc_empty_space][\/vc_column][\/vc_row][\/vc_section][vc_section][vc_row][vc_column width=&#8221;1\/2&#8243;][vc_single_image image=&#8221;3174&#8243; img_size=&#8221;full&#8221;][vc_empty_space][\/vc_column][vc_column width=&#8221;1\/2&#8243;][vc_column_text]<\/p>\n<h2><span class=\"text-secondary\" style=\"color: #0e1e4c;\">Ortodon\u021bie: nimic mai mult, nimic mai pu\u021bin<\/span><\/h2>\n<p><span class=\"ormco-underline text-secondary\">\u00a0\u00a0<\/span><\/p>\n<p><span class=\"text-secondary\">Ormco este un lider global \u00een ortodon\u021bie. Oferim o linie complet\u0103 de produse ortodontice, nimic mai mult, nimic mai pu\u021bin. Acest lucru v\u0103 ofer\u0103 libertatea clinic\u0103 de a v\u0103 dezvolta practicile \u00eentr-un mod potrivit pentru dumneavoastr\u0103, \u00eempreun\u0103 cu Ormco. Ca parte a grupului Envista, Ormco ofer\u0103 un spectru complet de solu\u021bii ortodontice pentru a satisface nevoile fiec\u0103rui pacient.<\/span><\/p>\n<p><span class=\"text-secondary\">Petrece\u021bi mai pu\u021bin timp f\u0103c\u00e2nd cump\u0103r\u0103turi de la mai mul\u021bi furnizori \u0219i alege\u021bi Ormco &#8211;<strong> un singur partener pentru toate nevoile dumneavoastr\u0103.<\/strong><\/span>[\/vc_column_text][vc_empty_space height=&#8221;20px&#8221;][vc_btn title=&#8221;Descoperi\u021bi produsele noastre&#8221; style=&#8221;btn&#8221; color=&#8221;primary&#8221; link=&#8221;url:https%3A%2F%2Formcoeurope.com%2Fro%2Fproduse%2F|title:Produse&#8221;][vc_empty_space][\/vc_column][\/vc_row][\/vc_section][vc_section][vc_row equal_height=&#8221;yes&#8221; content_placement=&#8221;middle&#8221;][vc_column width=&#8221;1\/2&#8243;][vc_column_text]<\/p>\n<h2><span class=\"text-secondary\" style=\"color: #0e1e4c;\">V\u0103 educ\u0103m \u0219i v\u0103 d\u0103m putere<\/span><\/h2>\n<p><span class=\"ormco-underline text-secondary\">\u00a0\u00a0<\/span><\/p>\n<p><span class=\"text-secondary\">\u00cen condi\u021biile \u00een care consumatorii informa\u021bi din ziua de azi iau decizii online, \u00een\u021belegem rolul dvs. vital \u00een a \u00eendruma pacien\u021bii s\u0103 fac\u0103 cea mai bun\u0103 alegere pentru tratamentul lor \u00eentr-un mediu din ce \u00een ce mai complex.<\/span><\/p>\n<p><span class=\"text-secondary\"><strong>Ormco v\u0103 educ\u0103 \u0219i v\u0103 preg\u0103te\u0219te pentru viitorul cabinetului dumneavoastr\u0103.<\/strong><\/span>[\/vc_column_text][vc_empty_space height=&#8221;20px&#8221;][vc_btn title=&#8221;Descoperi\u021bi educa\u021bia noastr\u0103&#8221; style=&#8221;btn&#8221; color=&#8221;primary&#8221; link=&#8221;url:https%3A%2F%2Formcoeurope.com%2Fro%2Feducatie%2F|title:Descoperi%C8%9Bi%20educa%C8%9Bia%20noastr%C4%83&#8243;][vc_empty_space][\/vc_column][vc_column width=&#8221;1\/2&#8243;][vc_single_image image=&#8221;14041&#8243; img_size=&#8221;large&#8221;][vc_empty_space][\/vc_column][\/vc_row][\/vc_section][vc_section full_width=&#8221;stretch_row&#8221; css=&#8221;.vc_custom_1704972754794{background-color: #0e1e4c !important;}&#8221;][vc_row el_class=&#8221;layout&#8211;content-right&#8221;][vc_column][vc_column_text el_class=&#8221;wpb_text_column&#8211;white&#8221;]<\/p>\n<h2>Primi\u021bi newsletterul lunar Ormco \u00een c\u0103su\u021ba dvs. de e-mail<\/h2>\n<p>\u00cen fiecare lun\u0103, trimitem un newsletter con\u021bin\u00e2nd cele mai recente inova\u021bii legate de produse, studii de caz, precum \u0219i evenimentele educa\u021bionale la care v\u0103 invit\u0103m s\u0103 participa\u021bi.[\/vc_column_text][vc_empty_space height=&#8221;20px&#8221;]<div class=\"vc_btn3-container vc_btn3-inline\">\n                                            <button type=\"button\" class=\"vc_general vc_btn3 vc_btn3-size-md vc_btn3-style-btn vc_btn3-color-primary\"\n                                                    data-toggle=\"modal\" data-target=\"#modal-abonati-va-acum-639\">Abona\u021bi-v\u0103 acum<\/button><\/div><div class=\"modal fade\" id=\"modal-abonati-va-acum-639\" tabindex=\"-1\"\n                                 aria-labelledby=\"abonati-va-acum-639\" aria-hidden=\"true\">\n                                <div class=\"modal-dialog modal-dialog-centered\">\n                                    <div class=\"modal-content content content--default\">\n                                        <div class=\"modal-header\">\n                                             <button type=\"button\" class=\"close\" data-dismiss=\"modal\" aria-label=\"Close\">\n                                                 <svg class=\"svg-icon\" style=\"fill: #666666; overflow: hidden;\" viewBox=\"0 0 1024 1024\"\n                                                      version=\"1.1\" xmlns=\"http:\/\/www.w3.org\/2000\/svg\">\n                                                      <path d=\"M4.43392 97.36192l90.5088-90.5088 923.18976 923.18976-90.5088 90.5088-923.18976-923.18976ZM930.04288 4.43392l90.5088 90.5088-923.18976 923.18976-90.5088-90.5088 923.18976-923.18976Z\"\/>\n                                                 <\/svg>\n                                             <\/button><h2>Primi\u021bi newsletterul lunar Ormco \u00een c\u0103su\u021ba dvs. de e-mail<\/h2>\n<\/div><div class=\"modal-body\"><script charset=\"utf-8\" type=\"text\/javascript\" src=\"\/\/js.hsforms.net\/forms\/v2.js\"><\/script>\n                                <script>\n                                    hbspt.forms.create({\n                                       portalId: \"\",\n                                       formId: \"1a19e379-20ca-40d6-bdd8-05fcf3265938\",\n                                    });\n                                <\/script><\/div><\/div><\/div><\/div>[\/vc_column][\/vc_row][\/vc_section][vc_section][vc_row][vc_column][vc_column_text]<\/p>\n<h2><span style=\"color: #0e1e4c;\">Cum arat\u0103 viitorul?<\/span><\/h2>\n<p><span class=\"ormco-underline\">\u00a0\u00a0<\/span>[\/vc_column_text][vc_empty_space height=&#8221;40px&#8221;][\/vc_column][\/vc_row][vc_row][vc_column width=&#8221;1\/2&#8243;][vc_column_text]<span class=\"text-secondary\">\u00cenc\u0103 ne entuziasmeaz\u0103 aceast\u0103 \u00eentrebare, deoarece viitorul nu este un dat. Exist\u0103 \u00eentotdeauna un sentiment de posibilitate.<\/span><\/p>\n<p><span class=\"text-secondary\">Atunci c\u00e2nd viitorul te conduce, \u00eentotdeauna \u00eencerci s\u0103 \u00eendrep\u021bi o gre\u0219eal\u0103, s\u0103 mergi \u00eenainte, s\u0103 preiei conducerea. Este vorba despre \u00eembun\u0103t\u0103\u021birea continu\u0103.<\/span><\/p>\n<p><span class=\"text-secondary\">Ortodon\u021bia ne fascineaz\u0103. Viitorul nostru const\u0103 \u00een a ajuta ortodon\u021bi\u0219ti ca tine s\u0103 \u00eemputerniceasc\u0103 pacien\u021bii. Noi extindem posibilit\u0103\u021bile practicii ortodontice cu noi solu\u021bii care pot schimba via\u021ba unui pacient.<\/span><\/p>\n<p><span class=\"text-secondary\">Clien\u021bii no\u0219tri apreciaz\u0103 calitatea f\u0103r\u0103 cusur pe care Ormco o ofer\u0103 \u0219i capacitatea noastr\u0103 de a \u00eencorpora feedback-ul lor \u00een produse mai bune \u0219i mai optime. V\u0103 ajut\u0103m s\u0103 v\u0103 \u00een\u021belege\u021bi to\u021bi pacien\u021bii pentru a le oferi solu\u021bii exact pentru nevoile lor.<\/span>[\/vc_column_text][\/vc_column][vc_column width=&#8221;1\/2&#8243;][vc_column_text]<span class=\"text-secondary\">C\u0103l\u0103toria Ormco a cunoscut o evolu\u021bie ca unul dintre cei mai importan\u021bi actori din industrie, cuprinz\u00e2nd o gam\u0103 larg\u0103 de produse inovatoare pentru o gam\u0103 larg\u0103 de practic\u0103 a dumneavoastr\u0103. Ne m\u00e2ndrim cu cei 60 de ani pe care i-am petrecut ca partener cheie pentru comunitatea ortodontic\u0103 \u00een toate punctele de contact. De la inginerie la educa\u021bie, proiectare \u0219i produc\u021bie, solu\u021biile noastre inovatoare au \u00eembun\u0103t\u0103\u021bit practica clien\u021bilor no\u0219tri \u0219i via\u021ba pacien\u021bilor lor.<\/span><\/p>\n<p><span class=\"text-secondary\">Cunoa\u0219tem diferen\u021ba pe care o poate face un z\u00e2mbet \u0219i ne angaj\u0103m s\u0103 definim viitorul ortodon\u021biei pentru a v\u0103 ajuta s\u0103 oferi\u021bi c\u0103l\u0103toria de tratament corect\u0103, cu cel mai scurt timp \u0219i cele mai bune rezultate.<\/span><\/p>\n<p><span class=\"text-secondary\">Ne-am f\u0103cut misiunea de a fi mereu \u00een frunte. Nu doar pentru a putea oferi z\u00e2mbete ast\u0103zi, ci \u0219i pentru a avea acces la inova\u021biile care v\u0103 vor ajuta s\u0103 oferi\u021bi z\u00e2mbetele de m\u00e2ine.<\/span><\/p>\n<p><span class=\"text-secondary\">V\u0103 vom educa; v\u0103 vom fi al\u0103turi &#8211; v\u0103 vom ajuta s\u0103 schimba\u021bi vie\u021bi.<\/span><\/p>\n<p><span class=\"text-secondary\"><strong>Ormco &#8211; \u00cempreun\u0103 conducem viitorul ortodon\u021biei<\/strong><\/span>[\/vc_column_text][\/vc_column][\/vc_row][vc_row][vc_column][vc_empty_space height=&#8221;60px&#8221;][\/vc_column][\/vc_row][\/vc_section]<\/p>\n<\/div>","protected":false},"excerpt":{"rendered":"<p>[vc_section full_width=&#8221;stretch_row_content&#8221; el_class=&#8221;no-margin&#8221;][vc_row full_width=&#8221;stretch_row_content_no_spaces&#8221;][vc_column][\/vc_column][\/vc_row][\/vc_section][vc_section][vc_row equal_height=&#8221;yes&#8221; content_placement=&#8221;middle&#8221;][vc_column width=&#8221;1\/2&#8243;][vc_column_text] Peste 60 de ani de z\u00e2mbete \u00a0\u00a0 De peste 60 de ani ne concentr\u0103m exclusiv pe a v\u0103 ajuta s\u0103 oferi\u021bi cea mai bun\u0103 experien\u021b\u0103 posibil\u0103 clien\u021bilor dumneavoastr\u0103, colabor\u00e2nd cu dumneavoastr\u0103 pentru a v\u0103 \u00een\u021belege mai bine nevoile \u0219i provoc\u0103rile. Cu un accent pe inova\u021bie inspirat de dumneavoastr\u0103 [&hellip;]<\/p>\n","protected":false},"author":2,"featured_media":0,"parent":2616,"menu_order":3,"comment_status":"closed","ping_status":"closed","template":"template-contenido.php","meta":{"_acf_changed":false,"inline_featured_image":false,"footnotes":""},"class_list":["post-2617","page","type-page","status-publish","hentry"],"acf":[],"_links":{"self":[{"href":"https:\/\/ormcoeurope.com\/ro\/wp-json\/wp\/v2\/pages\/2617","targetHints":{"allow":["GET"]}}],"collection":[{"href":"https:\/\/ormcoeurope.com\/ro\/wp-json\/wp\/v2\/pages"}],"about":[{"href":"https:\/\/ormcoeurope.com\/ro\/wp-json\/wp\/v2\/types\/page"}],"author":[{"embeddable":true,"href":"https:\/\/ormcoeurope.com\/ro\/wp-json\/wp\/v2\/users\/2"}],"replies":[{"embeddable":true,"href":"https:\/\/ormcoeurope.com\/ro\/wp-json\/wp\/v2\/comments?post=2617"}],"version-history":[{"count":5,"href":"https:\/\/ormcoeurope.com\/ro\/wp-json\/wp\/v2\/pages\/2617\/revisions"}],"predecessor-version":[{"id":3269,"href":"https:\/\/ormcoeurope.com\/ro\/wp-json\/wp\/v2\/pages\/2617\/revisions\/3269"}],"up":[{"embeddable":true,"href":"https:\/\/ormcoeurope.com\/ro\/wp-json\/wp\/v2\/pages\/2616"}],"wp:attachment":[{"href":"https:\/\/ormcoeurope.com\/ro\/wp-json\/wp\/v2\/media?parent=2617"}],"curies":[{"name":"wp","href":"https:\/\/api.w.org\/{rel}","templated":true}]}}