{"id":154,"date":"2016-03-17T09:13:44","date_gmt":"2016-03-17T09:13:44","guid":{"rendered":"http:\/\/ormco.es\/ormco\/mision\/"},"modified":"2024-01-29T14:27:24","modified_gmt":"2024-01-29T14:27:24","slug":"mission","status":"publish","type":"page","link":"https:\/\/ormcoeurope.com\/se\/ormco\/mission\/","title":{"rendered":"Mission"},"content":{"rendered":"<div class=\"wpb-content-wrapper\"><p>[vc_section full_width=&#8221;stretch_row_content&#8221; el_class=&#8221;no-margin&#8221;][vc_row full_width=&#8221;stretch_row_content_no_spaces&#8221;][vc_column]<div class=\"banner banner--overlay  layout--content-right\" id=\"\" style=\"background-color: #0e1e4c\"><div class=\"banner-media visible-xs visible-sm\"><img loading=\"lazy\" decoding=\"async\" width=\"1024\" height=\"683\" src=\"https:\/\/ormcoeurope.com\/se\/wp-content\/uploads\/sites\/35\/2024\/01\/About-Ormco-1024x683.jpg\" class=\"attachment-large size-large\" alt=\"\" srcset=\"https:\/\/ormcoeurope.com\/se\/wp-content\/uploads\/sites\/35\/2024\/01\/About-Ormco-1024x683.jpg 1024w, https:\/\/ormcoeurope.com\/se\/wp-content\/uploads\/sites\/35\/2024\/01\/About-Ormco-300x200.jpg 300w, https:\/\/ormcoeurope.com\/se\/wp-content\/uploads\/sites\/35\/2024\/01\/About-Ormco-768x512.jpg 768w, https:\/\/ormcoeurope.com\/se\/wp-content\/uploads\/sites\/35\/2024\/01\/About-Ormco-1536x1024.jpg 1536w, https:\/\/ormcoeurope.com\/se\/wp-content\/uploads\/sites\/35\/2024\/01\/About-Ormco-2048x1366.jpg 2048w, https:\/\/ormcoeurope.com\/se\/wp-content\/uploads\/sites\/35\/2024\/01\/About-Ormco-660x440.jpg 660w, https:\/\/ormcoeurope.com\/se\/wp-content\/uploads\/sites\/35\/2024\/01\/About-Ormco-100x67.jpg 100w\" sizes=\"auto, (max-width: 1024px) 100vw, 1024px\" \/><\/div><div class=\"banner-media visible-md visible-lg\"><img loading=\"lazy\" decoding=\"async\" width=\"2500\" height=\"1667\" src=\"https:\/\/ormcoeurope.com\/se\/wp-content\/uploads\/sites\/35\/2024\/01\/About-Ormco.jpg\" class=\"attachment-full size-full\" alt=\"\" srcset=\"https:\/\/ormcoeurope.com\/se\/wp-content\/uploads\/sites\/35\/2024\/01\/About-Ormco.jpg 2500w, https:\/\/ormcoeurope.com\/se\/wp-content\/uploads\/sites\/35\/2024\/01\/About-Ormco-300x200.jpg 300w, https:\/\/ormcoeurope.com\/se\/wp-content\/uploads\/sites\/35\/2024\/01\/About-Ormco-1024x683.jpg 1024w, https:\/\/ormcoeurope.com\/se\/wp-content\/uploads\/sites\/35\/2024\/01\/About-Ormco-768x512.jpg 768w, https:\/\/ormcoeurope.com\/se\/wp-content\/uploads\/sites\/35\/2024\/01\/About-Ormco-1536x1024.jpg 1536w, https:\/\/ormcoeurope.com\/se\/wp-content\/uploads\/sites\/35\/2024\/01\/About-Ormco-2048x1366.jpg 2048w, https:\/\/ormcoeurope.com\/se\/wp-content\/uploads\/sites\/35\/2024\/01\/About-Ormco-660x440.jpg 660w, https:\/\/ormcoeurope.com\/se\/wp-content\/uploads\/sites\/35\/2024\/01\/About-Ormco-100x67.jpg 100w\" sizes=\"auto, (max-width: 2500px) 100vw, 2500px\" \/><\/div><div class=\"container\" ><div class=\"banner-content content-wrap\" ><div class=\"content content--white\" ><h2><strong><a href=\"https:\/\/ormcoeurope.com\/se\/wp-content\/uploads\/sites\/35\/2024\/01\/Ormco-logo_White_RGB.svg\"><img loading=\"lazy\" decoding=\"async\" class=\"alignnone wp-image-3145\" src=\"https:\/\/ormcoeurope.com\/se\/wp-content\/uploads\/sites\/35\/2024\/01\/Ormco-logo_White_RGB.svg\" alt=\"\" width=\"168\" height=\"66\" \/><\/a><br \/>\n<\/strong><\/h2>\n<p><span class=\"ormco-underline\">\u00a0\u00a0<\/span><\/p>\n<h3>Med \u00f6ver 60 \u00e5rs fokus p\u00e5 ortodonti, fr\u00e5n produktinnovation till utbildning, hj\u00e4lper vi dig att skapa vackra leenden<\/h3>\n<\/div><div class=\"mt-30\"><div class=\"vc_btn3-container vc_btn3-inline\"><a href=\"https:\/\/ormcoeurope.com\/se\/products\/\" class=\"vc_general vc_btn3 vc_btn3-size-md vc_btn3-style-btn vc_btn3-color-primary \" target=\"\">Uppt\u00e4ck v\u00e5ra produkter<\/a><\/div><\/div><\/div><\/div><\/div>[\/vc_column][\/vc_row][\/vc_section][vc_section][vc_row equal_height=&#8221;yes&#8221; content_placement=&#8221;middle&#8221;][vc_column width=&#8221;1\/2&#8243;][vc_column_text]<\/p>\n<h2 style=\"text-align: right;\"><span class=\"text-secondary\">\u00d6ver 60 \u00e5r av leenden<\/span><\/h2>\n<p style=\"text-align: right;\"><span class=\"ormco-underline text-secondary\">\u00a0\u00a0<\/span><\/p>\n<p style=\"text-align: right;\"><span class=\"text-secondary\">I \u00f6ver 60 \u00e5r har vi varit inriktade p\u00e5 att hj\u00e4lpa dig att leverera b\u00e4sta m\u00f6jliga upplevelse till dina pasienter och samarbeta med dig f\u00f6r att b\u00e4ttre f\u00f6rst\u00e5 dina behov och utmaningar.<\/span><\/p>\n<p style=\"text-align: right;\"><span class=\"text-secondary\">Med fokus p\u00e5 innovation inspirerad av dig och en inst\u00e4llning av st\u00e4ndigt l\u00e4rande ser vi till att du alltid f\u00e5r tillg\u00e5ng till den senaste tekniken f\u00f6r att v\u00e4xa din verksamhet genom n\u00f6jda pasienter. Med ett arv av kontinuerliga investeringar i forskning och utveckling g\u00f6r v\u00e5ra l\u00f6sningar det m\u00f6jligt f\u00f6r ledande praktiker att f\u00f6rb\u00e4ttra patienternas leenden.<\/span><\/p>\n<p>[\/vc_column_text][vc_empty_space][\/vc_column][vc_column width=&#8221;1\/2&#8243;][vc_single_image image=&#8221;3151&#8243; img_size=&#8221;full&#8221;][vc_empty_space][\/vc_column][\/vc_row][\/vc_section][vc_section][vc_row][vc_column width=&#8221;1\/2&#8243;][vc_single_image image=&#8221;3150&#8243; img_size=&#8221;full&#8221;][vc_empty_space][\/vc_column][vc_column width=&#8221;1\/2&#8243;][vc_column_text]<\/p>\n<h2><span class=\"text-secondary\" style=\"color: #0e1e4c;\">Ortodonti: inget mer, inget mindre<\/span><\/h2>\n<p><span class=\"ormco-underline text-secondary\">\u00a0\u00a0<\/span><\/p>\n<p><span class=\"text-secondary\">Ormco \u00e4r en global ledare inom ortodonti. Vi erbjuder ett komplett sortiment av ortodontiska produkter, inget mer, inget mindre. Detta ger dig den kliniska friheten att utveckla din verksamhet p\u00e5 ett s\u00e4tt som \u00e4r r\u00e4tt f\u00f6r dig, tillsammans med Ormco. Som en del av Envista-gruppen erbjuder Ormco ett komplett spektrum av ortodontiska l\u00f6sningar f\u00f6r att m\u00f6ta behoven hos varje patient.<\/span><\/p>\n<p><span class=\"text-secondary\">L\u00e4gg mindre tid p\u00e5 att shoppa runt bland olika leverant\u00f6rer och v\u00e4lj Ormco &#8211; <strong>en partner f\u00f6r alla dina behov.<\/strong><\/span>[\/vc_column_text][vc_empty_space height=&#8221;20px&#8221;][vc_btn title=&#8221;Uppt\u00e4ck v\u00e5ra produkter&#8221; style=&#8221;btn&#8221; color=&#8221;primary&#8221; link=&#8221;url:https%3A%2F%2Formcoeurope.com%2Fse%2Fproducts%2F|title:Products&#8221;][vc_empty_space][\/vc_column][\/vc_row][\/vc_section][vc_section][vc_row equal_height=&#8221;yes&#8221; content_placement=&#8221;middle&#8221;][vc_column width=&#8221;1\/2&#8243;][vc_column_text]<\/p>\n<h2><span class=\"text-secondary\" style=\"color: #0e1e4c;\">Vi utbildar och<br \/>\nst\u00e4rker dig<\/span><\/h2>\n<p><span class=\"ormco-underline text-secondary\">\u00a0\u00a0<\/span><\/p>\n<p><span class=\"text-secondary\">Med dagens informerade konsumenter som fattar beslut online f\u00f6rst\u00e5r vi din viktiga roll i att v\u00e4gleda patienter att g\u00f6ra det b\u00e4sta valet f\u00f6r sin behandling i en alltmer komplex milj\u00f6.<\/span><\/p>\n<p><span class=\"text-secondary\"><strong>Ormco utbildar och f\u00f6rbereder dig f\u00f6r framtiden i din praktik.<\/strong><\/span>[\/vc_column_text][vc_empty_space height=&#8221;20px&#8221;][vc_btn title=&#8221;Uppt\u00e4ck v\u00e5r utbildning&#8221; custom_background=&#8221;#ff5f30&#8243; custom_text=&#8221;#ffffff&#8221; link=&#8221;url:https%3A%2F%2Formcoeurope.com%2Fse%2Feducation%2F|title:Education&#8221;][vc_empty_space][\/vc_column][vc_column width=&#8221;1\/2&#8243;][vc_single_image image=&#8221;3148&#8243; img_size=&#8221;large&#8221;][vc_empty_space][\/vc_column][\/vc_row][\/vc_section][vc_section full_width=&#8221;stretch_row&#8221; css=&#8221;.vc_custom_1704972754794{background-color: #0e1e4c !important;}&#8221;][vc_row el_class=&#8221;layout&#8211;content-right&#8221;][vc_column][vc_column_text el_class=&#8221;wpb_text_column&#8211;white&#8221;]<\/p>\n<h2>F\u00e5 Ormcos m\u00e5natliga nyhetsbrev i din inkorg<\/h2>\n<p>Varje m\u00e5nad skickar vi ett nyhetsbrev med den senaste produktutvecklingen, case studier och kommande utbildningsevenemang![\/vc_column_text][vc_empty_space height=&#8221;20px&#8221;]<div class=\"vc_btn3-container vc_btn3-inline\">\n                                            <button type=\"button\" class=\"vc_general vc_btn3 vc_btn3-size-md vc_btn3-style-btn vc_btn3-color-primary\"\n                                                    data-toggle=\"modal\" data-target=\"#modal-prenumerera-nu-943\">Prenumerera nu<\/button><\/div><div class=\"modal fade\" id=\"modal-prenumerera-nu-943\" tabindex=\"-1\"\n                                 aria-labelledby=\"prenumerera-nu-943\" aria-hidden=\"true\">\n                                <div class=\"modal-dialog modal-dialog-centered\">\n                                    <div class=\"modal-content content content--default\">\n                                        <div class=\"modal-header\">\n                                             <button type=\"button\" class=\"close\" data-dismiss=\"modal\" aria-label=\"Close\">\n                                                 <svg class=\"svg-icon\" style=\"fill: #666666; overflow: hidden;\" viewBox=\"0 0 1024 1024\"\n                                                      version=\"1.1\" xmlns=\"http:\/\/www.w3.org\/2000\/svg\">\n                                                      <path d=\"M4.43392 97.36192l90.5088-90.5088 923.18976 923.18976-90.5088 90.5088-923.18976-923.18976ZM930.04288 4.43392l90.5088 90.5088-923.18976 923.18976-90.5088-90.5088 923.18976-923.18976Z\"\/>\n                                                 <\/svg>\n                                             <\/button><h2>F\u00e5 Ormcos m\u00e5natliga nyhetsbrev i din inkorg<\/h2>\n<\/div><div class=\"modal-body\"><script charset=\"utf-8\" type=\"text\/javascript\" src=\"\/\/js.hsforms.net\/forms\/v2.js\"><\/script>\n                                <script>\n                                    hbspt.forms.create({\n                                       portalId: \"\",\n                                       formId: \"1a19e379-20ca-40d6-bdd8-05fcf3265938\",\n                                    });\n                                <\/script><\/div><\/div><\/div><\/div>[\/vc_column][\/vc_row][\/vc_section][vc_section][vc_row][vc_column][vc_column_text]<\/p>\n<h2><span style=\"color: #0e1e4c;\">Hur ser framtiden ut?<\/span><\/h2>\n<p><span class=\"ormco-underline\">\u00a0\u00a0<\/span>[\/vc_column_text][vc_empty_space height=&#8221;40px&#8221;][\/vc_column][\/vc_row][vc_row][vc_column width=&#8221;1\/2&#8243;][vc_column_text]<span class=\"text-secondary\">Vi tycker fortfarande att det \u00e4r sp\u00e4nnande med den h\u00e4r fr\u00e5gan eftersom framtiden inte \u00e4r given. Det finns alltid en k\u00e4nsla av m\u00f6jlighet.<\/span><\/p>\n<p><span class=\"text-secondary\">N\u00e4r framtiden driver dig str\u00e4var du alltid efter att r\u00e4tta till ett fel, att g\u00e5 fram\u00e5t, att ta ledningen. Det handlar om st\u00e4ndig f\u00f6rb\u00e4ttring.<\/span><\/p>\n<p><span class=\"text-secondary\">Ortodonti fascinerar oss. V\u00e5r framtid handlar om att hj\u00e4lpa ortodontister som du att st\u00e4rka patienterna. Vi ut\u00f6kar m\u00f6jligheterna inom ortodonti med nya l\u00f6sningar som kan f\u00f6r\u00e4ndra en patients liv.<\/span><\/p>\n<p><span class=\"text-secondary\">V\u00e5ra kunder v\u00e4rdes\u00e4tter den felfria kvalitet som Ormco tillhandah\u00e5ller och v\u00e5r f\u00f6rm\u00e5ga att inf\u00f6rliva deras feedback i b\u00e4ttre, mer optimala produkter. Vi hj\u00e4lper dig att f\u00f6rst\u00e5 alla dina patienter s\u00e5 att du kan erbjuda l\u00f6sningar som \u00e4r exakt anpassade till deras behov.<\/span>[\/vc_column_text][\/vc_column][vc_column width=&#8221;1\/2&#8243;][vc_column_text]<span class=\"text-secondary\">Ormco har utvecklats till en av branschens mest betydande akt\u00f6rer, med ett brett utbud av innovativa produkter f\u00f6r ett brett spektrum av anv\u00e4ndningsomr\u00e5den. Vi \u00e4r stolta \u00f6ver de 60 \u00e5r som vi har varit en viktig partner f\u00f6r ortodontibranschen i alla kontaktpunkter. Fr\u00e5n teknik till utbildning, design och tillverkning &#8211; v\u00e5ra innovativa l\u00f6sningar har f\u00f6rb\u00e4ttrat v\u00e5ra kunders och deras patienters liv.<\/span><\/p>\n<p><span class=\"text-secondary\">Vi vet vilken skillnad ett leende kan g\u00f6ra och \u00e4r fast beslutna att definiera framtiden f\u00f6r ortodonti f\u00f6r att hj\u00e4lpa dig att leverera r\u00e4tt behandling med den kortaste tidsramen och de b\u00e4sta resultaten.<\/span><\/p>\n<p><span class=\"text-secondary\">Vi har gjort det till v\u00e5r uppgift att ligga steget f\u00f6re. Inte bara f\u00f6r att du ska kunna leverera leenden idag, utan ocks\u00e5 f\u00f6r att du ska f\u00e5 tillg\u00e5ng till de innovationer som kommer att hj\u00e4lpa dig att leverera morgondagens leenden.<\/span><\/p>\n<p><span class=\"text-secondary\">Vi utbildar dig, vi st\u00e5r vid din sida &#8211; vi hj\u00e4lper dig att f\u00f6r\u00e4ndra liv.<\/span><\/p>\n<p><span class=\"text-secondary\"><strong>Ormco &#8211; Tillsammans driver vi framtiden inom ortodonti<\/strong><\/span>[\/vc_column_text][\/vc_column][\/vc_row][vc_row][vc_column][vc_empty_space height=&#8221;60px&#8221;][\/vc_column][\/vc_row][\/vc_section]<\/p>\n<\/div>","protected":false},"excerpt":{"rendered":"<p>[vc_section full_width=&#8221;stretch_row_content&#8221; el_class=&#8221;no-margin&#8221;][vc_row full_width=&#8221;stretch_row_content_no_spaces&#8221;][vc_column][\/vc_column][\/vc_row][\/vc_section][vc_section][vc_row equal_height=&#8221;yes&#8221; content_placement=&#8221;middle&#8221;][vc_column width=&#8221;1\/2&#8243;][vc_column_text] \u00d6ver 60 \u00e5r av leenden \u00a0\u00a0 I \u00f6ver 60 \u00e5r har vi varit inriktade p\u00e5 att hj\u00e4lpa dig att leverera b\u00e4sta m\u00f6jliga upplevelse till dina pasienter och samarbeta med dig f\u00f6r att b\u00e4ttre f\u00f6rst\u00e5 dina behov och utmaningar. Med fokus p\u00e5 innovation inspirerad av dig och en inst\u00e4llning [&hellip;]<\/p>\n","protected":false},"author":2,"featured_media":0,"parent":153,"menu_order":4,"comment_status":"closed","ping_status":"closed","template":"template-contenido.php","meta":{"_acf_changed":false,"inline_featured_image":false,"footnotes":""},"class_list":["post-154","page","type-page","status-publish","hentry"],"acf":[],"_links":{"self":[{"href":"https:\/\/ormcoeurope.com\/se\/wp-json\/wp\/v2\/pages\/154","targetHints":{"allow":["GET"]}}],"collection":[{"href":"https:\/\/ormcoeurope.com\/se\/wp-json\/wp\/v2\/pages"}],"about":[{"href":"https:\/\/ormcoeurope.com\/se\/wp-json\/wp\/v2\/types\/page"}],"author":[{"embeddable":true,"href":"https:\/\/ormcoeurope.com\/se\/wp-json\/wp\/v2\/users\/2"}],"replies":[{"embeddable":true,"href":"https:\/\/ormcoeurope.com\/se\/wp-json\/wp\/v2\/comments?post=154"}],"version-history":[{"count":5,"href":"https:\/\/ormcoeurope.com\/se\/wp-json\/wp\/v2\/pages\/154\/revisions"}],"predecessor-version":[{"id":3237,"href":"https:\/\/ormcoeurope.com\/se\/wp-json\/wp\/v2\/pages\/154\/revisions\/3237"}],"up":[{"embeddable":true,"href":"https:\/\/ormcoeurope.com\/se\/wp-json\/wp\/v2\/pages\/153"}],"wp:attachment":[{"href":"https:\/\/ormcoeurope.com\/se\/wp-json\/wp\/v2\/media?parent=154"}],"curies":[{"name":"wp","href":"https:\/\/api.w.org\/{rel}","templated":true}]}}