{"id":5,"date":"2016-03-02T15:56:34","date_gmt":"2016-03-02T15:56:34","guid":{"rendered":"https:\/\/ormcoeurope.com\/?page_id=5"},"modified":"2025-05-07T18:37:13","modified_gmt":"2025-05-07T18:37:13","slug":"inicio","status":"publish","type":"page","link":"https:\/\/ormcoeurope.com\/se\/","title":{"rendered":"Home"},"content":{"rendered":"<div class=\"wpb-content-wrapper\"><p>[vc_section full_width=&#8221;stretch_row_content&#8221; el_class=&#8221;no-margin&#8221;][vc_row full_width=&#8221;stretch_row_content_no_spaces&#8221;][vc_column]<div class=\"banner   layout--content-right\" id=\"\" style=\"background-color: #0e1e4c\"><div class=\"banner-media visible-xs visible-sm\"><img loading=\"lazy\" decoding=\"async\" width=\"1024\" height=\"683\" src=\"https:\/\/ormcoeurope.com\/se\/wp-content\/uploads\/sites\/35\/2024\/01\/Homepage-header-1024x683.jpeg\" class=\"attachment-large size-large\" alt=\"\" srcset=\"https:\/\/ormcoeurope.com\/se\/wp-content\/uploads\/sites\/35\/2024\/01\/Homepage-header-1024x683.jpeg 1024w, https:\/\/ormcoeurope.com\/se\/wp-content\/uploads\/sites\/35\/2024\/01\/Homepage-header-300x200.jpeg 300w, https:\/\/ormcoeurope.com\/se\/wp-content\/uploads\/sites\/35\/2024\/01\/Homepage-header-768x512.jpeg 768w, https:\/\/ormcoeurope.com\/se\/wp-content\/uploads\/sites\/35\/2024\/01\/Homepage-header-1536x1025.jpeg 1536w, https:\/\/ormcoeurope.com\/se\/wp-content\/uploads\/sites\/35\/2024\/01\/Homepage-header-2048x1366.jpeg 2048w, https:\/\/ormcoeurope.com\/se\/wp-content\/uploads\/sites\/35\/2024\/01\/Homepage-header-660x440.jpeg 660w, https:\/\/ormcoeurope.com\/se\/wp-content\/uploads\/sites\/35\/2024\/01\/Homepage-header-100x67.jpeg 100w\" sizes=\"auto, (max-width: 1024px) 100vw, 1024px\" \/><\/div><div class=\"banner-media visible-md visible-lg\"><img loading=\"lazy\" decoding=\"async\" width=\"2560\" height=\"1708\" src=\"https:\/\/ormcoeurope.com\/se\/wp-content\/uploads\/sites\/35\/2024\/01\/Homepage-header-scaled.jpeg\" class=\"attachment-full size-full\" alt=\"\" srcset=\"https:\/\/ormcoeurope.com\/se\/wp-content\/uploads\/sites\/35\/2024\/01\/Homepage-header-scaled.jpeg 2560w, https:\/\/ormcoeurope.com\/se\/wp-content\/uploads\/sites\/35\/2024\/01\/Homepage-header-300x200.jpeg 300w, https:\/\/ormcoeurope.com\/se\/wp-content\/uploads\/sites\/35\/2024\/01\/Homepage-header-1024x683.jpeg 1024w, https:\/\/ormcoeurope.com\/se\/wp-content\/uploads\/sites\/35\/2024\/01\/Homepage-header-768x512.jpeg 768w, https:\/\/ormcoeurope.com\/se\/wp-content\/uploads\/sites\/35\/2024\/01\/Homepage-header-1536x1025.jpeg 1536w, https:\/\/ormcoeurope.com\/se\/wp-content\/uploads\/sites\/35\/2024\/01\/Homepage-header-2048x1366.jpeg 2048w, https:\/\/ormcoeurope.com\/se\/wp-content\/uploads\/sites\/35\/2024\/01\/Homepage-header-660x440.jpeg 660w, https:\/\/ormcoeurope.com\/se\/wp-content\/uploads\/sites\/35\/2024\/01\/Homepage-header-100x67.jpeg 100w\" sizes=\"auto, (max-width: 2560px) 100vw, 2560px\" \/><\/div><div class=\"container\" ><div class=\"banner-content content-wrap\" ><div class=\"content content--white\" ><h1>Kraften i ett<br \/>\nvackert leende<\/h1>\n<p><span class=\"ormco-underline\">\u00a0\u00a0<\/span><\/p>\n<p>P\u00e5 Ormco har vi gjort det till v\u00e5rt uppdrag att f\u00f6rst\u00e5 leenden. Vi \u00e4r utelsutande fokuserade p\u00e5 de innovationer som \u00e4r framtiden f\u00f6r din praktik &#8211; vi hj\u00e4lper dig att f\u00f6r\u00e4ndra liv.<\/p>\n<\/div><div class=\"mt-30\"><div class=\"vc_btn3-container vc_btn3-inline\"><a href=\"https:\/\/ormcoeurope.com\/se\/products\/\" class=\"vc_general vc_btn3 vc_btn3-size-md vc_btn3-style-btn vc_btn3-color-primary \" target=\"\">Utforska produkter<\/a><\/div><\/div><\/div><\/div><\/div>[\/vc_column][\/vc_row][\/vc_section][vc_section full_width=&#8221;stretch_row&#8221; css=&#8221;.vc_custom_1702894740302{margin-top: 0px !important;background-color: #f2f1ec !important;}&#8221;][vc_row content_placement=&#8221;middle&#8221;][vc_column width=&#8221;1\/2&#8243;][vc_single_image image=&#8221;3101&#8243; img_size=&#8221;480X480&#8243; alignment=&#8221;center&#8221;][\/vc_column][vc_column width=&#8221;1\/2&#8243;][vc_column_text]<\/p>\n<h2><span style=\"color: #0e1e4c;\">60 \u00e5r. Endast ortodonti.<\/span><\/h2>\n<p><span class=\"ormco-underline\">\u00a0\u00a0<\/span><\/p>\n<p><span style=\"color: #0e1e4c;\">Ormco ligger bakom \u00f6ver 60 \u00e5r av ortodontisk innovation. Men kanske viktigast av allt \u00e4r att vi st\u00e5r bakom dig &#8211; och hj\u00e4lper dig att ge patienterna b\u00e4sta m\u00f6jliga resultat bakom vart och ett av deras unika leenden.<\/span>[\/vc_column_text][vc_empty_space height=&#8221;20&#8243;][vc_btn title=&#8221;Uppt\u00e4ck Ormco&#8221; style=&#8221;link&#8221; color=&#8221;secondary&#8221; i_align=&#8221;right&#8221; i_icon_fontawesome=&#8221;fas fa-angle-right&#8221; add_icon=&#8221;true&#8221; link=&#8221;url:https%3A%2F%2Formcoeurope.com%2Fse%2Formco%2Fmission%2F|title:Mission&#8221;][\/vc_column][\/vc_row][\/vc_section][vc_section][vc_row][vc_column]<div class=\"section-header\">\n                                <div class=\"content content--default\">\n                                    <h2 style=\"text-align: center;\"><span style=\"color: #0e1e4c;\">En produkt f\u00f6r varje patient<\/span><\/h2>\n<p style=\"text-align: center;\"><span class=\"ormco-underline\">\u00a0\u00a0<\/span><\/p>\n<p style=\"text-align: center;\"><span style=\"color: #0e1e4c;\">Med produkter, tekniker och processer som t\u00e4cker hela bredden i din verksamhet, hj\u00e4lper vi dig med vertyget for att bli b\u00e4ttre p\u00e5 ortodonti, s\u00e5 att du kan hj\u00e4lpa dina patienter med sina nya vackra leenden.<\/span><\/p>\n\n                                <\/div>\n                            <\/div>[\/vc_column][\/vc_row][vc_row full_width=&#8221;stretch_row&#8221;][vc_column width=&#8221;1\/4&#8243;][vc_single_image image=&#8221;3109&#8243; img_size=&#8221;200&#215;200&#8243; alignment=&#8221;center&#8221;][vc_column_text css=&#8221;&#8221;]<\/p>\n<h3 style=\"text-align: center;\"><span style=\"color: #0e1e4c;\">Spark\u2122<\/span><\/h3>\n<p>&nbsp;<\/p>\n<p>[\/vc_column_text][vc_empty_space height=&#8221;20&#8243;][vc_btn title=&#8221;L\u00e4s mer&#8221; style=&#8221;btn&#8221; color=&#8221;primary&#8221; align=&#8221;center&#8221; link=&#8221;url:https%3A%2F%2Formcoeurope.com%2Fse%2Fproducts%2Fspark%2F|title:Spark&#8221;][vc_empty_space height=&#8221;20&#8243;][\/vc_column][vc_column width=&#8221;1\/4&#8243;][vc_single_image image=&#8221;3112&#8243; img_size=&#8221;200&#215;200&#8243; alignment=&#8221;center&#8221;][vc_column_text css=&#8221;&#8221;]<\/p>\n<h3 style=\"text-align: center;\"><span style=\"color: #0e1e4c;\">Damon Ultima\u2122<\/span><\/h3>\n<p>&nbsp;<\/p>\n<p>[\/vc_column_text][vc_empty_space height=&#8221;20&#8243;][vc_btn title=&#8221;L\u00e4s mer&#8221; style=&#8221;btn&#8221; color=&#8221;primary&#8221; align=&#8221;center&#8221; link=&#8221;url:https%3A%2F%2Formcoeurope.com%2Fse%2Fproducts%2Fbrackets%2Fself-ligating%2Fdamon-ultima%2F|title:Damon%20Ultima&#8221;][vc_empty_space height=&#8221;20&#8243;][\/vc_column][vc_column width=&#8221;1\/4&#8243;][vc_single_image image=&#8221;3111&#8243; img_size=&#8221;200&#215;200&#8243; alignment=&#8221;center&#8221;][vc_column_text css=&#8221;&#8221;]<\/p>\n<h3 style=\"text-align: center;\"><span style=\"color: #0e1e4c;\">Symetri\u2122<\/span><\/h3>\n<p>&nbsp;<\/p>\n<p>[\/vc_column_text][vc_empty_space height=&#8221;20&#8243;][vc_btn title=&#8221;L\u00e4s mer&#8221; style=&#8221;btn&#8221; color=&#8221;primary&#8221; align=&#8221;center&#8221; link=&#8221;url:https%3A%2F%2Formcoeurope.com%2Fse%2Fproducts%2Fbrackets%2Faestheic%2Fsymetri%2F|title:Symetri&#8221;][vc_empty_space height=&#8221;20&#8243;][\/vc_column][vc_column width=&#8221;1\/4&#8243;][vc_single_image image=&#8221;4314&#8243; img_size=&#8221;200&#215;200&#8243; alignment=&#8221;center&#8221; css=&#8221;&#8221;][vc_column_text css=&#8221;&#8221;]<\/p>\n<h3 style=\"text-align: center;\"><span style=\"color: #0e1e4c;\">Ormco\u2122 Digital Bonding<\/span><\/h3>\n<p>[\/vc_column_text][vc_empty_space height=&#8221;20&#8243;][vc_btn title=&#8221;L\u00e4s mer&#8221; style=&#8221;btn&#8221; color=&#8221;primary&#8221; align=&#8221;center&#8221; css=&#8221;&#8221; link=&#8221;url:https%3A%2F%2Formcoeurope.com%2Fse%2Fproducts%2Formco-digital-bonding%2F|title:Ormco%20Digital%20Bonding&#8221;][vc_empty_space height=&#8221;20&#8243;][\/vc_column][\/vc_row][\/vc_section][vc_section css=&#8221;.vc_custom_1702373069520{margin-bottom: 70px !important;}&#8221;][vc_row][vc_column][vc_btn title=&#8221;See all products&#8221; style=&#8221;link&#8221; color=&#8221;secondary&#8221; align=&#8221;center&#8221; i_align=&#8221;right&#8221; i_icon_fontawesome=&#8221;fas fa-angle-right&#8221; add_icon=&#8221;true&#8221; link=&#8221;url:https%3A%2F%2Formcoeurope.com%2Fse%2Fproducts%2F|title:Products&#8221;][\/vc_column][\/vc_row][\/vc_section][vc_section full_width=&#8221;stretch_row&#8221; css=&#8221;.vc_custom_1725870016565{background-image: url(https:\/\/ormcoeurope.com\/se\/wp-content\/uploads\/sites\/35\/2024\/09\/ODB-blue-background-gradient-01-scaled.jpg?id=4313) !important;}&#8221;][vc_row][vc_column][vc_single_image image=&#8221;4312&#8243; img_size=&#8221;medium&#8221; alignment=&#8221;center&#8221; css=&#8221;&#8221;][\/vc_column][\/vc_row][vc_row][vc_column][vc_column_text css=&#8221;&#8221; el_class=&#8221;wpb_text_column&#8211;white&#8221;]<\/p>\n<h2 style=\"text-align: center;\"><span class=\"ormco-underline\">\u00a0\u00a0<\/span><\/h2>\n<h2 style=\"text-align: center;\">Digitally powered clinical excellence<\/h2>\n<p style=\"text-align: center;\">Powered by Spark\u2122 Technology, Ormco\u2122 Digital Bonding combines our best-in-class solutions to achieve bracket position. It leverages Ormco brackets and wires, the Spark Software Platform, and Ormco Jigs Technology to streamline practice workflow.<\/p>\n<p>[\/vc_column_text][vc_single_image image=&#8221;4315&#8243; img_size=&#8221;full&#8221; alignment=&#8221;center&#8221; css_animation=&#8221;appear&#8221; css=&#8221;&#8221;][vc_empty_space height=&#8221;20px&#8221;][vc_btn title=&#8221;Mer om Ormco Digital Bonding&#8221; style=&#8221;btn&#8221; color=&#8221;primary&#8221; align=&#8221;center&#8221; css=&#8221;&#8221; link=&#8221;url:https%3A%2F%2Formcoeurope.com%2Fse%2Fproducts%2Formco-digital-bonding%2F|title:Ormco%20Digital%20Bonding&#8221;][\/vc_column][\/vc_row][\/vc_section][vc_section full_width=&#8221;stretch_row&#8221; css=&#8221;.vc_custom_1703167117629{background-color: #4ec3e0 !important;}&#8221; el_class=&#8221;no-margin&#8221;][vc_row][vc_column][vc_single_image image=&#8221;3110&#8243; img_size=&#8221;full&#8221; alignment=&#8221;center&#8221; css=&#8221;.vc_custom_1705529749479{margin-bottom: 25px !important;}&#8221;][\/vc_column][\/vc_row][vc_row full_width=&#8221;stretch_row&#8221;][vc_column][vc_column_text el_class=&#8221;wpb_text_column&#8211;white&#8221;]<\/p>\n<p style=\"text-align: center;\"><span class=\"ormco-underline\">\u00a0\u00a0<\/span><\/p>\n<h2 style=\"text-align: center;\">Utformad f\u00f6r ortodontisters behov<\/h2>\n<p style=\"text-align: center;\">Spark \u00e4r ett avancerat clear aligner-system som \u00e4r utformat f\u00f6r mer f\u00f6ruts\u00e4gbar och effektiv behandlingsplanering fr\u00e5n b\u00f6rjan till slut.<\/p>\n<p>[\/vc_column_text][vc_single_image image=&#8221;3108&#8243; img_size=&#8221;large&#8221; alignment=&#8221;center&#8221;][vc_empty_space height=&#8221;20&#8243;][vc_btn title=&#8221;Mer om Spark&#8221; style=&#8221;btn&#8221; color=&#8221;primary&#8221; align=&#8221;center&#8221; link=&#8221;url:https%3A%2F%2Formcoeurope.com%2Fse%2Fproducts%2Fspark-2024%2F|title:Spark&#8221;][\/vc_column][\/vc_row][\/vc_section][vc_section full_width=&#8221;stretch_row&#8221; css=&#8221;.vc_custom_1702308552432{background-color: #0e1e4c !important;}&#8221; el_class=&#8221;no-margin&#8221;][vc_row el_class=&#8221;layout&#8211;content-left&#8221;][vc_column][vc_column_text el_class=&#8221;wpb_text_column&#8211;white&#8221;]<\/p>\n<h2 style=\"text-align: left;\">Elevate your practice &amp; become a provider today.<\/h2>\n<p style=\"text-align: left;\">The time is now!<\/p>\n<p>[\/vc_column_text][vc_empty_space height=&#8221;20&#8243;]<div class=\"vc_btn3-container vc_btn3-inline\">\n                                            <button type=\"button\" class=\"vc_general vc_btn3 vc_btn3-size-md vc_btn3-style-btn vc_btn3-color-primary\"\n                                                    data-toggle=\"modal\" data-target=\"#modal-start-today-469\">Start today<\/button><\/div><div class=\"modal fade\" id=\"modal-start-today-469\" tabindex=\"-1\"\n                                 aria-labelledby=\"start-today-469\" aria-hidden=\"true\">\n                                <div class=\"modal-dialog modal-dialog-centered\">\n                                    <div class=\"modal-content content content--default\">\n                                        <div class=\"modal-header\">\n                                             <button type=\"button\" class=\"close\" data-dismiss=\"modal\" aria-label=\"Close\">\n                                                 <svg class=\"svg-icon\" style=\"fill: #666666; overflow: hidden;\" viewBox=\"0 0 1024 1024\"\n                                                      version=\"1.1\" xmlns=\"http:\/\/www.w3.org\/2000\/svg\">\n                                                      <path d=\"M4.43392 97.36192l90.5088-90.5088 923.18976 923.18976-90.5088 90.5088-923.18976-923.18976ZM930.04288 4.43392l90.5088 90.5088-923.18976 923.18976-90.5088-90.5088 923.18976-923.18976Z\"\/>\n                                                 <\/svg>\n                                             <\/button><h2>Start today<\/h2>\n<\/div><div class=\"modal-body\"><script charset=\"utf-8\" type=\"text\/javascript\" src=\"\/\/js.hsforms.net\/forms\/v2.js\"><\/script>\n                                <script>\n                                    hbspt.forms.create({\n                                       portalId: \"\",\n                                       formId: \"c7fbac51-e133-4999-a3bb-6e3321e85923\",\n                                    });\n                                <\/script><\/div><\/div><\/div><\/div>[\/vc_column][\/vc_row][\/vc_section][vc_section full_width=&#8221;stretch_row&#8221; css=&#8221;.vc_custom_1702373029038{background-color: #f2f1ec !important;}&#8221; el_class=&#8221;no-margin&#8221;][vc_row][vc_column width=&#8221;1\/2&#8243;][vc_empty_space height=&#8221;70&#8243;][vc_column_text]<\/p>\n<h2><span style=\"color: #0e1e4c;\">Utbilda och lyfta<\/span><\/h2>\n<p><span class=\"ormco-underline\">\u00a0\u00a0<\/span><\/p>\n<p><span style=\"color: #0e1e4c;\">En stor del av det vi g\u00f6r hos Ormco \u00e4r att utbilda ortodontister om vad som \u00e4r n\u00e4sta steg f\u00f6r deras praktik. F\u00f6lj med oss till en av v\u00e5ra l\u00e4ringsarenor d\u00e4r vi introducerar dig till framtiden f\u00f6r din praktik.<\/span>[\/vc_column_text][vc_empty_space height=&#8221;20&#8243;][vc_btn title=&#8221;Uppt\u00e4ck v\u00e5r utbildning&#8221; style=&#8221;btn&#8221; color=&#8221;secondary&#8221; link=&#8221;url:https%3A%2F%2Formcoeurope.com%2Fse%2Feducation%2F|title:Education&#8221;][\/vc_column][vc_column width=&#8221;1\/2&#8243;][vc_single_image image=&#8221;3104&#8243; img_size=&#8221;full&#8221;][\/vc_column][\/vc_row][\/vc_section][vc_section full_width=&#8221;stretch_row&#8221; css=&#8221;.vc_custom_1702308552432{background-color: #0e1e4c !important;}&#8221; el_class=&#8221;no-margin&#8221;][vc_row el_class=&#8221;layout&#8211;content-right&#8221;][vc_column][vc_column_text el_class=&#8221;wpb_text_column&#8211;white&#8221;]<\/p>\n<h2>F\u00e5 Ormcos m\u00e5natliga nyhetsbrev i din inkorg<\/h2>\n<p>Varje m\u00e5nad skickar vi ett nyhetsbrev med den senaste produktutvecklingen, case studier och kommande utbildningsevenemang![\/vc_column_text][vc_empty_space height=&#8221;20&#8243;]<div class=\"vc_btn3-container vc_btn3-inline\">\n                                            <button type=\"button\" class=\"vc_general vc_btn3 vc_btn3-size-md vc_btn3-style-btn vc_btn3-color-primary\"\n                                                    data-toggle=\"modal\" data-target=\"#modal-prenumerera-nu-684\">Prenumerera nu<\/button><\/div><div class=\"modal fade\" id=\"modal-prenumerera-nu-684\" tabindex=\"-1\"\n                                 aria-labelledby=\"prenumerera-nu-684\" aria-hidden=\"true\">\n                                <div class=\"modal-dialog modal-dialog-centered\">\n                                    <div class=\"modal-content content content--default\">\n                                        <div class=\"modal-header\">\n                                             <button type=\"button\" class=\"close\" data-dismiss=\"modal\" aria-label=\"Close\">\n                                                 <svg class=\"svg-icon\" style=\"fill: #666666; overflow: hidden;\" viewBox=\"0 0 1024 1024\"\n                                                      version=\"1.1\" xmlns=\"http:\/\/www.w3.org\/2000\/svg\">\n                                                      <path d=\"M4.43392 97.36192l90.5088-90.5088 923.18976 923.18976-90.5088 90.5088-923.18976-923.18976ZM930.04288 4.43392l90.5088 90.5088-923.18976 923.18976-90.5088-90.5088 923.18976-923.18976Z\"\/>\n                                                 <\/svg>\n                                             <\/button><h2>F\u00e5 Ormcos m\u00e5natliga nyhetsbrev i din inkorg<\/h2>\n<\/div><div class=\"modal-body\"><script charset=\"utf-8\" type=\"text\/javascript\" src=\"\/\/js.hsforms.net\/forms\/v2.js\"><\/script>\n                                <script>\n                                    hbspt.forms.create({\n                                       portalId: \"\",\n                                       formId: \"1a19e379-20ca-40d6-bdd8-05fcf3265938\",\n                                    });\n                                <\/script><\/div><\/div><\/div><\/div>[\/vc_column][\/vc_row][\/vc_section][vc_row][vc_column][vc_empty_space height=&#8221;40px&#8221;][vc_column_text]<\/p>\n<h2 class=\"cvGsUA direction-ltr align-center para-style-body\"><span class=\"OYPEnA text-decoration-none text-strikethrough-none\" style=\"color: #0e1e4c;\">Our results<\/span><\/h2>\n<p>[\/vc_column_text][vc_empty_space height=&#8221;40px&#8221;][\/vc_column][\/vc_row][vc_row][vc_column width=&#8221;1\/3&#8243; offset=&#8221;vc_hidden-sm vc_hidden-xs&#8221;][vc_single_image image=&#8221;3102&#8243; alignment=&#8221;center&#8221; style=&#8221;vc_box_circle_2&#8243;][vc_empty_space][vc_column_text]<\/p>\n<h4><span class=\"text-spark\" style=\"color: #0e1e4c;\">61 weeks of treatment<\/span><\/h4>\n<p>Type of malocclusion:<br \/>\nopen bite case<\/p>\n<p>Treated by: Dr Diego Peydro[\/vc_column_text][vc_empty_space][vc_btn title=&#8221;Go to the case gallery&#8221; style=&#8221;btn&#8221; color=&#8221;primary&#8221; css=&#8221;&#8221; link=&#8221;url:https%3A%2F%2Formcoeurope.com%2Fse%2Fcase-reports%2F|title:Case%20reports&#8221;][\/vc_column][vc_column width=&#8221;2\/3&#8243;]<div class=\"before-after\"><div class=\"ba-slider\" data-component=\"ba-slider\">\n                                <div class=\"slider\">\n                                    <label for=\"slider-range\" class=\"slider-label\">Move image comparison slider<\/label>\n                                    <input type=\"range\" min=\"0\" max=\"100\" value=\"50\" class=\"slider-range\" id=\"slider-range\" data-ba-range=\"\">\n                                    <div class=\"slide slide--overlay\" data-ba-overlay=\"\">\n                                         <figure class=\"slide-figure slide-figure--overlay\">\n                                            <img loading=\"lazy\" decoding=\"async\" width=\"1460\" height=\"730\" src=\"https:\/\/ormcoeurope.com\/se\/wp-content\/uploads\/sites\/35\/2024\/01\/Our-results-Before-openbite-teeth-1.jpg\" class=\"attachment-before-after size-before-after\" alt=\"\" srcset=\"https:\/\/ormcoeurope.com\/se\/wp-content\/uploads\/sites\/35\/2024\/01\/Our-results-Before-openbite-teeth-1.jpg 1460w, https:\/\/ormcoeurope.com\/se\/wp-content\/uploads\/sites\/35\/2024\/01\/Our-results-Before-openbite-teeth-1-300x150.jpg 300w, https:\/\/ormcoeurope.com\/se\/wp-content\/uploads\/sites\/35\/2024\/01\/Our-results-Before-openbite-teeth-1-1024x512.jpg 1024w, https:\/\/ormcoeurope.com\/se\/wp-content\/uploads\/sites\/35\/2024\/01\/Our-results-Before-openbite-teeth-1-768x384.jpg 768w, https:\/\/ormcoeurope.com\/se\/wp-content\/uploads\/sites\/35\/2024\/01\/Our-results-Before-openbite-teeth-1-100x50.jpg 100w\" sizes=\"auto, (max-width: 1460px) 100vw, 1460px\" \/>\n                                            <figcaption class=\"slide-caption slide-caption--before\">\n                                                  <span>Before<\/span>\n                                             <\/figcaption>\n                                         <\/figure>\n                                    <\/div>\n                                    <div class=\"slide-toggle\" data-ba-toggle=\"\">\n                                        <span class=\"slide-thumb\">\n                                           <svg xmlns=\"http:\/\/www.w3.org\/2000\/svg\" width=\"18\" height=\"10\"\n                                                viewBox=\"0 0 18 10\" fill=\"#fff\">\n                                              <path d=\"M12.121 4.703V.488c0-.302.384-.454.609-.24l4.42 4.214a.33.33 0 0 1 0 .481l-4.42 4.214c-.225.215-.609.063-.609-.24V4.703z\"><\/path>\n                                              <path d=\"M5.879 4.703V.488c0-.302-.384-.454-.609-.24L.85 4.462a.33.33 0 0 0 0 .481l4.42 4.214c.225.215.609.063.609-.24V4.703z\"><\/path>\n                                           <\/svg>\n                                        <\/span>\n                                    <\/div>\n                                    <div class=\"slide\">\n                                       <figure class=\"slide-figure\">\n                                            <img loading=\"lazy\" decoding=\"async\" width=\"1460\" height=\"730\" src=\"https:\/\/ormcoeurope.com\/se\/wp-content\/uploads\/sites\/35\/2024\/01\/Our-results-After-openbite-teeth-1.jpg\" class=\"attachment-before-after size-before-after\" alt=\"\" srcset=\"https:\/\/ormcoeurope.com\/se\/wp-content\/uploads\/sites\/35\/2024\/01\/Our-results-After-openbite-teeth-1.jpg 1460w, https:\/\/ormcoeurope.com\/se\/wp-content\/uploads\/sites\/35\/2024\/01\/Our-results-After-openbite-teeth-1-300x150.jpg 300w, https:\/\/ormcoeurope.com\/se\/wp-content\/uploads\/sites\/35\/2024\/01\/Our-results-After-openbite-teeth-1-1024x512.jpg 1024w, https:\/\/ormcoeurope.com\/se\/wp-content\/uploads\/sites\/35\/2024\/01\/Our-results-After-openbite-teeth-1-768x384.jpg 768w, https:\/\/ormcoeurope.com\/se\/wp-content\/uploads\/sites\/35\/2024\/01\/Our-results-After-openbite-teeth-1-100x50.jpg 100w\" sizes=\"auto, (max-width: 1460px) 100vw, 1460px\" \/>\n                                            <figcaption class=\"slide-caption slide-caption--after\">\n                                                <span>After<\/span>\n                                            <\/figcaption>\n                                        <\/figure>\n                                    <\/div>\n                                <\/div>\n                           <\/div><\/div>[\/vc_column][\/vc_row][vc_row][vc_column][vc_empty_space height=&#8221;40px&#8221;][\/vc_column][\/vc_row]<\/p>\n<\/div>","protected":false},"excerpt":{"rendered":"<p>[vc_section full_width=&#8221;stretch_row_content&#8221; el_class=&#8221;no-margin&#8221;][vc_row full_width=&#8221;stretch_row_content_no_spaces&#8221;][vc_column][\/vc_column][\/vc_row][\/vc_section][vc_section full_width=&#8221;stretch_row&#8221; css=&#8221;.vc_custom_1702894740302{margin-top: 0px !important;background-color: #f2f1ec !important;}&#8221;][vc_row content_placement=&#8221;middle&#8221;][vc_column width=&#8221;1\/2&#8243;][vc_single_image image=&#8221;3101&#8243; img_size=&#8221;480X480&#8243; alignment=&#8221;center&#8221;][\/vc_column][vc_column width=&#8221;1\/2&#8243;][vc_column_text] 60 \u00e5r. Endast ortodonti. \u00a0\u00a0 Ormco ligger bakom \u00f6ver 60 \u00e5r av ortodontisk innovation. Men kanske viktigast av allt \u00e4r att vi st\u00e5r bakom dig &#8211; och hj\u00e4lper dig att ge patienterna b\u00e4sta m\u00f6jliga resultat bakom vart och ett [&hellip;]<\/p>\n","protected":false},"author":2,"featured_media":0,"parent":0,"menu_order":3,"comment_status":"closed","ping_status":"closed","template":"template-inicio.php","meta":{"_acf_changed":false,"inline_featured_image":false,"footnotes":""},"class_list":["post-5","page","type-page","status-publish","hentry"],"acf":[],"_links":{"self":[{"href":"https:\/\/ormcoeurope.com\/se\/wp-json\/wp\/v2\/pages\/5","targetHints":{"allow":["GET"]}}],"collection":[{"href":"https:\/\/ormcoeurope.com\/se\/wp-json\/wp\/v2\/pages"}],"about":[{"href":"https:\/\/ormcoeurope.com\/se\/wp-json\/wp\/v2\/types\/page"}],"author":[{"embeddable":true,"href":"https:\/\/ormcoeurope.com\/se\/wp-json\/wp\/v2\/users\/2"}],"replies":[{"embeddable":true,"href":"https:\/\/ormcoeurope.com\/se\/wp-json\/wp\/v2\/comments?post=5"}],"version-history":[{"count":70,"href":"https:\/\/ormcoeurope.com\/se\/wp-json\/wp\/v2\/pages\/5\/revisions"}],"predecessor-version":[{"id":4817,"href":"https:\/\/ormcoeurope.com\/se\/wp-json\/wp\/v2\/pages\/5\/revisions\/4817"}],"wp:attachment":[{"href":"https:\/\/ormcoeurope.com\/se\/wp-json\/wp\/v2\/media?parent=5"}],"curies":[{"name":"wp","href":"https:\/\/api.w.org\/{rel}","templated":true}]}}